{"id":5847,"date":"2023-05-04T01:05:02","date_gmt":"2023-05-03T23:05:02","guid":{"rendered":"https:\/\/thilomuster.info\/?page_id=5847"},"modified":"2025-03-01T13:13:38","modified_gmt":"2025-03-01T12:13:38","slug":"compositions","status":"publish","type":"page","link":"https:\/\/thilomuster.info\/en\/compositions\/","title":{"rendered":"Compositions"},"content":{"rendered":"<p><span style=\"text-decoration: underline;\"><strong>Most important compositions<\/strong><\/span><\/p>\n<ul>\n<li><strong>Big Ben<\/strong> for piano 6-hands (2002), 3&#8217;00&#8221; <br \/>Premiere for the 40th anniversary of the music school Arlesheim, 2002\n<\/li>\n<li><strong>Adagietto et fugue sur un th\u00e8me populaire finlandais<\/strong> for organ (2007), 6&#8217;30&#8221; <br \/>Pour Guy Bovet \u00e0 l&#8217;occasion de son 65e anniversaire<\/li>\n<li><strong>Tango Lounatole<\/strong> for flute and accordion (2008), 1&#8217;40&#8221;\n<\/li>\n<li><strong>Preludio<\/strong> for guitar (2012), 2&#8217;20&#8221;\n<\/li>\n<li><strong>Saudade<\/strong> for two melody instruments\/accordion and guitar (2012), 2&#8217;40&#8221; <br \/>Premiere Musikakademie Basel, 2012\n<\/li>\n<li><strong>Christmas Carols<\/strong> for variable instrumentation (2010-2017): <br \/><strong><em>Entre le boeuf et l&#8217;\u00e2ne gris<\/em><\/strong> for flute, violin, melody instrument and piano four hands (2010) <br \/><strong><em>Stille Nacht &#8211; Vom Himmel hoch<\/em><\/strong>, Quodlibet for violin and accordion (2012)<br \/><strong><em>Les anges dans nos campagnes<\/em><\/strong> for glockenspiel, violin, accordion, soprano solo, children&#8217;s choir and organ (2013) <br \/>Premiere Stadtkirche Lenzburg, 2013 <br \/><strong><em>Voici trois boh\u00e9miens<\/em><\/strong> for violin, guitar and four voices (2014) <br \/><strong><em>God rest you merry, Gentlemen<\/em><\/strong> for voice and organ (2016) <br \/><strong><em>O come Immanuel<\/em><\/strong> for voice and organ (2017) <br \/>Premiere ref. Church Arlesheim 2017\n<\/li>\n<li><strong>Tango vocalise d&#8217;apr\u00e8s un pr\u00e9lude de Bach<\/strong> for violin, accordion piano and double bass (2017), 3&#8217;40&#8221; <br \/>Premiere ref. Kirche Arlesheim, Good Friday 2021\n<\/li>\n<li><strong>Wanderings<\/strong>, three pieces for organ (2012, revised 2021), 2&#8217;45&#8221; &#8211; 3&#8217;45&#8221; &#8211; 6&#8217;00&#8221; <br \/><em>Prologue: Daybreak &#8211; Meditation at Prime &#8211; Wanderings<\/em> <br \/>For the 300th anniversary of the Cathedral of Fulda <br \/>Premiere Dom zu Fulda, Fraum\u00fcnster Z\u00fcrich, M\u00fcnster Bern, 2012<br \/>Audio: <a href=\"https:\/\/thilomuster.info\/wp-content\/uploads\/2023\/06\/09-Wanderings_-I-Daybreak.m4a\">Daybreak<\/a> \u2013 <a href=\"https:\/\/thilomuster.info\/wp-content\/uploads\/2023\/06\/10-Wanderings_-II-Meditation-at-Prime.m4a\">Meditation at Prime<\/a> \u2013 <a href=\"https:\/\/thilomuster.info\/wp-content\/uploads\/2023\/06\/11-Wanderings_-III-Trials.m4a\">Wanderings<\/a> (all unrevised versions)\n<\/li>\n<li><strong>Cadenza for the organ concerto by Horatio Parker<\/strong> (2021), 1&#8217;40&#8221; <br \/>Premiere Stadtcasino Basel, 22 January 2021<br \/>YouTube-video <a href=\"https:\/\/youtu.be\/pUwY0lctemc\">here<\/a>\n<\/li>\n<li><strong>Bachiana balcanica<\/strong> for organ and symphonic orchestra (2023), 13&#8217;00&#8217;<br \/>Commissioned by Neues Orchester Basel <br \/>Premiere 14 May 2023, Stadtcasino Basel<br \/>YouTube-video <a href=\"https:\/\/youtu.be\/6Anwg4WFgi8\">here<\/a><\/li>\n<li><strong>Berzona \u2013 <\/strong>piccolo capriccio sentimentale for organ and instrument ad. lib. (2023) 2&#8217;30&#8221;<\/li>\n<li><strong>Carillon on<\/strong> <strong>Psalm LXVI \/ XCVIII<\/strong> for organ (2001\/2023) 2&#8217;30&#8221;<\/li>\n<li><strong>Treize\u00a0<\/strong>for percussion-harmonium (2025) 6&#8217;00&#8221; (also versions for piano solo and piano and cello)<br \/>YouTube-video <a href=\"https:\/\/www.youtube.com\/watch?v=IJNoMUD-cQo\">here<\/a><\/li>\n<\/ul>\n<p>Please <a href=\"https:\/\/thilomuster.info\/en\/contact\/\">contact<\/a> me, if you would like to perform a work!<\/p>\n","protected":false},"excerpt":{"rendered":"<p>Most important compositions Big Ben for piano 6-hands (2002), 3&#8217;00&#8221; Premiere for the 40th anniversary of the music school Arlesheim, 2002 Adagietto et fugue sur un th\u00e8me populaire finlandais for organ (2007), 6&#8217;30&#8221; Pour Guy Bovet \u00e0 l&#8217;occasion de son 65e anniversaire Tango Lounatole for flute and accordion (2008), 1&#8217;40&#8221; Preludio for guitar (2012), 2&#8217;20&#8221; [&hellip;]<\/p>\n","protected":false},"author":1,"featured_media":0,"parent":0,"menu_order":0,"comment_status":"closed","ping_status":"closed","template":"","meta":{"_et_pb_use_builder":"","_et_pb_old_content":"","_et_gb_content_width":"","_exactmetrics_skip_tracking":false,"_exactmetrics_sitenote_active":false,"_exactmetrics_sitenote_note":"","_exactmetrics_sitenote_category":0,"footnotes":""},"class_list":["post-5847","page","type-page","status-publish","hentry"],"yoast_head":"<!-- This site is optimized with the Yoast SEO plugin v27.5 - https:\/\/yoast.com\/product\/yoast-seo-wordpress\/ -->\n<title>Compositions - Thilo Muster<\/title>\n<meta name=\"robots\" content=\"index, follow, max-snippet:-1, max-image-preview:large, max-video-preview:-1\" \/>\n<link rel=\"canonical\" href=\"https:\/\/thilomuster.info\/en\/compositions\/\" \/>\n<meta property=\"og:locale\" content=\"en_US\" \/>\n<meta property=\"og:type\" content=\"article\" \/>\n<meta property=\"og:title\" content=\"Compositions - Thilo Muster\" \/>\n<meta property=\"og:description\" content=\"Most important compositions Big Ben for piano 6-hands (2002), 3&#8217;00&#8221; Premiere for the 40th anniversary of the music school Arlesheim, 2002 Adagietto et fugue sur un th\u00e8me populaire finlandais for organ (2007), 6&#8217;30&#8221; Pour Guy Bovet \u00e0 l&#8217;occasion de son 65e anniversaire Tango Lounatole for flute and accordion (2008), 1&#8217;40&#8221; Preludio for guitar (2012), 2&#8217;20&#8221; [&hellip;]\" \/>\n<meta property=\"og:url\" content=\"https:\/\/thilomuster.info\/en\/compositions\/\" \/>\n<meta property=\"og:site_name\" content=\"Thilo Muster\" \/>\n<meta property=\"article:modified_time\" content=\"2025-03-01T12:13:38+00:00\" \/>\n<meta name=\"twitter:card\" content=\"summary_large_image\" \/>\n<meta name=\"twitter:label1\" content=\"Est. reading time\" \/>\n\t<meta name=\"twitter:data1\" content=\"2 minutes\" \/>\n<script type=\"application\/ld+json\" class=\"yoast-schema-graph\">{\"@context\":\"https:\\\/\\\/schema.org\",\"@graph\":[{\"@type\":\"WebPage\",\"@id\":\"https:\\\/\\\/thilomuster.info\\\/en\\\/compositions\\\/\",\"url\":\"https:\\\/\\\/thilomuster.info\\\/en\\\/compositions\\\/\",\"name\":\"Compositions - Thilo Muster\",\"isPartOf\":{\"@id\":\"https:\\\/\\\/thilomuster.info\\\/#website\"},\"datePublished\":\"2023-05-03T23:05:02+00:00\",\"dateModified\":\"2025-03-01T12:13:38+00:00\",\"breadcrumb\":{\"@id\":\"https:\\\/\\\/thilomuster.info\\\/en\\\/compositions\\\/#breadcrumb\"},\"inLanguage\":\"en-US\",\"potentialAction\":[{\"@type\":\"ReadAction\",\"target\":[\"https:\\\/\\\/thilomuster.info\\\/en\\\/compositions\\\/\"]}]},{\"@type\":\"BreadcrumbList\",\"@id\":\"https:\\\/\\\/thilomuster.info\\\/en\\\/compositions\\\/#breadcrumb\",\"itemListElement\":[{\"@type\":\"ListItem\",\"position\":1,\"name\":\"Startseite\",\"item\":\"https:\\\/\\\/thilomuster.info\\\/en\\\/\"},{\"@type\":\"ListItem\",\"position\":2,\"name\":\"Compositions\"}]},{\"@type\":\"WebSite\",\"@id\":\"https:\\\/\\\/thilomuster.info\\\/#website\",\"url\":\"https:\\\/\\\/thilomuster.info\\\/\",\"name\":\"Thilo Muster\",\"description\":\"organist\",\"publisher\":{\"@id\":\"https:\\\/\\\/thilomuster.info\\\/#\\\/schema\\\/person\\\/7ea3a1277f49d680734b680f0669947c\"},\"potentialAction\":[{\"@type\":\"SearchAction\",\"target\":{\"@type\":\"EntryPoint\",\"urlTemplate\":\"https:\\\/\\\/thilomuster.info\\\/?s={search_term_string}\"},\"query-input\":{\"@type\":\"PropertyValueSpecification\",\"valueRequired\":true,\"valueName\":\"search_term_string\"}}],\"inLanguage\":\"en-US\"},{\"@type\":[\"Person\",\"Organization\"],\"@id\":\"https:\\\/\\\/thilomuster.info\\\/#\\\/schema\\\/person\\\/7ea3a1277f49d680734b680f0669947c\",\"name\":\"thilo\",\"image\":{\"@type\":\"ImageObject\",\"inLanguage\":\"en-US\",\"@id\":\"https:\\\/\\\/thilomuster.info\\\/wp-content\\\/uploads\\\/2019\\\/02\\\/Thilo-Muster-Organist-Logo.jpg\",\"url\":\"https:\\\/\\\/thilomuster.info\\\/wp-content\\\/uploads\\\/2019\\\/02\\\/Thilo-Muster-Organist-Logo.jpg\",\"contentUrl\":\"https:\\\/\\\/thilomuster.info\\\/wp-content\\\/uploads\\\/2019\\\/02\\\/Thilo-Muster-Organist-Logo.jpg\",\"width\":300,\"height\":113,\"caption\":\"thilo\"},\"logo\":{\"@id\":\"https:\\\/\\\/thilomuster.info\\\/wp-content\\\/uploads\\\/2019\\\/02\\\/Thilo-Muster-Organist-Logo.jpg\"},\"sameAs\":[\"https:\\\/\\\/thilomuster.info\"]}]}<\/script>\n<!-- \/ Yoast SEO plugin. -->","yoast_head_json":{"title":"Compositions - Thilo Muster","robots":{"index":"index","follow":"follow","max-snippet":"max-snippet:-1","max-image-preview":"max-image-preview:large","max-video-preview":"max-video-preview:-1"},"canonical":"https:\/\/thilomuster.info\/en\/compositions\/","og_locale":"en_US","og_type":"article","og_title":"Compositions - Thilo Muster","og_description":"Most important compositions Big Ben for piano 6-hands (2002), 3&#8217;00&#8221; Premiere for the 40th anniversary of the music school Arlesheim, 2002 Adagietto et fugue sur un th\u00e8me populaire finlandais for organ (2007), 6&#8217;30&#8221; Pour Guy Bovet \u00e0 l&#8217;occasion de son 65e anniversaire Tango Lounatole for flute and accordion (2008), 1&#8217;40&#8221; Preludio for guitar (2012), 2&#8217;20&#8221; [&hellip;]","og_url":"https:\/\/thilomuster.info\/en\/compositions\/","og_site_name":"Thilo Muster","article_modified_time":"2025-03-01T12:13:38+00:00","twitter_card":"summary_large_image","twitter_misc":{"Est. reading time":"2 minutes"},"schema":{"@context":"https:\/\/schema.org","@graph":[{"@type":"WebPage","@id":"https:\/\/thilomuster.info\/en\/compositions\/","url":"https:\/\/thilomuster.info\/en\/compositions\/","name":"Compositions - Thilo Muster","isPartOf":{"@id":"https:\/\/thilomuster.info\/#website"},"datePublished":"2023-05-03T23:05:02+00:00","dateModified":"2025-03-01T12:13:38+00:00","breadcrumb":{"@id":"https:\/\/thilomuster.info\/en\/compositions\/#breadcrumb"},"inLanguage":"en-US","potentialAction":[{"@type":"ReadAction","target":["https:\/\/thilomuster.info\/en\/compositions\/"]}]},{"@type":"BreadcrumbList","@id":"https:\/\/thilomuster.info\/en\/compositions\/#breadcrumb","itemListElement":[{"@type":"ListItem","position":1,"name":"Startseite","item":"https:\/\/thilomuster.info\/en\/"},{"@type":"ListItem","position":2,"name":"Compositions"}]},{"@type":"WebSite","@id":"https:\/\/thilomuster.info\/#website","url":"https:\/\/thilomuster.info\/","name":"Thilo Muster","description":"organist","publisher":{"@id":"https:\/\/thilomuster.info\/#\/schema\/person\/7ea3a1277f49d680734b680f0669947c"},"potentialAction":[{"@type":"SearchAction","target":{"@type":"EntryPoint","urlTemplate":"https:\/\/thilomuster.info\/?s={search_term_string}"},"query-input":{"@type":"PropertyValueSpecification","valueRequired":true,"valueName":"search_term_string"}}],"inLanguage":"en-US"},{"@type":["Person","Organization"],"@id":"https:\/\/thilomuster.info\/#\/schema\/person\/7ea3a1277f49d680734b680f0669947c","name":"thilo","image":{"@type":"ImageObject","inLanguage":"en-US","@id":"https:\/\/thilomuster.info\/wp-content\/uploads\/2019\/02\/Thilo-Muster-Organist-Logo.jpg","url":"https:\/\/thilomuster.info\/wp-content\/uploads\/2019\/02\/Thilo-Muster-Organist-Logo.jpg","contentUrl":"https:\/\/thilomuster.info\/wp-content\/uploads\/2019\/02\/Thilo-Muster-Organist-Logo.jpg","width":300,"height":113,"caption":"thilo"},"logo":{"@id":"https:\/\/thilomuster.info\/wp-content\/uploads\/2019\/02\/Thilo-Muster-Organist-Logo.jpg"},"sameAs":["https:\/\/thilomuster.info"]}]}},"_links":{"self":[{"href":"https:\/\/thilomuster.info\/en\/wp-json\/wp\/v2\/pages\/5847","targetHints":{"allow":["GET"]}}],"collection":[{"href":"https:\/\/thilomuster.info\/en\/wp-json\/wp\/v2\/pages"}],"about":[{"href":"https:\/\/thilomuster.info\/en\/wp-json\/wp\/v2\/types\/page"}],"author":[{"embeddable":true,"href":"https:\/\/thilomuster.info\/en\/wp-json\/wp\/v2\/users\/1"}],"replies":[{"embeddable":true,"href":"https:\/\/thilomuster.info\/en\/wp-json\/wp\/v2\/comments?post=5847"}],"version-history":[{"count":10,"href":"https:\/\/thilomuster.info\/en\/wp-json\/wp\/v2\/pages\/5847\/revisions"}],"predecessor-version":[{"id":6152,"href":"https:\/\/thilomuster.info\/en\/wp-json\/wp\/v2\/pages\/5847\/revisions\/6152"}],"wp:attachment":[{"href":"https:\/\/thilomuster.info\/en\/wp-json\/wp\/v2\/media?parent=5847"}],"curies":[{"name":"wp","href":"https:\/\/api.w.org\/{rel}","templated":true}]}}