{"id":8,"date":"2013-06-27T14:55:48","date_gmt":"2013-06-27T18:22:58","guid":{"rendered":"http:\/\/new.thilomuster.info\/?page_id=8"},"modified":"2015-11-23T11:46:08","modified_gmt":"2015-11-23T10:46:08","slug":"bio","status":"publish","type":"page","link":"https:\/\/thilomuster.info\/en\/bio\/","title":{"rendered":"Bio"},"content":{"rendered":"<p>[et_pb_section admin_label=&#8221;section&#8221; fullwidth=&#8221;on&#8221; specialty=&#8221;off&#8221;][et_pb_fullwidth_slider admin_label=&#8221;Fullwidth Slider&#8221; show_arrows=&#8221;off&#8221; show_pagination=&#8221;off&#8221; auto=&#8221;off&#8221; parallax=&#8221;on&#8221; parallax_method=&#8221;on&#8221;] [et_pb_slide background_color=&#8221;#ffffff&#8221; alignment=&#8221;center&#8221; background_layout=&#8221;dark&#8221; background_image=&#8221;https:\/\/thilomuster.info\/wp-content\/uploads\/2015\/01\/2334458285_c0f04357df_o-e1422305805833.jpg&#8221;]<\/p>\n<h1 style=\"text-align: right;\">Thilo Muster: Bio<\/h1>\n<p>[\/et_pb_slide] [\/et_pb_fullwidth_slider][\/et_pb_section][et_pb_section admin_label=&#8221;section&#8221;][et_pb_row admin_label=&#8221;row&#8221;][et_pb_column type=&#8221;1_3&#8243;][et_pb_image admin_label=&#8221;Image&#8221; src=&#8221;https:\/\/thilomuster.info\/wp-content\/uploads\/2014\/02\/thilo-square-e1394181775472.jpg&#8221; show_in_lightbox=&#8221;off&#8221; url_new_window=&#8221;off&#8221; animation=&#8221;left&#8221; sticky=&#8221;off&#8221;] [\/et_pb_image][et_pb_testimonial admin_label=&#8221;Testimonial&#8221; author=&#8221;Matthew Power&#8221; company_name=&#8221;Choir &amp; Organ&#8221; url_new_window=&#8221;off&#8221; quote_icon=&#8221;on&#8221; use_background_color=&#8221;on&#8221; background_color=&#8221;#f5f5f5&#8243; background_layout=&#8221;light&#8221; text_orientation=&#8221;justified&#8221; portrait_border_radius=&#8221;90&#8243; portrait_width=&#8221;90&#8243; portrait_height=&#8221;90&#8243; body_font_size=&#8221;14&#8243; use_border_color=&#8221;off&#8221; border_color=&#8221;#ffffff&#8221; border_style=&#8221;solid&#8221;]<\/p>\n<p><em>Thilo Muster&#8217;s playing is exemplary and full of expression<\/em><\/p>\n<p>[\/et_pb_testimonial][\/et_pb_column][et_pb_column type=&#8221;2_3&#8243;][et_pb_text admin_label=&#8221;Text&#8221; background_layout=&#8221;light&#8221; text_orientation=&#8221;left&#8221; text_font_size=&#8221;14&#8243; use_border_color=&#8221;off&#8221; border_color=&#8221;#ffffff&#8221; border_style=&#8221;solid&#8221;]<\/p>\n<p>Thilo Muster was born in Germany in 1965. He studied at the Basle Academy of Music (Switzerland) with Peter Efler (piano) and Guy Bovet (organ) and received the Soloist Diploma (organ) in 1992.<\/p>\n<p>He also acknowledges a debt of gratitude to Jordi Savall, G\u00e9rard Wyss, the pianist and Marc Loopuyt, the lutenist, who all gave him invaluable help and advice. It was from Marc Loopuyt that Thilo Muster discovered Arabo-Andalusian traditional music and Flamenco.<\/p>\n<p>He also learned a lot from historic instruments all over Europe on which he had the opportunity to give recitals.<\/p>\n<p>Apart from several CD recordings which have been acclaimed by the international critics, Thilo Muster has also made recordings for the Swiss Radio (DRS and RSI) and for the Estonian Radio, these being complemented by a number of television recordings. It was not long before a preference for the rich organ repertoire of the 17th century became evident. However, this in no way detracts from his willingness to explore other domains whenever the opportunities arise. Recently he recorded a CD with music from the Balkans, of\u00a0Gypsies and Klezmorim with Taragot-player <em>Samuel\u00a0<\/em><i>Freiburghaus.<\/i><\/p>\n<p>Thilo Muster is a regular participant at festivals and concerts all over Europe, some of these being <em>Toulouse les Orgues<\/em>, La Chaise-Dieu, Souvigny, Paris, Gewandhaus zu Leipzig, L\u00fcbeck, Stralsund, Ottobeuren, Wenzelskirche Naumburg, the cathedrals of Dresden, Geneva, Lausanne, Zurich, Berne, Lu\u00e7on, Auxerre. In addition, he takes part in the international organ recitals in Basle, the Festival of Magadino, the Festival of De\u00eca\/Mallorca, the Festival of Tallinn (with the support of the <em>Pro Helvetia<\/em> foundation) and the Lausanne Bach Festival.<\/p>\n<p>Thilo Muster is prizewinner of the international <em>Swiss Organ Competition<\/em> and of the world-renowned Geneva Competition (<em>Concours de Gen\u00e8ve<\/em>). In 1994 he was appointed official organist of Geneva Cathedral, a post he held until 2005. From 1995 to 2003 he has also been the artistic director of the <em>Soci\u00e9t\u00e9 des Concerts Spirituels Gen\u00e8ve<\/em>.<\/p>\n<p>[\/et_pb_text][\/et_pb_column][\/et_pb_row][\/et_pb_section]<\/p>\n","protected":false},"excerpt":{"rendered":"<p>Thilo Muster: Bio Thilo Muster&#8217;s playing is exemplary and full of expression Thilo Muster was born in Germany in 1965. He studied at the Basle Academy of Music (Switzerland) with Peter Efler (piano) and Guy Bovet (organ) and received the Soloist Diploma (organ) in 1992. He also acknowledges a debt of gratitude to Jordi Savall, [&hellip;]<\/p>\n","protected":false},"author":1,"featured_media":0,"parent":0,"menu_order":0,"comment_status":"closed","ping_status":"closed","template":"","meta":{"_et_pb_use_builder":"on","_et_pb_old_content":"","_et_gb_content_width":"","_exactmetrics_skip_tracking":false,"_exactmetrics_sitenote_active":false,"_exactmetrics_sitenote_note":"","_exactmetrics_sitenote_category":0,"footnotes":""},"class_list":["post-8","page","type-page","status-publish","hentry"],"yoast_head":"<!-- This site is optimized with the Yoast SEO plugin v27.5 - https:\/\/yoast.com\/product\/yoast-seo-wordpress\/ -->\n<title>Bio - Thilo Muster<\/title>\n<meta name=\"robots\" content=\"index, follow, max-snippet:-1, max-image-preview:large, max-video-preview:-1\" \/>\n<link rel=\"canonical\" href=\"https:\/\/thilomuster.info\/en\/bio\/\" \/>\n<meta property=\"og:locale\" content=\"en_US\" \/>\n<meta property=\"og:type\" content=\"article\" \/>\n<meta property=\"og:title\" content=\"Bio - Thilo Muster\" \/>\n<meta property=\"og:description\" content=\"Thilo Muster: Bio Thilo Muster&#039;s playing is exemplary and full of expression Thilo Muster was born in Germany in 1965. He studied at the Basle Academy of Music (Switzerland) with Peter Efler (piano) and Guy Bovet (organ) and received the Soloist Diploma (organ) in 1992. He also acknowledges a debt of gratitude to Jordi Savall, [&hellip;]\" \/>\n<meta property=\"og:url\" content=\"https:\/\/thilomuster.info\/en\/bio\/\" \/>\n<meta property=\"og:site_name\" content=\"Thilo Muster\" \/>\n<meta property=\"article:modified_time\" content=\"2015-11-23T10:46:08+00:00\" \/>\n<meta name=\"twitter:card\" content=\"summary_large_image\" \/>\n<meta name=\"twitter:label1\" content=\"Est. reading time\" \/>\n\t<meta name=\"twitter:data1\" content=\"3 minutes\" \/>\n<script type=\"application\/ld+json\" class=\"yoast-schema-graph\">{\"@context\":\"https:\\\/\\\/schema.org\",\"@graph\":[{\"@type\":\"WebPage\",\"@id\":\"https:\\\/\\\/thilomuster.info\\\/en\\\/bio\\\/\",\"url\":\"https:\\\/\\\/thilomuster.info\\\/en\\\/bio\\\/\",\"name\":\"Bio - Thilo Muster\",\"isPartOf\":{\"@id\":\"https:\\\/\\\/thilomuster.info\\\/#website\"},\"datePublished\":\"2013-06-27T18:22:58+00:00\",\"dateModified\":\"2015-11-23T10:46:08+00:00\",\"breadcrumb\":{\"@id\":\"https:\\\/\\\/thilomuster.info\\\/en\\\/bio\\\/#breadcrumb\"},\"inLanguage\":\"en-US\",\"potentialAction\":[{\"@type\":\"ReadAction\",\"target\":[\"https:\\\/\\\/thilomuster.info\\\/en\\\/bio\\\/\"]}]},{\"@type\":\"BreadcrumbList\",\"@id\":\"https:\\\/\\\/thilomuster.info\\\/en\\\/bio\\\/#breadcrumb\",\"itemListElement\":[{\"@type\":\"ListItem\",\"position\":1,\"name\":\"Startseite\",\"item\":\"https:\\\/\\\/thilomuster.info\\\/en\\\/\"},{\"@type\":\"ListItem\",\"position\":2,\"name\":\"Bio\"}]},{\"@type\":\"WebSite\",\"@id\":\"https:\\\/\\\/thilomuster.info\\\/#website\",\"url\":\"https:\\\/\\\/thilomuster.info\\\/\",\"name\":\"Thilo Muster\",\"description\":\"organist\",\"publisher\":{\"@id\":\"https:\\\/\\\/thilomuster.info\\\/#\\\/schema\\\/person\\\/7ea3a1277f49d680734b680f0669947c\"},\"potentialAction\":[{\"@type\":\"SearchAction\",\"target\":{\"@type\":\"EntryPoint\",\"urlTemplate\":\"https:\\\/\\\/thilomuster.info\\\/?s={search_term_string}\"},\"query-input\":{\"@type\":\"PropertyValueSpecification\",\"valueRequired\":true,\"valueName\":\"search_term_string\"}}],\"inLanguage\":\"en-US\"},{\"@type\":[\"Person\",\"Organization\"],\"@id\":\"https:\\\/\\\/thilomuster.info\\\/#\\\/schema\\\/person\\\/7ea3a1277f49d680734b680f0669947c\",\"name\":\"thilo\",\"image\":{\"@type\":\"ImageObject\",\"inLanguage\":\"en-US\",\"@id\":\"https:\\\/\\\/thilomuster.info\\\/wp-content\\\/uploads\\\/2019\\\/02\\\/Thilo-Muster-Organist-Logo.jpg\",\"url\":\"https:\\\/\\\/thilomuster.info\\\/wp-content\\\/uploads\\\/2019\\\/02\\\/Thilo-Muster-Organist-Logo.jpg\",\"contentUrl\":\"https:\\\/\\\/thilomuster.info\\\/wp-content\\\/uploads\\\/2019\\\/02\\\/Thilo-Muster-Organist-Logo.jpg\",\"width\":300,\"height\":113,\"caption\":\"thilo\"},\"logo\":{\"@id\":\"https:\\\/\\\/thilomuster.info\\\/wp-content\\\/uploads\\\/2019\\\/02\\\/Thilo-Muster-Organist-Logo.jpg\"},\"sameAs\":[\"https:\\\/\\\/thilomuster.info\"]}]}<\/script>\n<!-- \/ Yoast SEO plugin. -->","yoast_head_json":{"title":"Bio - Thilo Muster","robots":{"index":"index","follow":"follow","max-snippet":"max-snippet:-1","max-image-preview":"max-image-preview:large","max-video-preview":"max-video-preview:-1"},"canonical":"https:\/\/thilomuster.info\/en\/bio\/","og_locale":"en_US","og_type":"article","og_title":"Bio - Thilo Muster","og_description":"Thilo Muster: Bio Thilo Muster's playing is exemplary and full of expression Thilo Muster was born in Germany in 1965. He studied at the Basle Academy of Music (Switzerland) with Peter Efler (piano) and Guy Bovet (organ) and received the Soloist Diploma (organ) in 1992. He also acknowledges a debt of gratitude to Jordi Savall, [&hellip;]","og_url":"https:\/\/thilomuster.info\/en\/bio\/","og_site_name":"Thilo Muster","article_modified_time":"2015-11-23T10:46:08+00:00","twitter_card":"summary_large_image","twitter_misc":{"Est. reading time":"3 minutes"},"schema":{"@context":"https:\/\/schema.org","@graph":[{"@type":"WebPage","@id":"https:\/\/thilomuster.info\/en\/bio\/","url":"https:\/\/thilomuster.info\/en\/bio\/","name":"Bio - Thilo Muster","isPartOf":{"@id":"https:\/\/thilomuster.info\/#website"},"datePublished":"2013-06-27T18:22:58+00:00","dateModified":"2015-11-23T10:46:08+00:00","breadcrumb":{"@id":"https:\/\/thilomuster.info\/en\/bio\/#breadcrumb"},"inLanguage":"en-US","potentialAction":[{"@type":"ReadAction","target":["https:\/\/thilomuster.info\/en\/bio\/"]}]},{"@type":"BreadcrumbList","@id":"https:\/\/thilomuster.info\/en\/bio\/#breadcrumb","itemListElement":[{"@type":"ListItem","position":1,"name":"Startseite","item":"https:\/\/thilomuster.info\/en\/"},{"@type":"ListItem","position":2,"name":"Bio"}]},{"@type":"WebSite","@id":"https:\/\/thilomuster.info\/#website","url":"https:\/\/thilomuster.info\/","name":"Thilo Muster","description":"organist","publisher":{"@id":"https:\/\/thilomuster.info\/#\/schema\/person\/7ea3a1277f49d680734b680f0669947c"},"potentialAction":[{"@type":"SearchAction","target":{"@type":"EntryPoint","urlTemplate":"https:\/\/thilomuster.info\/?s={search_term_string}"},"query-input":{"@type":"PropertyValueSpecification","valueRequired":true,"valueName":"search_term_string"}}],"inLanguage":"en-US"},{"@type":["Person","Organization"],"@id":"https:\/\/thilomuster.info\/#\/schema\/person\/7ea3a1277f49d680734b680f0669947c","name":"thilo","image":{"@type":"ImageObject","inLanguage":"en-US","@id":"https:\/\/thilomuster.info\/wp-content\/uploads\/2019\/02\/Thilo-Muster-Organist-Logo.jpg","url":"https:\/\/thilomuster.info\/wp-content\/uploads\/2019\/02\/Thilo-Muster-Organist-Logo.jpg","contentUrl":"https:\/\/thilomuster.info\/wp-content\/uploads\/2019\/02\/Thilo-Muster-Organist-Logo.jpg","width":300,"height":113,"caption":"thilo"},"logo":{"@id":"https:\/\/thilomuster.info\/wp-content\/uploads\/2019\/02\/Thilo-Muster-Organist-Logo.jpg"},"sameAs":["https:\/\/thilomuster.info"]}]}},"_links":{"self":[{"href":"https:\/\/thilomuster.info\/en\/wp-json\/wp\/v2\/pages\/8","targetHints":{"allow":["GET"]}}],"collection":[{"href":"https:\/\/thilomuster.info\/en\/wp-json\/wp\/v2\/pages"}],"about":[{"href":"https:\/\/thilomuster.info\/en\/wp-json\/wp\/v2\/types\/page"}],"author":[{"embeddable":true,"href":"https:\/\/thilomuster.info\/en\/wp-json\/wp\/v2\/users\/1"}],"replies":[{"embeddable":true,"href":"https:\/\/thilomuster.info\/en\/wp-json\/wp\/v2\/comments?post=8"}],"version-history":[{"count":0,"href":"https:\/\/thilomuster.info\/en\/wp-json\/wp\/v2\/pages\/8\/revisions"}],"wp:attachment":[{"href":"https:\/\/thilomuster.info\/en\/wp-json\/wp\/v2\/media?parent=8"}],"curies":[{"name":"wp","href":"https:\/\/api.w.org\/{rel}","templated":true}]}}