{"id":1224,"date":"2013-06-27T15:08:15","date_gmt":"2013-06-27T13:08:15","guid":{"rendered":"http:\/\/thilomuster.info\/programmes-projects-2\/"},"modified":"2020-10-22T23:26:29","modified_gmt":"2020-10-22T21:26:29","slug":"programmes-projects","status":"publish","type":"page","link":"https:\/\/thilomuster.info\/fr\/programmes-projects\/","title":{"rendered":"Programmes &#038; Projets"},"content":{"rendered":"<p>[et_pb_section bb_built=\u00a0\u00bb1&Prime; admin_label=\u00a0\u00bbsection\u00a0\u00bb transparent_background=\u00a0\u00bboff\u00a0\u00bb allow_player_pause=\u00a0\u00bboff\u00a0\u00bb inner_shadow=\u00a0\u00bboff\u00a0\u00bb parallax=\u00a0\u00bboff\u00a0\u00bb parallax_method=\u00a0\u00bbon\u00a0\u00bb padding_mobile=\u00a0\u00bboff\u00a0\u00bb make_fullwidth=\u00a0\u00bboff\u00a0\u00bb use_custom_width=\u00a0\u00bboff\u00a0\u00bb width_unit=\u00a0\u00bboff\u00a0\u00bb custom_width_px=\u00a0\u00bb1080px\u00a0\u00bb custom_width_percent=\u00a0\u00bb80%\u00a0\u00bb make_equal=\u00a0\u00bboff\u00a0\u00bb use_custom_gutter=\u00a0\u00bboff\u00a0\u00bb fullwidth=\u00a0\u00bbon\u00a0\u00bb specialty=\u00a0\u00bboff\u00a0\u00bb disabled=\u00a0\u00bboff\u00a0\u00bb custom_padding_tablet=\u00a0\u00bb50px|0|50px|0&Prime; custom_padding_last_edited=\u00a0\u00bbon|desktop\u00a0\u00bb][et_pb_fullwidth_slider admin_label=\u00a0\u00bbFullwidth Slider\u00a0\u00bb show_arrows=\u00a0\u00bbon\u00a0\u00bb show_pagination=\u00a0\u00bbon\u00a0\u00bb auto=\u00a0\u00bboff\u00a0\u00bb auto_speed=\u00a0\u00bb7000&Prime; auto_ignore_hover=\u00a0\u00bboff\u00a0\u00bb parallax=\u00a0\u00bboff\u00a0\u00bb parallax_method=\u00a0\u00bboff\u00a0\u00bb remove_inner_shadow=\u00a0\u00bboff\u00a0\u00bb background_position=\u00a0\u00bbdefault\u00a0\u00bb background_size=\u00a0\u00bbdefault\u00a0\u00bb hide_content_on_mobile=\u00a0\u00bboff\u00a0\u00bb hide_cta_on_mobile=\u00a0\u00bboff\u00a0\u00bb show_image_video_mobile=\u00a0\u00bboff\u00a0\u00bb custom_button=\u00a0\u00bboff\u00a0\u00bb button_text_size=\u00a0\u00bb20&Prime; button_use_icon=\u00a0\u00bbon\u00a0\u00bb button_icon_placement=\u00a0\u00bbright\u00a0\u00bb button_on_hover=\u00a0\u00bbon\u00a0\u00bb button_letter_spacing_hover=\u00a0\u00bb0&Prime; disabled=\u00a0\u00bboff\u00a0\u00bb custom_padding=\u00a0\u00bb|||\u00a0\u00bb custom_padding_tablet=\u00a0\u00bb|||\u00a0\u00bb custom_padding_phone=\u00a0\u00bb|||\u00a0\u00bb show_inner_shadow=\u00a0\u00bbon\u00a0\u00bb show_content_on_mobile=\u00a0\u00bbon\u00a0\u00bb show_cta_on_mobile=\u00a0\u00bbon\u00a0\u00bb][et_pb_slide heading=\u00a0\u00bbProgrammes &amp; Projets\u00a0\u00bb button_link=\u00a0\u00bb#\u00a0\u00bb background_image=\u00a0\u00bbhttps:\/\/thilomuster.info\/wp-content\/uploads\/2013\/06\/DSC0082-e1420841106244.jpeg\u00a0\u00bb background_position=\u00a0\u00bbdefault\u00a0\u00bb background_size=\u00a0\u00bbdefault\u00a0\u00bb background_color=\u00a0\u00bb#ffffff\u00a0\u00bb alignment=\u00a0\u00bbcenter\u00a0\u00bb background_layout=\u00a0\u00bbdark\u00a0\u00bb allow_player_pause=\u00a0\u00bboff\u00a0\u00bb text_border_radius=\u00a0\u00bb3&Prime; disabled=\u00a0\u00bboff\u00a0\u00bb][\/et_pb_slide][\/et_pb_fullwidth_slider][\/et_pb_section][et_pb_section bb_built=\u00a0\u00bb1&Prime; admin_label=\u00a0\u00bbsection\u00a0\u00bb transparent_background=\u00a0\u00bboff\u00a0\u00bb allow_player_pause=\u00a0\u00bboff\u00a0\u00bb inner_shadow=\u00a0\u00bboff\u00a0\u00bb parallax=\u00a0\u00bboff\u00a0\u00bb parallax_method=\u00a0\u00bbon\u00a0\u00bb padding_mobile=\u00a0\u00bboff\u00a0\u00bb make_fullwidth=\u00a0\u00bboff\u00a0\u00bb use_custom_width=\u00a0\u00bboff\u00a0\u00bb width_unit=\u00a0\u00bboff\u00a0\u00bb custom_width_px=\u00a0\u00bb1080px\u00a0\u00bb custom_width_percent=\u00a0\u00bb80%\u00a0\u00bb make_equal=\u00a0\u00bboff\u00a0\u00bb use_custom_gutter=\u00a0\u00bboff\u00a0\u00bb fullwidth=\u00a0\u00bboff\u00a0\u00bb specialty=\u00a0\u00bboff\u00a0\u00bb disabled=\u00a0\u00bboff\u00a0\u00bb custom_padding_tablet=\u00a0\u00bb50px|0|50px|0&Prime; custom_padding_last_edited=\u00a0\u00bbon|desktop\u00a0\u00bb][et_pb_row admin_label=\u00a0\u00bbrow\u00a0\u00bb make_fullwidth=\u00a0\u00bboff\u00a0\u00bb use_custom_width=\u00a0\u00bboff\u00a0\u00bb width_unit=\u00a0\u00bboff\u00a0\u00bb custom_width_px=\u00a0\u00bb1080px\u00a0\u00bb custom_width_percent=\u00a0\u00bb80%\u00a0\u00bb use_custom_gutter=\u00a0\u00bboff\u00a0\u00bb gutter_width=\u00a0\u00bb3&Prime; padding_mobile=\u00a0\u00bboff\u00a0\u00bb allow_player_pause=\u00a0\u00bboff\u00a0\u00bb parallax=\u00a0\u00bboff\u00a0\u00bb parallax_method=\u00a0\u00bbon\u00a0\u00bb make_equal=\u00a0\u00bboff\u00a0\u00bb column_padding_mobile=\u00a0\u00bbon\u00a0\u00bb parallax_1=\u00a0\u00bboff\u00a0\u00bb parallax_method_1=\u00a0\u00bbon\u00a0\u00bb parallax_2=\u00a0\u00bboff\u00a0\u00bb parallax_method_2=\u00a0\u00bbon\u00a0\u00bb parallax_3=\u00a0\u00bboff\u00a0\u00bb parallax_method_3=\u00a0\u00bbon\u00a0\u00bb parallax_4=\u00a0\u00bboff\u00a0\u00bb parallax_method_4=\u00a0\u00bbon\u00a0\u00bb disabled=\u00a0\u00bboff\u00a0\u00bb background_position=\u00a0\u00bbtop_left\u00a0\u00bb background_repeat=\u00a0\u00bbrepeat\u00a0\u00bb background_size=\u00a0\u00bbinitial\u00a0\u00bb][et_pb_column type=\u00a0\u00bb4_4&Prime;][et_pb_text admin_label=\u00a0\u00bbTaragot &amp; Organ\u00a0\u00bb background_layout=\u00a0\u00bblight\u00a0\u00bb text_orientation=\u00a0\u00bbleft\u00a0\u00bb use_border_color=\u00a0\u00bboff\u00a0\u00bb border_style=\u00a0\u00bbsolid\u00a0\u00bb disabled=\u00a0\u00bboff\u00a0\u00bb border_color=\u00a0\u00bb#ffffff\u00a0\u00bb background_position=\u00a0\u00bbtop_left\u00a0\u00bb background_repeat=\u00a0\u00bbrepeat\u00a0\u00bb background_size=\u00a0\u00bbinitial\u00a0\u00bb]<\/p>\n<h1>Taragot &amp; Orgue \u2013 le souffle des Balkans !<\/h1>\n<p>Musique des Balkans, tziganes et klezmer avec <strong>Samuel Freiburghaus<\/strong><br \/>\n<a title=\"Taragot &amp; Organ\" href=\"https:\/\/thilomuster.info\/fr\/programmes-projects\/taragot-organ-2\/\">En savoir\u00a0plus\u2026<\/a><\/p>\n<p>[\/et_pb_text][et_pb_text admin_label=\u00a0\u00bbBruckner the ninth\u00a0\u00bb background_layout=\u00a0\u00bblight\u00a0\u00bb text_orientation=\u00a0\u00bbleft\u00a0\u00bb use_border_color=\u00a0\u00bboff\u00a0\u00bb border_style=\u00a0\u00bbsolid\u00a0\u00bb disabled=\u00a0\u00bboff\u00a0\u00bb border_color=\u00a0\u00bb#ffffff\u00a0\u00bb background_position=\u00a0\u00bbtop_left\u00a0\u00bb background_repeat=\u00a0\u00bbrepeat\u00a0\u00bb background_size=\u00a0\u00bbinitial\u00a0\u00bb]<\/p>\n<h1>Bruckner \u2013 la neuvi\u00e8me<\/h1>\n<p>Dans la transcription g\u00e9niale pour orgue seul de <a href=\"https:\/\/www.musikschule-klotz.de\">Eberhard Klotz<\/a> parue chez <a href=\"http:\/\/www.merseburger.de\/index.php?id=9853&amp;\">Merseburger<\/a><br \/>\n<a title=\"Bruckner \u2013 the Ninth\" href=\"https:\/\/thilomuster.info\/fr\/programmes-projects\/bruckner-la-neuvieme\/\">En savoir\u00a0plus\u2026<\/a><\/p>\n<p>[\/et_pb_text][et_pb_text admin_label=\u00a0\u00bbNo\u00ebl champ\u00eatre\u00a0\u00bb background_layout=\u00a0\u00bblight\u00a0\u00bb text_orientation=\u00a0\u00bbleft\u00a0\u00bb use_border_color=\u00a0\u00bboff\u00a0\u00bb border_style=\u00a0\u00bbsolid\u00a0\u00bb disabled=\u00a0\u00bboff\u00a0\u00bb border_color=\u00a0\u00bb#ffffff\u00a0\u00bb background_position=\u00a0\u00bbtop_left\u00a0\u00bb background_repeat=\u00a0\u00bbrepeat\u00a0\u00bb background_size=\u00a0\u00bbinitial\u00a0\u00bb]<\/p>\n<h1>No\u00ebl champ\u00eatre \u2013 d\u00e9paysement garanti !<\/h1>\n<p>No\u00ebls fran\u00e7ais, espagnols et roumains ; musique d&rsquo;orgue fran\u00e7aise et musique tzigane<br \/>\n<a title=\"No\u00ebl champ\u00eatre\" href=\"https:\/\/thilomuster.info\/fr\/programmes-projects\/noel-champetre\/\">En savoir\u00a0plus\u2026<\/a><\/p>\n<p>[\/et_pb_text][et_pb_text admin_label=\u00a0\u00bbProjet \u00ab Fitzwilliam \u00bb\u00a0\u00bb background_layout=\u00a0\u00bblight\u00a0\u00bb text_orientation=\u00a0\u00bbleft\u00a0\u00bb use_border_color=\u00a0\u00bboff\u00a0\u00bb border_style=\u00a0\u00bbsolid\u00a0\u00bb disabled=\u00a0\u00bboff\u00a0\u00bb border_color=\u00a0\u00bb#ffffff\u00a0\u00bb background_position=\u00a0\u00bbtop_left\u00a0\u00bb background_repeat=\u00a0\u00bbrepeat\u00a0\u00bb background_size=\u00a0\u00bbinitial\u00a0\u00bb]<\/p>\n<h1>Le projet \u00ab Fitzwilliam \u00bb<\/h1>\n<p>Une collaboration inter-europ\u00e9enne autour du\u00a0<strong><em>Fitzwilliam Virginal Book<\/em><\/strong><br \/>\n<a title=\"Bruckner \u2013 the Ninth\" href=\"https:\/\/thilomuster.info\/fr\/the-fitzwilliam-project\/\">En savoir\u00a0plus\u2026<\/a><\/p>\n<p>[\/et_pb_text][\/et_pb_column][\/et_pb_row][\/et_pb_section]<\/p>\n","protected":false},"excerpt":{"rendered":"<p>Taragot &amp; Orgue \u2013 le souffle des Balkans ! Musique des Balkans, tziganes et klezmer avec Samuel Freiburghaus En savoir\u00a0plus\u2026 Bruckner \u2013 la neuvi\u00e8me Dans la transcription g\u00e9niale pour orgue seul de Eberhard Klotz parue chez Merseburger En savoir\u00a0plus\u2026 No\u00ebl champ\u00eatre \u2013 d\u00e9paysement garanti ! No\u00ebls fran\u00e7ais, espagnols et roumains ; musique d&rsquo;orgue fran\u00e7aise et [&hellip;]<\/p>\n","protected":false},"author":1,"featured_media":0,"parent":0,"menu_order":0,"comment_status":"closed","ping_status":"closed","template":"","meta":{"_et_pb_use_builder":"on","_et_pb_old_content":"","_et_gb_content_width":"","_exactmetrics_skip_tracking":false,"_exactmetrics_sitenote_active":false,"_exactmetrics_sitenote_note":"","_exactmetrics_sitenote_category":0,"footnotes":""},"class_list":["post-1224","page","type-page","status-publish","hentry"],"yoast_head":"<!-- This site is optimized with the Yoast SEO plugin v27.4 - https:\/\/yoast.com\/product\/yoast-seo-wordpress\/ -->\n<title>Programmes &amp; Projets - Thilo Muster<\/title>\n<meta name=\"robots\" content=\"index, follow, max-snippet:-1, max-image-preview:large, max-video-preview:-1\" \/>\n<link rel=\"canonical\" href=\"https:\/\/thilomuster.info\/fr\/programmes-projects\/\" \/>\n<meta property=\"og:locale\" content=\"fr_FR\" \/>\n<meta property=\"og:type\" content=\"article\" \/>\n<meta property=\"og:title\" content=\"Programmes &amp; Projets - Thilo Muster\" \/>\n<meta property=\"og:description\" content=\"Taragot &amp; Orgue \u2013 le souffle des Balkans ! Musique des Balkans, tziganes et klezmer avec Samuel Freiburghaus En savoir\u00a0plus\u2026 Bruckner \u2013 la neuvi\u00e8me Dans la transcription g\u00e9niale pour orgue seul de Eberhard Klotz parue chez Merseburger En savoir\u00a0plus\u2026 No\u00ebl champ\u00eatre \u2013 d\u00e9paysement garanti ! No\u00ebls fran\u00e7ais, espagnols et roumains ; musique d&#039;orgue fran\u00e7aise et [&hellip;]\" \/>\n<meta property=\"og:url\" content=\"https:\/\/thilomuster.info\/fr\/programmes-projects\/\" \/>\n<meta property=\"og:site_name\" content=\"Thilo Muster\" \/>\n<meta property=\"article:modified_time\" content=\"2020-10-22T21:26:29+00:00\" \/>\n<meta name=\"twitter:card\" content=\"summary_large_image\" \/>\n<meta name=\"twitter:label1\" content=\"Dur\u00e9e de lecture estim\u00e9e\" \/>\n\t<meta name=\"twitter:data1\" content=\"3 minutes\" \/>\n<script type=\"application\/ld+json\" class=\"yoast-schema-graph\">{\"@context\":\"https:\\\/\\\/schema.org\",\"@graph\":[{\"@type\":\"WebPage\",\"@id\":\"https:\\\/\\\/thilomuster.info\\\/fr\\\/programmes-projects\\\/\",\"url\":\"https:\\\/\\\/thilomuster.info\\\/fr\\\/programmes-projects\\\/\",\"name\":\"Programmes & Projets - Thilo Muster\",\"isPartOf\":{\"@id\":\"https:\\\/\\\/thilomuster.info\\\/#website\"},\"datePublished\":\"2013-06-27T13:08:15+00:00\",\"dateModified\":\"2020-10-22T21:26:29+00:00\",\"breadcrumb\":{\"@id\":\"https:\\\/\\\/thilomuster.info\\\/fr\\\/programmes-projects\\\/#breadcrumb\"},\"inLanguage\":\"fr-FR\",\"potentialAction\":[{\"@type\":\"ReadAction\",\"target\":[\"https:\\\/\\\/thilomuster.info\\\/fr\\\/programmes-projects\\\/\"]}]},{\"@type\":\"BreadcrumbList\",\"@id\":\"https:\\\/\\\/thilomuster.info\\\/fr\\\/programmes-projects\\\/#breadcrumb\",\"itemListElement\":[{\"@type\":\"ListItem\",\"position\":1,\"name\":\"Startseite\",\"item\":\"https:\\\/\\\/thilomuster.info\\\/fr\\\/\"},{\"@type\":\"ListItem\",\"position\":2,\"name\":\"Programmes &#038; Projets\"}]},{\"@type\":\"WebSite\",\"@id\":\"https:\\\/\\\/thilomuster.info\\\/#website\",\"url\":\"https:\\\/\\\/thilomuster.info\\\/\",\"name\":\"Thilo Muster\",\"description\":\"organist\",\"publisher\":{\"@id\":\"https:\\\/\\\/thilomuster.info\\\/#\\\/schema\\\/person\\\/7ea3a1277f49d680734b680f0669947c\"},\"potentialAction\":[{\"@type\":\"SearchAction\",\"target\":{\"@type\":\"EntryPoint\",\"urlTemplate\":\"https:\\\/\\\/thilomuster.info\\\/?s={search_term_string}\"},\"query-input\":{\"@type\":\"PropertyValueSpecification\",\"valueRequired\":true,\"valueName\":\"search_term_string\"}}],\"inLanguage\":\"fr-FR\"},{\"@type\":[\"Person\",\"Organization\"],\"@id\":\"https:\\\/\\\/thilomuster.info\\\/#\\\/schema\\\/person\\\/7ea3a1277f49d680734b680f0669947c\",\"name\":\"thilo\",\"image\":{\"@type\":\"ImageObject\",\"inLanguage\":\"fr-FR\",\"@id\":\"https:\\\/\\\/thilomuster.info\\\/wp-content\\\/uploads\\\/2019\\\/02\\\/Thilo-Muster-Organist-Logo.jpg\",\"url\":\"https:\\\/\\\/thilomuster.info\\\/wp-content\\\/uploads\\\/2019\\\/02\\\/Thilo-Muster-Organist-Logo.jpg\",\"contentUrl\":\"https:\\\/\\\/thilomuster.info\\\/wp-content\\\/uploads\\\/2019\\\/02\\\/Thilo-Muster-Organist-Logo.jpg\",\"width\":300,\"height\":113,\"caption\":\"thilo\"},\"logo\":{\"@id\":\"https:\\\/\\\/thilomuster.info\\\/wp-content\\\/uploads\\\/2019\\\/02\\\/Thilo-Muster-Organist-Logo.jpg\"},\"sameAs\":[\"https:\\\/\\\/thilomuster.info\"]}]}<\/script>\n<!-- \/ Yoast SEO plugin. -->","yoast_head_json":{"title":"Programmes & Projets - Thilo Muster","robots":{"index":"index","follow":"follow","max-snippet":"max-snippet:-1","max-image-preview":"max-image-preview:large","max-video-preview":"max-video-preview:-1"},"canonical":"https:\/\/thilomuster.info\/fr\/programmes-projects\/","og_locale":"fr_FR","og_type":"article","og_title":"Programmes & Projets - Thilo Muster","og_description":"Taragot &amp; Orgue \u2013 le souffle des Balkans ! Musique des Balkans, tziganes et klezmer avec Samuel Freiburghaus En savoir\u00a0plus\u2026 Bruckner \u2013 la neuvi\u00e8me Dans la transcription g\u00e9niale pour orgue seul de Eberhard Klotz parue chez Merseburger En savoir\u00a0plus\u2026 No\u00ebl champ\u00eatre \u2013 d\u00e9paysement garanti ! No\u00ebls fran\u00e7ais, espagnols et roumains ; musique d'orgue fran\u00e7aise et [&hellip;]","og_url":"https:\/\/thilomuster.info\/fr\/programmes-projects\/","og_site_name":"Thilo Muster","article_modified_time":"2020-10-22T21:26:29+00:00","twitter_card":"summary_large_image","twitter_misc":{"Dur\u00e9e de lecture estim\u00e9e":"3 minutes"},"schema":{"@context":"https:\/\/schema.org","@graph":[{"@type":"WebPage","@id":"https:\/\/thilomuster.info\/fr\/programmes-projects\/","url":"https:\/\/thilomuster.info\/fr\/programmes-projects\/","name":"Programmes & Projets - Thilo Muster","isPartOf":{"@id":"https:\/\/thilomuster.info\/#website"},"datePublished":"2013-06-27T13:08:15+00:00","dateModified":"2020-10-22T21:26:29+00:00","breadcrumb":{"@id":"https:\/\/thilomuster.info\/fr\/programmes-projects\/#breadcrumb"},"inLanguage":"fr-FR","potentialAction":[{"@type":"ReadAction","target":["https:\/\/thilomuster.info\/fr\/programmes-projects\/"]}]},{"@type":"BreadcrumbList","@id":"https:\/\/thilomuster.info\/fr\/programmes-projects\/#breadcrumb","itemListElement":[{"@type":"ListItem","position":1,"name":"Startseite","item":"https:\/\/thilomuster.info\/fr\/"},{"@type":"ListItem","position":2,"name":"Programmes &#038; Projets"}]},{"@type":"WebSite","@id":"https:\/\/thilomuster.info\/#website","url":"https:\/\/thilomuster.info\/","name":"Thilo Muster","description":"organist","publisher":{"@id":"https:\/\/thilomuster.info\/#\/schema\/person\/7ea3a1277f49d680734b680f0669947c"},"potentialAction":[{"@type":"SearchAction","target":{"@type":"EntryPoint","urlTemplate":"https:\/\/thilomuster.info\/?s={search_term_string}"},"query-input":{"@type":"PropertyValueSpecification","valueRequired":true,"valueName":"search_term_string"}}],"inLanguage":"fr-FR"},{"@type":["Person","Organization"],"@id":"https:\/\/thilomuster.info\/#\/schema\/person\/7ea3a1277f49d680734b680f0669947c","name":"thilo","image":{"@type":"ImageObject","inLanguage":"fr-FR","@id":"https:\/\/thilomuster.info\/wp-content\/uploads\/2019\/02\/Thilo-Muster-Organist-Logo.jpg","url":"https:\/\/thilomuster.info\/wp-content\/uploads\/2019\/02\/Thilo-Muster-Organist-Logo.jpg","contentUrl":"https:\/\/thilomuster.info\/wp-content\/uploads\/2019\/02\/Thilo-Muster-Organist-Logo.jpg","width":300,"height":113,"caption":"thilo"},"logo":{"@id":"https:\/\/thilomuster.info\/wp-content\/uploads\/2019\/02\/Thilo-Muster-Organist-Logo.jpg"},"sameAs":["https:\/\/thilomuster.info"]}]}},"_links":{"self":[{"href":"https:\/\/thilomuster.info\/fr\/wp-json\/wp\/v2\/pages\/1224","targetHints":{"allow":["GET"]}}],"collection":[{"href":"https:\/\/thilomuster.info\/fr\/wp-json\/wp\/v2\/pages"}],"about":[{"href":"https:\/\/thilomuster.info\/fr\/wp-json\/wp\/v2\/types\/page"}],"author":[{"embeddable":true,"href":"https:\/\/thilomuster.info\/fr\/wp-json\/wp\/v2\/users\/1"}],"replies":[{"embeddable":true,"href":"https:\/\/thilomuster.info\/fr\/wp-json\/wp\/v2\/comments?post=1224"}],"version-history":[{"count":1,"href":"https:\/\/thilomuster.info\/fr\/wp-json\/wp\/v2\/pages\/1224\/revisions"}],"predecessor-version":[{"id":5406,"href":"https:\/\/thilomuster.info\/fr\/wp-json\/wp\/v2\/pages\/1224\/revisions\/5406"}],"wp:attachment":[{"href":"https:\/\/thilomuster.info\/fr\/wp-json\/wp\/v2\/media?parent=1224"}],"curies":[{"name":"wp","href":"https:\/\/api.w.org\/{rel}","templated":true}]}}