{"id":1582,"date":"2015-01-21T19:28:30","date_gmt":"2015-01-21T18:28:30","guid":{"rendered":"http:\/\/thilomuster.info\/?page_id=1582"},"modified":"2020-10-21T14:31:00","modified_gmt":"2020-10-21T12:31:00","slug":"noel-champetre","status":"publish","type":"page","link":"https:\/\/thilomuster.info\/fr\/programmes-projects\/noel-champetre\/","title":{"rendered":"No\u00ebl champ\u00eatre"},"content":{"rendered":"<p>[et_pb_section fb_built=\u00a0\u00bb1&Prime; fullwidth=\u00a0\u00bbon\u00a0\u00bb _builder_version=\u00a0\u00bb3.22.3&Prime;][et_pb_fullwidth_slider admin_label=\u00a0\u00bbFullwidth Slider\u00a0\u00bb _builder_version=\u00a0\u00bb3.16&Prime; custom_padding=\u00a0\u00bb|||\u00a0\u00bb custom_padding_tablet=\u00a0\u00bb|||\u00a0\u00bb custom_padding_phone=\u00a0\u00bb|||\u00a0\u00bb box_shadow_style=\u00a0\u00bbpreset6&Prime; box_shadow_blur=\u00a0\u00bb10px\u00a0\u00bb box_shadow_color=\u00a0\u00bbrgba(0,0,0,0.1)\u00a0\u00bb show_inner_shadow=\u00a0\u00bbon\u00a0\u00bb button_text_size__hover_enabled=\u00a0\u00bboff\u00a0\u00bb button_one_text_size__hover_enabled=\u00a0\u00bboff\u00a0\u00bb button_two_text_size__hover_enabled=\u00a0\u00bboff\u00a0\u00bb button_text_color__hover_enabled=\u00a0\u00bboff\u00a0\u00bb button_one_text_color__hover_enabled=\u00a0\u00bboff\u00a0\u00bb button_two_text_color__hover_enabled=\u00a0\u00bboff\u00a0\u00bb button_border_width__hover_enabled=\u00a0\u00bboff\u00a0\u00bb button_one_border_width__hover_enabled=\u00a0\u00bboff\u00a0\u00bb button_two_border_width__hover_enabled=\u00a0\u00bboff\u00a0\u00bb button_border_color__hover_enabled=\u00a0\u00bboff\u00a0\u00bb button_one_border_color__hover_enabled=\u00a0\u00bboff\u00a0\u00bb button_two_border_color__hover_enabled=\u00a0\u00bboff\u00a0\u00bb button_border_radius__hover_enabled=\u00a0\u00bboff\u00a0\u00bb button_one_border_radius__hover_enabled=\u00a0\u00bboff\u00a0\u00bb button_two_border_radius__hover_enabled=\u00a0\u00bboff\u00a0\u00bb button_letter_spacing__hover_enabled=\u00a0\u00bboff\u00a0\u00bb button_one_letter_spacing__hover_enabled=\u00a0\u00bboff\u00a0\u00bb button_two_letter_spacing__hover_enabled=\u00a0\u00bboff\u00a0\u00bb button_bg_color__hover_enabled=\u00a0\u00bboff\u00a0\u00bb button_one_bg_color__hover_enabled=\u00a0\u00bboff\u00a0\u00bb button_two_bg_color__hover_enabled=\u00a0\u00bboff\u00a0\u00bb][et_pb_slide heading=\u00a0\u00bbNo\u00ebl champ\u00eatre \u2013 d\u00e9paysement garanti !\u00a0\u00bb _builder_version=\u00a0\u00bb3.16&Prime; background_color=\u00a0\u00bb#ffffff\u00a0\u00bb background_image=\u00a0\u00bbhttps:\/\/thilomuster.info\/wp-content\/uploads\/2015\/01\/Kombination-von-gitarre-Violine-akkordeon-und-Gesang-11-e1420817435476.jpg\u00a0\u00bb button_text_size__hover_enabled=\u00a0\u00bboff\u00a0\u00bb button_one_text_size__hover_enabled=\u00a0\u00bboff\u00a0\u00bb button_two_text_size__hover_enabled=\u00a0\u00bboff\u00a0\u00bb button_text_color__hover_enabled=\u00a0\u00bboff\u00a0\u00bb button_one_text_color__hover_enabled=\u00a0\u00bboff\u00a0\u00bb button_two_text_color__hover_enabled=\u00a0\u00bboff\u00a0\u00bb button_border_width__hover_enabled=\u00a0\u00bboff\u00a0\u00bb button_one_border_width__hover_enabled=\u00a0\u00bboff\u00a0\u00bb button_two_border_width__hover_enabled=\u00a0\u00bboff\u00a0\u00bb button_border_color__hover_enabled=\u00a0\u00bboff\u00a0\u00bb button_one_border_color__hover_enabled=\u00a0\u00bboff\u00a0\u00bb button_two_border_color__hover_enabled=\u00a0\u00bboff\u00a0\u00bb button_border_radius__hover_enabled=\u00a0\u00bboff\u00a0\u00bb button_one_border_radius__hover_enabled=\u00a0\u00bboff\u00a0\u00bb button_two_border_radius__hover_enabled=\u00a0\u00bboff\u00a0\u00bb button_letter_spacing__hover_enabled=\u00a0\u00bboff\u00a0\u00bb button_one_letter_spacing__hover_enabled=\u00a0\u00bboff\u00a0\u00bb button_two_letter_spacing__hover_enabled=\u00a0\u00bboff\u00a0\u00bb button_bg_color__hover_enabled=\u00a0\u00bboff\u00a0\u00bb button_one_bg_color__hover_enabled=\u00a0\u00bboff\u00a0\u00bb button_two_bg_color__hover_enabled=\u00a0\u00bboff\u00a0\u00bb sticky_transition=\u00a0\u00bbon\u00a0\u00bb][\/et_pb_slide][\/et_pb_fullwidth_slider][\/et_pb_section][et_pb_section fb_built=\u00a0\u00bb1&Prime; _builder_version=\u00a0\u00bb3.22.3&Prime;][et_pb_row _builder_version=\u00a0\u00bb3.25&Prime; column_structure=\u00a0\u00bb2_3,1_3&Prime;][et_pb_column type=\u00a0\u00bb2_3&Prime; _builder_version=\u00a0\u00bb3.25&Prime; custom_padding=\u00a0\u00bb|||\u00a0\u00bb custom_padding__hover=\u00a0\u00bb|||\u00a0\u00bb][et_pb_text admin_label=\u00a0\u00bbText\u00a0\u00bb _builder_version=\u00a0\u00bb3.27.4&Prime; background_size=\u00a0\u00bbinitial\u00a0\u00bb background_position=\u00a0\u00bbtop_left\u00a0\u00bb background_repeat=\u00a0\u00bbrepeat\u00a0\u00bb]<a href=\"https:\/\/thilomuster.info\/wp-content\/uploads\/2019\/04\/NoelChampetre1-565x800.jpg\"><img decoding=\"async\" class=\" wp-image-1018 alignleft\" src=\"https:\/\/thilomuster.info\/wp-content\/uploads\/2019\/04\/NoelChampetre1-565x800.jpg\" alt=\"No\u00eblChamp\u00eatre\" width=\"288\" height=\"407\" \/><\/a><\/p>\n<h1>Une soir\u00e9e magique\u00a0!<\/h1>\n<p>No\u00ebls de\u00a0France, Espagne\u00a0et de la\u00a0Roumanie, musiqu d\u2019orgue de France\u00a0et\u00a0de la musique tsigane:\u00a0<strong><span style=\"line-height: 1.5;\">\u00ab\u00a0d\u00e9paysement garanti ! \u00bb<\/span><\/strong><\/p>\n<p>Avec :<\/p>\n<p><strong>Aline Du Pasquier,\u00a0<em>soprano<\/em><\/strong><\/p>\n<p><strong>DUO SIMILI (Juliette Du Pasquier,\u00a0<em>violon;\u00a0<\/em>Marc H\u00e4nsenberger,\u00a0<em>accord\u00e9on<\/em>)<\/strong>[\/et_pb_text][\/et_pb_column][et_pb_column type=\u00a0\u00bb1_3&Prime; _builder_version=\u00a0\u00bb3.25&Prime; custom_padding=\u00a0\u00bb|||\u00a0\u00bb custom_padding__hover=\u00a0\u00bb|||\u00a0\u00bb][et_pb_sidebar area=\u00a0\u00bbet_pb_widget_area_4&Prime; _builder_version=\u00a0\u00bb4.6.6&Prime; hover_enabled=\u00a0\u00bb0&Prime; sticky_enabled=\u00a0\u00bb0&Prime;][\/et_pb_sidebar][\/et_pb_column][\/et_pb_row][\/et_pb_section]<\/p>\n","protected":false},"excerpt":{"rendered":"<p>Une soir\u00e9e magique\u00a0! No\u00ebls de\u00a0France, Espagne\u00a0et de la\u00a0Roumanie, musiqu d\u2019orgue de France\u00a0et\u00a0de la musique tsigane:\u00a0\u00ab\u00a0d\u00e9paysement garanti ! \u00bb Avec : Aline Du Pasquier,\u00a0soprano DUO SIMILI (Juliette Du Pasquier,\u00a0violon;\u00a0Marc H\u00e4nsenberger,\u00a0accord\u00e9on)<\/p>\n","protected":false},"author":1,"featured_media":0,"parent":1224,"menu_order":0,"comment_status":"open","ping_status":"open","template":"","meta":{"_et_pb_use_builder":"on","_et_pb_old_content":"<h1>\u00a0<\/h1><h1><a href=\"https:\/\/thilomuster.info\/wp-content\/uploads\/2015\/01\/No\u00eblChamp\u00eatre1.jpg\"><img class=\"  wp-image-1168 alignleft\" src=\"https:\/\/thilomuster.info\/wp-content\/uploads\/2015\/01\/No\u00eblChamp\u00eatre1.jpg\" alt=\"No\u00eblChamp\u00eatre\" width=\"206\" height=\"291\" \/><\/a>A magical Evening!<\/h1><p>No\u00ebls from France, Spain and Romania, organ music from France and gypsy music:\u00a0<strong><span style=\"line-height: 1.5;\">\u00ab\u00a0d\u00e9paysement garanti ! \u00bb<\/span><\/strong><\/p><p>With<br \/> <strong>Aline Du Pasquier,\u00a0<em>soprano<br \/> <\/em>DUO SIMILI (Juliette Du Pasquier,\u00a0<em>violin;\u00a0<\/em>Marc H\u00e4nsenberger,\u00a0<em>accordion<\/em>)<\/strong><\/p><p>\u00a0<\/p><p><strong><img class=\"alignnone  wp-image-1005\" src=\"https:\/\/thilomuster.info\/wp-content\/uploads\/2015\/01\/Kombination-von-gitarre-Violine-akkordeon-und-Gesang-1.jpg\" alt=\"Kombination von gitarre, Violine, akkordeon und Gesang (1)\" width=\"855\" height=\"570\" \/><\/strong><\/p>","_et_gb_content_width":"","_exactmetrics_skip_tracking":false,"_exactmetrics_sitenote_active":false,"_exactmetrics_sitenote_note":"","_exactmetrics_sitenote_category":0,"footnotes":""},"class_list":["post-1582","page","type-page","status-publish","hentry"],"yoast_head":"<!-- This site is optimized with the Yoast SEO plugin v27.4 - https:\/\/yoast.com\/product\/yoast-seo-wordpress\/ -->\n<title>No\u00ebl champ\u00eatre - Thilo Muster<\/title>\n<meta name=\"robots\" content=\"index, follow, max-snippet:-1, max-image-preview:large, max-video-preview:-1\" \/>\n<link rel=\"canonical\" href=\"https:\/\/thilomuster.info\/fr\/programmes-projects\/noel-champetre\/\" \/>\n<meta property=\"og:locale\" content=\"fr_FR\" \/>\n<meta property=\"og:type\" content=\"article\" \/>\n<meta property=\"og:title\" content=\"No\u00ebl champ\u00eatre - Thilo Muster\" \/>\n<meta property=\"og:description\" content=\"Une soir\u00e9e magique\u00a0! No\u00ebls de\u00a0France, Espagne\u00a0et de la\u00a0Roumanie, musiqu d\u2019orgue de France\u00a0et\u00a0de la musique tsigane:\u00a0\u00ab\u00a0d\u00e9paysement garanti ! \u00bb Avec : Aline Du Pasquier,\u00a0soprano DUO SIMILI (Juliette Du Pasquier,\u00a0violon;\u00a0Marc H\u00e4nsenberger,\u00a0accord\u00e9on)\" \/>\n<meta property=\"og:url\" content=\"https:\/\/thilomuster.info\/fr\/programmes-projects\/noel-champetre\/\" \/>\n<meta property=\"og:site_name\" content=\"Thilo Muster\" \/>\n<meta property=\"article:modified_time\" content=\"2020-10-21T12:31:00+00:00\" \/>\n<meta property=\"og:image\" content=\"https:\/\/thilomuster.info\/wp-content\/uploads\/2019\/04\/NoelChampetre1-565x800.jpg\" \/>\n<meta name=\"twitter:card\" content=\"summary_large_image\" \/>\n<meta name=\"twitter:label1\" content=\"Dur\u00e9e de lecture estim\u00e9e\" \/>\n\t<meta name=\"twitter:data1\" content=\"2 minutes\" \/>\n<script type=\"application\/ld+json\" class=\"yoast-schema-graph\">{\"@context\":\"https:\\\/\\\/schema.org\",\"@graph\":[{\"@type\":\"WebPage\",\"@id\":\"https:\\\/\\\/thilomuster.info\\\/fr\\\/programmes-projects\\\/noel-champetre\\\/\",\"url\":\"https:\\\/\\\/thilomuster.info\\\/fr\\\/programmes-projects\\\/noel-champetre\\\/\",\"name\":\"No\u00ebl champ\u00eatre - Thilo Muster\",\"isPartOf\":{\"@id\":\"https:\\\/\\\/thilomuster.info\\\/#website\"},\"primaryImageOfPage\":{\"@id\":\"https:\\\/\\\/thilomuster.info\\\/fr\\\/programmes-projects\\\/noel-champetre\\\/#primaryimage\"},\"image\":{\"@id\":\"https:\\\/\\\/thilomuster.info\\\/fr\\\/programmes-projects\\\/noel-champetre\\\/#primaryimage\"},\"thumbnailUrl\":\"https:\\\/\\\/thilomuster.info\\\/wp-content\\\/uploads\\\/2019\\\/04\\\/NoelChampetre1-565x800.jpg\",\"datePublished\":\"2015-01-21T18:28:30+00:00\",\"dateModified\":\"2020-10-21T12:31:00+00:00\",\"breadcrumb\":{\"@id\":\"https:\\\/\\\/thilomuster.info\\\/fr\\\/programmes-projects\\\/noel-champetre\\\/#breadcrumb\"},\"inLanguage\":\"fr-FR\",\"potentialAction\":[{\"@type\":\"ReadAction\",\"target\":[\"https:\\\/\\\/thilomuster.info\\\/fr\\\/programmes-projects\\\/noel-champetre\\\/\"]}]},{\"@type\":\"ImageObject\",\"inLanguage\":\"fr-FR\",\"@id\":\"https:\\\/\\\/thilomuster.info\\\/fr\\\/programmes-projects\\\/noel-champetre\\\/#primaryimage\",\"url\":\"https:\\\/\\\/thilomuster.info\\\/wp-content\\\/uploads\\\/2019\\\/04\\\/NoelChampetre1-565x800.jpg\",\"contentUrl\":\"https:\\\/\\\/thilomuster.info\\\/wp-content\\\/uploads\\\/2019\\\/04\\\/NoelChampetre1-565x800.jpg\"},{\"@type\":\"BreadcrumbList\",\"@id\":\"https:\\\/\\\/thilomuster.info\\\/fr\\\/programmes-projects\\\/noel-champetre\\\/#breadcrumb\",\"itemListElement\":[{\"@type\":\"ListItem\",\"position\":1,\"name\":\"Startseite\",\"item\":\"https:\\\/\\\/thilomuster.info\\\/fr\\\/\"},{\"@type\":\"ListItem\",\"position\":2,\"name\":\"Programmes &#038; Projets\",\"item\":\"https:\\\/\\\/thilomuster.info\\\/fr\\\/programmes-projects\\\/\"},{\"@type\":\"ListItem\",\"position\":3,\"name\":\"No\u00ebl champ\u00eatre\"}]},{\"@type\":\"WebSite\",\"@id\":\"https:\\\/\\\/thilomuster.info\\\/#website\",\"url\":\"https:\\\/\\\/thilomuster.info\\\/\",\"name\":\"Thilo Muster\",\"description\":\"organist\",\"publisher\":{\"@id\":\"https:\\\/\\\/thilomuster.info\\\/#\\\/schema\\\/person\\\/7ea3a1277f49d680734b680f0669947c\"},\"potentialAction\":[{\"@type\":\"SearchAction\",\"target\":{\"@type\":\"EntryPoint\",\"urlTemplate\":\"https:\\\/\\\/thilomuster.info\\\/?s={search_term_string}\"},\"query-input\":{\"@type\":\"PropertyValueSpecification\",\"valueRequired\":true,\"valueName\":\"search_term_string\"}}],\"inLanguage\":\"fr-FR\"},{\"@type\":[\"Person\",\"Organization\"],\"@id\":\"https:\\\/\\\/thilomuster.info\\\/#\\\/schema\\\/person\\\/7ea3a1277f49d680734b680f0669947c\",\"name\":\"thilo\",\"image\":{\"@type\":\"ImageObject\",\"inLanguage\":\"fr-FR\",\"@id\":\"https:\\\/\\\/thilomuster.info\\\/wp-content\\\/uploads\\\/2019\\\/02\\\/Thilo-Muster-Organist-Logo.jpg\",\"url\":\"https:\\\/\\\/thilomuster.info\\\/wp-content\\\/uploads\\\/2019\\\/02\\\/Thilo-Muster-Organist-Logo.jpg\",\"contentUrl\":\"https:\\\/\\\/thilomuster.info\\\/wp-content\\\/uploads\\\/2019\\\/02\\\/Thilo-Muster-Organist-Logo.jpg\",\"width\":300,\"height\":113,\"caption\":\"thilo\"},\"logo\":{\"@id\":\"https:\\\/\\\/thilomuster.info\\\/wp-content\\\/uploads\\\/2019\\\/02\\\/Thilo-Muster-Organist-Logo.jpg\"},\"sameAs\":[\"https:\\\/\\\/thilomuster.info\"]}]}<\/script>\n<!-- \/ Yoast SEO plugin. -->","yoast_head_json":{"title":"No\u00ebl champ\u00eatre - Thilo Muster","robots":{"index":"index","follow":"follow","max-snippet":"max-snippet:-1","max-image-preview":"max-image-preview:large","max-video-preview":"max-video-preview:-1"},"canonical":"https:\/\/thilomuster.info\/fr\/programmes-projects\/noel-champetre\/","og_locale":"fr_FR","og_type":"article","og_title":"No\u00ebl champ\u00eatre - Thilo Muster","og_description":"Une soir\u00e9e magique\u00a0! No\u00ebls de\u00a0France, Espagne\u00a0et de la\u00a0Roumanie, musiqu d\u2019orgue de France\u00a0et\u00a0de la musique tsigane:\u00a0\u00ab\u00a0d\u00e9paysement garanti ! \u00bb Avec : Aline Du Pasquier,\u00a0soprano DUO SIMILI (Juliette Du Pasquier,\u00a0violon;\u00a0Marc H\u00e4nsenberger,\u00a0accord\u00e9on)","og_url":"https:\/\/thilomuster.info\/fr\/programmes-projects\/noel-champetre\/","og_site_name":"Thilo Muster","article_modified_time":"2020-10-21T12:31:00+00:00","og_image":[{"url":"https:\/\/thilomuster.info\/wp-content\/uploads\/2019\/04\/NoelChampetre1-565x800.jpg","type":"","width":"","height":""}],"twitter_card":"summary_large_image","twitter_misc":{"Dur\u00e9e de lecture estim\u00e9e":"2 minutes"},"schema":{"@context":"https:\/\/schema.org","@graph":[{"@type":"WebPage","@id":"https:\/\/thilomuster.info\/fr\/programmes-projects\/noel-champetre\/","url":"https:\/\/thilomuster.info\/fr\/programmes-projects\/noel-champetre\/","name":"No\u00ebl champ\u00eatre - Thilo Muster","isPartOf":{"@id":"https:\/\/thilomuster.info\/#website"},"primaryImageOfPage":{"@id":"https:\/\/thilomuster.info\/fr\/programmes-projects\/noel-champetre\/#primaryimage"},"image":{"@id":"https:\/\/thilomuster.info\/fr\/programmes-projects\/noel-champetre\/#primaryimage"},"thumbnailUrl":"https:\/\/thilomuster.info\/wp-content\/uploads\/2019\/04\/NoelChampetre1-565x800.jpg","datePublished":"2015-01-21T18:28:30+00:00","dateModified":"2020-10-21T12:31:00+00:00","breadcrumb":{"@id":"https:\/\/thilomuster.info\/fr\/programmes-projects\/noel-champetre\/#breadcrumb"},"inLanguage":"fr-FR","potentialAction":[{"@type":"ReadAction","target":["https:\/\/thilomuster.info\/fr\/programmes-projects\/noel-champetre\/"]}]},{"@type":"ImageObject","inLanguage":"fr-FR","@id":"https:\/\/thilomuster.info\/fr\/programmes-projects\/noel-champetre\/#primaryimage","url":"https:\/\/thilomuster.info\/wp-content\/uploads\/2019\/04\/NoelChampetre1-565x800.jpg","contentUrl":"https:\/\/thilomuster.info\/wp-content\/uploads\/2019\/04\/NoelChampetre1-565x800.jpg"},{"@type":"BreadcrumbList","@id":"https:\/\/thilomuster.info\/fr\/programmes-projects\/noel-champetre\/#breadcrumb","itemListElement":[{"@type":"ListItem","position":1,"name":"Startseite","item":"https:\/\/thilomuster.info\/fr\/"},{"@type":"ListItem","position":2,"name":"Programmes &#038; Projets","item":"https:\/\/thilomuster.info\/fr\/programmes-projects\/"},{"@type":"ListItem","position":3,"name":"No\u00ebl champ\u00eatre"}]},{"@type":"WebSite","@id":"https:\/\/thilomuster.info\/#website","url":"https:\/\/thilomuster.info\/","name":"Thilo Muster","description":"organist","publisher":{"@id":"https:\/\/thilomuster.info\/#\/schema\/person\/7ea3a1277f49d680734b680f0669947c"},"potentialAction":[{"@type":"SearchAction","target":{"@type":"EntryPoint","urlTemplate":"https:\/\/thilomuster.info\/?s={search_term_string}"},"query-input":{"@type":"PropertyValueSpecification","valueRequired":true,"valueName":"search_term_string"}}],"inLanguage":"fr-FR"},{"@type":["Person","Organization"],"@id":"https:\/\/thilomuster.info\/#\/schema\/person\/7ea3a1277f49d680734b680f0669947c","name":"thilo","image":{"@type":"ImageObject","inLanguage":"fr-FR","@id":"https:\/\/thilomuster.info\/wp-content\/uploads\/2019\/02\/Thilo-Muster-Organist-Logo.jpg","url":"https:\/\/thilomuster.info\/wp-content\/uploads\/2019\/02\/Thilo-Muster-Organist-Logo.jpg","contentUrl":"https:\/\/thilomuster.info\/wp-content\/uploads\/2019\/02\/Thilo-Muster-Organist-Logo.jpg","width":300,"height":113,"caption":"thilo"},"logo":{"@id":"https:\/\/thilomuster.info\/wp-content\/uploads\/2019\/02\/Thilo-Muster-Organist-Logo.jpg"},"sameAs":["https:\/\/thilomuster.info"]}]}},"_links":{"self":[{"href":"https:\/\/thilomuster.info\/fr\/wp-json\/wp\/v2\/pages\/1582","targetHints":{"allow":["GET"]}}],"collection":[{"href":"https:\/\/thilomuster.info\/fr\/wp-json\/wp\/v2\/pages"}],"about":[{"href":"https:\/\/thilomuster.info\/fr\/wp-json\/wp\/v2\/types\/page"}],"author":[{"embeddable":true,"href":"https:\/\/thilomuster.info\/fr\/wp-json\/wp\/v2\/users\/1"}],"replies":[{"embeddable":true,"href":"https:\/\/thilomuster.info\/fr\/wp-json\/wp\/v2\/comments?post=1582"}],"version-history":[{"count":3,"href":"https:\/\/thilomuster.info\/fr\/wp-json\/wp\/v2\/pages\/1582\/revisions"}],"predecessor-version":[{"id":5397,"href":"https:\/\/thilomuster.info\/fr\/wp-json\/wp\/v2\/pages\/1582\/revisions\/5397"}],"up":[{"embeddable":true,"href":"https:\/\/thilomuster.info\/fr\/wp-json\/wp\/v2\/pages\/1224"}],"wp:attachment":[{"href":"https:\/\/thilomuster.info\/fr\/wp-json\/wp\/v2\/media?parent=1582"}],"curies":[{"name":"wp","href":"https:\/\/api.w.org\/{rel}","templated":true}]}}