{"id":1633,"date":"2015-01-21T20:49:04","date_gmt":"2015-01-21T19:49:04","guid":{"rendered":"http:\/\/thilomuster.info\/?page_id=1633"},"modified":"2016-11-10T15:00:33","modified_gmt":"2016-11-10T14:00:33","slug":"cv","status":"publish","type":"page","link":"https:\/\/thilomuster.info\/fr\/cv\/","title":{"rendered":"CV"},"content":{"rendered":"<p>[et_pb_section admin_label=\u00a0\u00bbsection\u00a0\u00bb fullwidth=\u00a0\u00bbon\u00a0\u00bb specialty=\u00a0\u00bboff\u00a0\u00bb][et_pb_fullwidth_slider admin_label=\u00a0\u00bbFullwidth Slider\u00a0\u00bb show_arrows=\u00a0\u00bboff\u00a0\u00bb show_pagination=\u00a0\u00bboff\u00a0\u00bb auto=\u00a0\u00bboff\u00a0\u00bb parallax=\u00a0\u00bbon\u00a0\u00bb parallax_method=\u00a0\u00bbon\u00a0\u00bb] [et_pb_slide background_color=\u00a0\u00bb#ffffff\u00a0\u00bb alignment=\u00a0\u00bbcenter\u00a0\u00bb background_layout=\u00a0\u00bbdark\u00a0\u00bb background_image=\u00a0\u00bbhttps:\/\/thilomuster.info\/wp-content\/uploads\/2015\/01\/2334458285_c0f04357df_o-e1422305971591.jpg\u00a0\u00bb]<\/p>\n<h1 style=\"text-align: right;\">Thilo Muster :\u00a0CV<\/h1>\n<p>[\/et_pb_slide] [\/et_pb_fullwidth_slider][\/et_pb_section][et_pb_section admin_label=\u00a0\u00bbsection\u00a0\u00bb][et_pb_row admin_label=\u00a0\u00bbrow\u00a0\u00bb][et_pb_column type=\u00a0\u00bb1_3&Prime;][et_pb_image admin_label=\u00a0\u00bbImage\u00a0\u00bb src=\u00a0\u00bbhttps:\/\/thilomuster.info\/wp-content\/uploads\/2014\/02\/thilo-square-e1394181775472.jpg\u00a0\u00bb show_in_lightbox=\u00a0\u00bboff\u00a0\u00bb url_new_window=\u00a0\u00bboff\u00a0\u00bb animation=\u00a0\u00bbleft\u00a0\u00bb sticky=\u00a0\u00bboff\u00a0\u00bb] [\/et_pb_image][et_pb_testimonial admin_label=\u00a0\u00bbTestimonial\u00a0\u00bb author=\u00a0\u00bbL\u2019orgue francophone\u00a0\u00bb url_new_window=\u00a0\u00bboff\u00a0\u00bb quote_icon=\u00a0\u00bbon\u00a0\u00bb use_background_color=\u00a0\u00bbon\u00a0\u00bb background_color=\u00a0\u00bb#f5f5f5&Prime; background_layout=\u00a0\u00bblight\u00a0\u00bb text_orientation=\u00a0\u00bbleft\u00a0\u00bb]<\/p>\n<p>\u201c Quelle vie dans ce jeu ! \u201d<\/p>\n<p>[\/et_pb_testimonial][\/et_pb_column][et_pb_column type=\u00a0\u00bb2_3&Prime;][et_pb_text admin_label=\u00a0\u00bbText\u00a0\u00bb background_layout=\u00a0\u00bblight\u00a0\u00bb text_orientation=\u00a0\u00bbleft\u00a0\u00bb use_border_color=\u00a0\u00bboff\u00a0\u00bb border_color=\u00a0\u00bb#ffffff\u00a0\u00bb border_style=\u00a0\u00bbsolid\u00a0\u00bb]<\/p>\n<p>D\u2019origine allemande, Thilo Muster fait ses \u00e9tudes \u00e0 l\u2019<em>Acad\u00e9mie de Musique de la ville de B\u00e2le<\/em>\/Suisse chez Peter Efler (piano) et Guy Bovet (orgue). Il re\u00e7oit son dipl\u00f4me de soliste en 1992 avec distinction.<\/p>\n<p>La\u00a0d\u00e9couverte du <em>Fitzwilliam Virginal Book<\/em>\u00a0en tant que jeune musicien sera le d\u00e9but d\u2019un amour particulier pour la musique du d\u00e9but du 17e si\u00e8cle \u00e0 laquelle il consacre de nombreux projets, concerts et enregistrements. Dans ce domaine il apprend \u00e9galement beaucoup des instruments historiques importants qu\u2019il a l\u2019occasion de jouer lors de son activit\u00e9 internationale de concertiste.<\/p>\n<p>Mais il s\u2019int\u00e9resse \u00e0 toute musique dans laquelle il peut trouver beaut\u00e9 et inspiration : ainsi la musique traditionelle\u00a0de l\u2019est et du sud de l\u2019Europe forme un autre centre d\u2019int\u00e9r\u00eat \u00e0 c\u00f4t\u00e9 de la musique fran\u00e7aise romantique et postromantique. Ses enregistrements refl\u00e8tent cette diversit\u00e9 et ont \u00e9t\u00e9 salu\u00e9s par la critique internationale.<\/p>\n<p>Thilo Muster participe r\u00e9guli\u00e8rement \u00e0 des festivals et concerts dans toute l\u2019Europe : <em>Festival Toulouse les Orgues<\/em>, <em>Journ\u00e9es de l\u2019orgue<\/em> de La Chaise-Dieu, Souvigny, Paris, Gewandhaus zu Leipzig, L\u00fcbeck, Stralsund, Ottobeuren, Cath\u00e9drales de Dresde, Stuttgart, Gen\u00e8ve, Lausanne, Zurich, Berne, B\u00e2le, Lu\u00e7on, Auxerre, Dom zu Freiberg, Berliner Dom, internationale Orgelkonzerte Basel, internationaler Orgelsommer Wenzelskirche Naumburg, internationaler Orgelsommer Stiftskirche Stuttgart, Festival de Magadino, Festival de De\u00eca\/Mallorca, Festival de Tallinn (avec le soutien de la fondation <em>Pro Helvetia<\/em>), Festival Bach Lausanne, etc.<\/p>\n<p>Thilo Muster est laur\u00e9at du <em>Concours Suisse de l\u2019Orgue<\/em> et du prestigieux <em>Concours de Gen\u00e8ve.<\/em>\u00a0De 1994 \u00e0 2006\u00a0il est\u00a0l\u2019organiste titulaire des grandes orgues de la Cath\u00e9drale de Gen\u00e8ve. De 1995 \u00e0 2003 il est \u00e9galement directeur artistique des <em>Concerts Spirituels Gen\u00e8ve<\/em>.<\/p>\n<p>[\/et_pb_text][\/et_pb_column][\/et_pb_row][\/et_pb_section]<\/p>\n","protected":false},"excerpt":{"rendered":"<p>Thilo Muster :\u00a0CV \u201c Quelle vie dans ce jeu ! \u201d D\u2019origine allemande, Thilo Muster fait ses \u00e9tudes \u00e0 l\u2019Acad\u00e9mie de Musique de la ville de B\u00e2le\/Suisse chez Peter Efler (piano) et Guy Bovet (orgue). Il re\u00e7oit son dipl\u00f4me de soliste en 1992 avec distinction. La\u00a0d\u00e9couverte du Fitzwilliam Virginal Book\u00a0en tant que jeune musicien sera [&hellip;]<\/p>\n","protected":false},"author":1,"featured_media":0,"parent":0,"menu_order":0,"comment_status":"closed","ping_status":"closed","template":"","meta":{"_et_pb_use_builder":"on","_et_pb_old_content":"","_et_gb_content_width":"","_exactmetrics_skip_tracking":false,"_exactmetrics_sitenote_active":false,"_exactmetrics_sitenote_note":"","_exactmetrics_sitenote_category":0,"footnotes":""},"class_list":["post-1633","page","type-page","status-publish","hentry"],"yoast_head":"<!-- This site is optimized with the Yoast SEO plugin v27.5 - https:\/\/yoast.com\/product\/yoast-seo-wordpress\/ -->\n<title>CV - Thilo Muster<\/title>\n<meta name=\"robots\" content=\"index, follow, max-snippet:-1, max-image-preview:large, max-video-preview:-1\" \/>\n<link rel=\"canonical\" href=\"https:\/\/thilomuster.info\/fr\/cv\/\" \/>\n<meta property=\"og:locale\" content=\"fr_FR\" \/>\n<meta property=\"og:type\" content=\"article\" \/>\n<meta property=\"og:title\" content=\"CV - Thilo Muster\" \/>\n<meta property=\"og:description\" content=\"Thilo Muster :\u00a0CV \u201c Quelle vie dans ce jeu ! \u201d D\u2019origine allemande, Thilo Muster fait ses \u00e9tudes \u00e0 l\u2019Acad\u00e9mie de Musique de la ville de B\u00e2le\/Suisse chez Peter Efler (piano) et Guy Bovet (orgue). Il re\u00e7oit son dipl\u00f4me de soliste en 1992 avec distinction. La\u00a0d\u00e9couverte du Fitzwilliam Virginal Book\u00a0en tant que jeune musicien sera [&hellip;]\" \/>\n<meta property=\"og:url\" content=\"https:\/\/thilomuster.info\/fr\/cv\/\" \/>\n<meta property=\"og:site_name\" content=\"Thilo Muster\" \/>\n<meta property=\"article:modified_time\" content=\"2016-11-10T14:00:33+00:00\" \/>\n<meta name=\"twitter:card\" content=\"summary_large_image\" \/>\n<meta name=\"twitter:label1\" content=\"Dur\u00e9e de lecture estim\u00e9e\" \/>\n\t<meta name=\"twitter:data1\" content=\"2 minutes\" \/>\n<script type=\"application\/ld+json\" class=\"yoast-schema-graph\">{\"@context\":\"https:\\\/\\\/schema.org\",\"@graph\":[{\"@type\":\"WebPage\",\"@id\":\"https:\\\/\\\/thilomuster.info\\\/fr\\\/cv\\\/\",\"url\":\"https:\\\/\\\/thilomuster.info\\\/fr\\\/cv\\\/\",\"name\":\"CV - Thilo Muster\",\"isPartOf\":{\"@id\":\"https:\\\/\\\/thilomuster.info\\\/#website\"},\"datePublished\":\"2015-01-21T19:49:04+00:00\",\"dateModified\":\"2016-11-10T14:00:33+00:00\",\"breadcrumb\":{\"@id\":\"https:\\\/\\\/thilomuster.info\\\/fr\\\/cv\\\/#breadcrumb\"},\"inLanguage\":\"fr-FR\",\"potentialAction\":[{\"@type\":\"ReadAction\",\"target\":[\"https:\\\/\\\/thilomuster.info\\\/fr\\\/cv\\\/\"]}]},{\"@type\":\"BreadcrumbList\",\"@id\":\"https:\\\/\\\/thilomuster.info\\\/fr\\\/cv\\\/#breadcrumb\",\"itemListElement\":[{\"@type\":\"ListItem\",\"position\":1,\"name\":\"Startseite\",\"item\":\"https:\\\/\\\/thilomuster.info\\\/fr\\\/\"},{\"@type\":\"ListItem\",\"position\":2,\"name\":\"CV\"}]},{\"@type\":\"WebSite\",\"@id\":\"https:\\\/\\\/thilomuster.info\\\/#website\",\"url\":\"https:\\\/\\\/thilomuster.info\\\/\",\"name\":\"Thilo Muster\",\"description\":\"organist\",\"publisher\":{\"@id\":\"https:\\\/\\\/thilomuster.info\\\/#\\\/schema\\\/person\\\/7ea3a1277f49d680734b680f0669947c\"},\"potentialAction\":[{\"@type\":\"SearchAction\",\"target\":{\"@type\":\"EntryPoint\",\"urlTemplate\":\"https:\\\/\\\/thilomuster.info\\\/?s={search_term_string}\"},\"query-input\":{\"@type\":\"PropertyValueSpecification\",\"valueRequired\":true,\"valueName\":\"search_term_string\"}}],\"inLanguage\":\"fr-FR\"},{\"@type\":[\"Person\",\"Organization\"],\"@id\":\"https:\\\/\\\/thilomuster.info\\\/#\\\/schema\\\/person\\\/7ea3a1277f49d680734b680f0669947c\",\"name\":\"thilo\",\"image\":{\"@type\":\"ImageObject\",\"inLanguage\":\"fr-FR\",\"@id\":\"https:\\\/\\\/thilomuster.info\\\/wp-content\\\/uploads\\\/2019\\\/02\\\/Thilo-Muster-Organist-Logo.jpg\",\"url\":\"https:\\\/\\\/thilomuster.info\\\/wp-content\\\/uploads\\\/2019\\\/02\\\/Thilo-Muster-Organist-Logo.jpg\",\"contentUrl\":\"https:\\\/\\\/thilomuster.info\\\/wp-content\\\/uploads\\\/2019\\\/02\\\/Thilo-Muster-Organist-Logo.jpg\",\"width\":300,\"height\":113,\"caption\":\"thilo\"},\"logo\":{\"@id\":\"https:\\\/\\\/thilomuster.info\\\/wp-content\\\/uploads\\\/2019\\\/02\\\/Thilo-Muster-Organist-Logo.jpg\"},\"sameAs\":[\"https:\\\/\\\/thilomuster.info\"]}]}<\/script>\n<!-- \/ Yoast SEO plugin. -->","yoast_head_json":{"title":"CV - Thilo Muster","robots":{"index":"index","follow":"follow","max-snippet":"max-snippet:-1","max-image-preview":"max-image-preview:large","max-video-preview":"max-video-preview:-1"},"canonical":"https:\/\/thilomuster.info\/fr\/cv\/","og_locale":"fr_FR","og_type":"article","og_title":"CV - Thilo Muster","og_description":"Thilo Muster :\u00a0CV \u201c Quelle vie dans ce jeu ! \u201d D\u2019origine allemande, Thilo Muster fait ses \u00e9tudes \u00e0 l\u2019Acad\u00e9mie de Musique de la ville de B\u00e2le\/Suisse chez Peter Efler (piano) et Guy Bovet (orgue). Il re\u00e7oit son dipl\u00f4me de soliste en 1992 avec distinction. La\u00a0d\u00e9couverte du Fitzwilliam Virginal Book\u00a0en tant que jeune musicien sera [&hellip;]","og_url":"https:\/\/thilomuster.info\/fr\/cv\/","og_site_name":"Thilo Muster","article_modified_time":"2016-11-10T14:00:33+00:00","twitter_card":"summary_large_image","twitter_misc":{"Dur\u00e9e de lecture estim\u00e9e":"2 minutes"},"schema":{"@context":"https:\/\/schema.org","@graph":[{"@type":"WebPage","@id":"https:\/\/thilomuster.info\/fr\/cv\/","url":"https:\/\/thilomuster.info\/fr\/cv\/","name":"CV - Thilo Muster","isPartOf":{"@id":"https:\/\/thilomuster.info\/#website"},"datePublished":"2015-01-21T19:49:04+00:00","dateModified":"2016-11-10T14:00:33+00:00","breadcrumb":{"@id":"https:\/\/thilomuster.info\/fr\/cv\/#breadcrumb"},"inLanguage":"fr-FR","potentialAction":[{"@type":"ReadAction","target":["https:\/\/thilomuster.info\/fr\/cv\/"]}]},{"@type":"BreadcrumbList","@id":"https:\/\/thilomuster.info\/fr\/cv\/#breadcrumb","itemListElement":[{"@type":"ListItem","position":1,"name":"Startseite","item":"https:\/\/thilomuster.info\/fr\/"},{"@type":"ListItem","position":2,"name":"CV"}]},{"@type":"WebSite","@id":"https:\/\/thilomuster.info\/#website","url":"https:\/\/thilomuster.info\/","name":"Thilo Muster","description":"organist","publisher":{"@id":"https:\/\/thilomuster.info\/#\/schema\/person\/7ea3a1277f49d680734b680f0669947c"},"potentialAction":[{"@type":"SearchAction","target":{"@type":"EntryPoint","urlTemplate":"https:\/\/thilomuster.info\/?s={search_term_string}"},"query-input":{"@type":"PropertyValueSpecification","valueRequired":true,"valueName":"search_term_string"}}],"inLanguage":"fr-FR"},{"@type":["Person","Organization"],"@id":"https:\/\/thilomuster.info\/#\/schema\/person\/7ea3a1277f49d680734b680f0669947c","name":"thilo","image":{"@type":"ImageObject","inLanguage":"fr-FR","@id":"https:\/\/thilomuster.info\/wp-content\/uploads\/2019\/02\/Thilo-Muster-Organist-Logo.jpg","url":"https:\/\/thilomuster.info\/wp-content\/uploads\/2019\/02\/Thilo-Muster-Organist-Logo.jpg","contentUrl":"https:\/\/thilomuster.info\/wp-content\/uploads\/2019\/02\/Thilo-Muster-Organist-Logo.jpg","width":300,"height":113,"caption":"thilo"},"logo":{"@id":"https:\/\/thilomuster.info\/wp-content\/uploads\/2019\/02\/Thilo-Muster-Organist-Logo.jpg"},"sameAs":["https:\/\/thilomuster.info"]}]}},"_links":{"self":[{"href":"https:\/\/thilomuster.info\/fr\/wp-json\/wp\/v2\/pages\/1633","targetHints":{"allow":["GET"]}}],"collection":[{"href":"https:\/\/thilomuster.info\/fr\/wp-json\/wp\/v2\/pages"}],"about":[{"href":"https:\/\/thilomuster.info\/fr\/wp-json\/wp\/v2\/types\/page"}],"author":[{"embeddable":true,"href":"https:\/\/thilomuster.info\/fr\/wp-json\/wp\/v2\/users\/1"}],"replies":[{"embeddable":true,"href":"https:\/\/thilomuster.info\/fr\/wp-json\/wp\/v2\/comments?post=1633"}],"version-history":[{"count":0,"href":"https:\/\/thilomuster.info\/fr\/wp-json\/wp\/v2\/pages\/1633\/revisions"}],"wp:attachment":[{"href":"https:\/\/thilomuster.info\/fr\/wp-json\/wp\/v2\/media?parent=1633"}],"curies":[{"name":"wp","href":"https:\/\/api.w.org\/{rel}","templated":true}]}}