{"id":2040,"date":"2015-01-26T22:25:26","date_gmt":"2015-01-26T21:25:26","guid":{"rendered":"http:\/\/thilomuster.info\/?page_id=2040"},"modified":"2021-03-09T22:09:31","modified_gmt":"2021-03-09T21:09:31","slug":"bruckner-la-neuvieme","status":"publish","type":"page","link":"https:\/\/thilomuster.info\/fr\/programmes-projects\/bruckner-la-neuvieme\/","title":{"rendered":"Bruckner \u2013 la neuvi\u00e8me"},"content":{"rendered":"<p>[et_pb_section fb_built=\u00a0\u00bb1&Prime; fullwidth=\u00a0\u00bbon\u00a0\u00bb _builder_version=\u00a0\u00bb3.22&Prime;][et_pb_fullwidth_slider admin_label=\u00a0\u00bbBruckner \u2013 die Neunte\u00a0\u00bb _builder_version=\u00a0\u00bb3.16&Prime; parallax=\u00a0\u00bbon\u00a0\u00bb custom_padding=\u00a0\u00bb|||\u00a0\u00bb custom_padding_tablet=\u00a0\u00bb|||\u00a0\u00bb custom_padding_phone=\u00a0\u00bb|||\u00a0\u00bb box_shadow_style=\u00a0\u00bbpreset6&Prime; box_shadow_blur=\u00a0\u00bb10px\u00a0\u00bb box_shadow_color=\u00a0\u00bbrgba(0,0,0,0.1)\u00a0\u00bb show_inner_shadow=\u00a0\u00bbon\u00a0\u00bb button_text_size__hover_enabled=\u00a0\u00bboff\u00a0\u00bb button_text_size__hover=\u00a0\u00bbnull\u00a0\u00bb button_one_text_size__hover_enabled=\u00a0\u00bboff\u00a0\u00bb button_one_text_size__hover=\u00a0\u00bbnull\u00a0\u00bb button_two_text_size__hover_enabled=\u00a0\u00bboff\u00a0\u00bb button_two_text_size__hover=\u00a0\u00bbnull\u00a0\u00bb button_text_color__hover_enabled=\u00a0\u00bboff\u00a0\u00bb button_text_color__hover=\u00a0\u00bbnull\u00a0\u00bb button_one_text_color__hover_enabled=\u00a0\u00bboff\u00a0\u00bb button_one_text_color__hover=\u00a0\u00bbnull\u00a0\u00bb button_two_text_color__hover_enabled=\u00a0\u00bboff\u00a0\u00bb button_two_text_color__hover=\u00a0\u00bbnull\u00a0\u00bb button_border_width__hover_enabled=\u00a0\u00bboff\u00a0\u00bb button_border_width__hover=\u00a0\u00bbnull\u00a0\u00bb button_one_border_width__hover_enabled=\u00a0\u00bboff\u00a0\u00bb button_one_border_width__hover=\u00a0\u00bbnull\u00a0\u00bb button_two_border_width__hover_enabled=\u00a0\u00bboff\u00a0\u00bb button_two_border_width__hover=\u00a0\u00bbnull\u00a0\u00bb button_border_color__hover_enabled=\u00a0\u00bboff\u00a0\u00bb button_border_color__hover=\u00a0\u00bbnull\u00a0\u00bb button_one_border_color__hover_enabled=\u00a0\u00bboff\u00a0\u00bb button_one_border_color__hover=\u00a0\u00bbnull\u00a0\u00bb button_two_border_color__hover_enabled=\u00a0\u00bboff\u00a0\u00bb button_two_border_color__hover=\u00a0\u00bbnull\u00a0\u00bb button_border_radius__hover_enabled=\u00a0\u00bboff\u00a0\u00bb button_border_radius__hover=\u00a0\u00bbnull\u00a0\u00bb button_one_border_radius__hover_enabled=\u00a0\u00bboff\u00a0\u00bb button_one_border_radius__hover=\u00a0\u00bbnull\u00a0\u00bb button_two_border_radius__hover_enabled=\u00a0\u00bboff\u00a0\u00bb button_two_border_radius__hover=\u00a0\u00bbnull\u00a0\u00bb button_letter_spacing__hover_enabled=\u00a0\u00bboff\u00a0\u00bb button_letter_spacing__hover=\u00a0\u00bbnull\u00a0\u00bb button_one_letter_spacing__hover_enabled=\u00a0\u00bboff\u00a0\u00bb button_one_letter_spacing__hover=\u00a0\u00bbnull\u00a0\u00bb button_two_letter_spacing__hover_enabled=\u00a0\u00bboff\u00a0\u00bb button_two_letter_spacing__hover=\u00a0\u00bbnull\u00a0\u00bb button_bg_color__hover_enabled=\u00a0\u00bboff\u00a0\u00bb button_bg_color__hover=\u00a0\u00bbnull\u00a0\u00bb button_one_bg_color__hover_enabled=\u00a0\u00bboff\u00a0\u00bb button_one_bg_color__hover=\u00a0\u00bbnull\u00a0\u00bb button_two_bg_color__hover_enabled=\u00a0\u00bboff\u00a0\u00bb button_two_bg_color__hover=\u00a0\u00bbnull\u00a0\u00bb][et_pb_slide heading=\u00a0\u00bbBRUCKNER \u2013 LA NEUVIEME\u00a0\u00bb _builder_version=\u00a0\u00bb3.16&Prime; background_color=\u00a0\u00bb#ffffff\u00a0\u00bb background_image=\u00a0\u00bbhttps:\/\/thilomuster.info\/wp-content\/uploads\/2015\/01\/Bruckner-Hintergrund-orig.jpg\u00a0\u00bb button_text_size__hover_enabled=\u00a0\u00bboff\u00a0\u00bb button_one_text_size__hover_enabled=\u00a0\u00bboff\u00a0\u00bb button_two_text_size__hover_enabled=\u00a0\u00bboff\u00a0\u00bb button_text_color__hover_enabled=\u00a0\u00bboff\u00a0\u00bb button_one_text_color__hover_enabled=\u00a0\u00bboff\u00a0\u00bb button_two_text_color__hover_enabled=\u00a0\u00bboff\u00a0\u00bb button_border_width__hover_enabled=\u00a0\u00bboff\u00a0\u00bb button_one_border_width__hover_enabled=\u00a0\u00bboff\u00a0\u00bb button_two_border_width__hover_enabled=\u00a0\u00bboff\u00a0\u00bb button_border_color__hover_enabled=\u00a0\u00bboff\u00a0\u00bb button_one_border_color__hover_enabled=\u00a0\u00bboff\u00a0\u00bb button_two_border_color__hover_enabled=\u00a0\u00bboff\u00a0\u00bb button_border_radius__hover_enabled=\u00a0\u00bboff\u00a0\u00bb button_one_border_radius__hover_enabled=\u00a0\u00bboff\u00a0\u00bb button_two_border_radius__hover_enabled=\u00a0\u00bboff\u00a0\u00bb button_letter_spacing__hover_enabled=\u00a0\u00bboff\u00a0\u00bb button_one_letter_spacing__hover_enabled=\u00a0\u00bboff\u00a0\u00bb button_two_letter_spacing__hover_enabled=\u00a0\u00bboff\u00a0\u00bb button_bg_color__hover_enabled=\u00a0\u00bboff\u00a0\u00bb button_one_bg_color__hover_enabled=\u00a0\u00bboff\u00a0\u00bb button_two_bg_color__hover_enabled=\u00a0\u00bboff\u00a0\u00bb sticky_transition=\u00a0\u00bbon\u00a0\u00bb]<\/p>\n<h2><em>\u00ab\u00a0d\u00e9di\u00e9e au bon Dieu\u00a0\u00bb<\/em><\/h2>\n<p>[\/et_pb_slide][\/et_pb_fullwidth_slider][\/et_pb_section][et_pb_section fb_built=\u00a0\u00bb1&Prime; _builder_version=\u00a0\u00bb3.22&Prime; background_color=\u00a0\u00bb#ffffff\u00a0\u00bb background_image=\u00a0\u00bbhttps:\/\/thilomuster.info\/wp-content\/uploads\/2015\/01\/St.-Florian.jpg\u00a0\u00bb transparent_background=\u00a0\u00bboff\u00a0\u00bb][et_pb_row column_structure=\u00a0\u00bb2_3,1_3&Prime; _builder_version=\u00a0\u00bb3.25&Prime; background_size=\u00a0\u00bbinitial\u00a0\u00bb background_position=\u00a0\u00bbtop_left\u00a0\u00bb background_repeat=\u00a0\u00bbrepeat\u00a0\u00bb][et_pb_column type=\u00a0\u00bb2_3&Prime; _builder_version=\u00a0\u00bb3.25&Prime; custom_padding=\u00a0\u00bb|||\u00a0\u00bb custom_padding__hover=\u00a0\u00bb|||\u00a0\u00bb][et_pb_text admin_label=\u00a0\u00bbBruckner \u2013 die Neunte\u00a0\u00bb _builder_version=\u00a0\u00bb3.27.4&Prime; background_size=\u00a0\u00bbinitial\u00a0\u00bb background_position=\u00a0\u00bbtop_left\u00a0\u00bb background_repeat=\u00a0\u00bbrepeat\u00a0\u00bb]<\/p>\n<h1>Anton Bruckner \u2013\u00a0Symphonie No. 9\u00a0en r\u00e9 mineur<\/h1>\n<p><strong>Dans la transcription\u00a0g\u00e9niale \u00a0pour orgue seul de\u00a0<a href=\"https:\/\/www.musikschule-klotz.de\">Eberhard Klotz<\/a>. Edit\u00e9e chez\u00a0<a href=\"http:\/\/www.merseburger.de\/index.php?id=9853&amp;\">Merseburger<br \/>\n<\/a><\/strong><em><strong><br \/>\nWozu dienen Orgeltranskriptionen grosser sinfonischer Werke in der Gegenwart? <\/strong><\/em><strong><em>\u2013 Gedanken zu meiner Orgelbearbeitung zu Anton Bruckners 9. Sinfonie (Wien 1896).<\/em><\/strong><\/p>\n<p><em>Im 19. Jahrhundert und noch weit in das 20. Jahrhundert hinein dienten Orgelbearbeitungen in erster Linie dazu, ein (meist neues) grosses Orchesterwerk einem breiten Publikum bekannt zu machen. Tonaufnahmen gab es vorerst nicht, sp\u00e4ter waren sie selten, teuer und oft noch von schlechter Qualit\u00e4t. Gerade kleinere St\u00e4dte hatten zudem keine eigenen Orchester &#8211; oder Sinfoniekonzerte. Hier war der st\u00e4dtische Organist derjenige, der die Werke auf der Orgel jedem musikalisch Interessierten zuerst zug\u00e4nglich machte. Gerade im franz\u00f6sischen und im angels\u00e4chsischen Raum, in welchem die Orgel traditionell weniger als kirchlich gebundenes, denn als freies Konzertinstrument des geblideten B\u00fcrgertums gesehen wurde, hatten solche Darbietungenen gr\u00f6sste Beliebtheit.<\/em><\/p>\n<p><em>Heute k\u00f6nnte man einwerfen, dass die Orchesterwerke ja \u00fcberall in den originalen Fassungen, von besten Orchestern interpretiert, leicht in guten Tonaufnahmen zug\u00e4nglich sind; zudem gibt es heute viele Orchesterkonzerte gerade auch in kleineren St\u00e4dten &#8211; oder das interessierte Publikum kann leicht zu den entsprechenden Auff\u00fchrugsorten reisen.<\/em><\/p>\n<p><em>Konzerte mit Orgelbearbeitungen grosser Orchesterwerke haben heute also eine ganz andere Bedeutung als fr\u00fcher: Sie beleben vor allem wieder die grosse Tradition der Orgelkonzerte des 19. Jahrhunderts, in denen, wie gesagt, Bearbeitungen eine\u00a0wichtige\u00a0Rolle spielten und lassen auf diese Weise eine grosse europ\u00e4ische und amerikanische Tradition nicht verlorengehen, die durch die Technisierung und Rationalisierung der Welt zu verschwinden droht. Zudem lassen sie f\u00fcr den H\u00f6rer einen neuen Blick, eine neue Deutung auf das Werk zu und vermitteln ihm so die Musik neu &#8211; ein Aspekt der mir vor allem bei schon unendlich oft im Original\u00a0gespielten Repertoirewerken wichtig erscheint. Der H\u00f6rer gewinnt so neue Zug\u00e4nge zum Werk, die Atmosph\u00e4re ist durch nur einen Interpreten ungleich kommunikativer und intimer, als dies bei\u00a0Sinfoniekonzerten in grosser Besetzung der Fall ist. Aus diesem Grund hat etwa Arnold Sch\u00f6nberg Werke von Gustav Mahler f\u00fcr extrem reduzierte Besetzungen bearbeitet\u00a0\u2013\u00a0um den H\u00f6rer wieder zu \u00abzwingen\u00bb, jenseits vom grossen Klangrausch, sich\u00a0neu auf das Wertvolle der rein musikalischen Substanz zu konzentrieren.<\/em><\/p>\n<p><em>In diesem Sinne ist auch meine Orgelfassung zu Anton Bruckners 9. Sinfonie zu verstehen: Sie m\u00f6chte kein Ersatz f\u00fcr die Orchesterfassung sein, sondern ein neues f\u00fcr die Orgel und ihre klanglichen\u00a0M\u00f6glichkeiten eigens geschierbenes Werk; sie m\u00f6chte Musik vermitteln, neu und lebendig f\u00fcr das heutige Publikum erlebbar machen.<\/em><\/p>\n<p><em>Zudem ist eine solche Auff\u00fchrung nat\u00fcrlich auch ein rein virtuoses Erlebnis: Wie gelingt es einem einzigen Spieler, eine ganze Sinfonie, die sonst von \u00fcber 100 Musikern gespielt wird, auf der K\u00f6nigin\u00a0der Instrumente darzustellen, dem Instrument, welches Bruckner besonders geliebt hat und von dem aus alle seine Sinfonien konzipiert sind. So bleibt Bruckners Musik in dem Rahmen, in dem sie\u00a0entstanden ist und f\u00fchrt uns wieder dem urspr\u00fcnglichen Entstehungsprozess des Komponisten n\u00e4her, er\u00f6ffnet uns gleichsam einen neuen vision\u00e4ren geistigen Raum.<\/em><\/p>\n<p><em>Eberhard Klotz<\/em><br \/>\n[\/et_pb_text][et_pb_text _builder_version=\u00a0\u00bb3.27.4&Prime; background_size=\u00a0\u00bbinitial\u00a0\u00bb background_position=\u00a0\u00bbtop_left\u00a0\u00bb background_repeat=\u00a0\u00bbrepeat\u00a0\u00bb]<\/p>\n<h1>Critiques de concert :<\/h1>\n<p>[\/et_pb_text][et_pb_testimonial author=\u00a0\u00bbChristine Gehringer, PAMINA MAGAZIN\u00a0\u00bb admin_label=\u00a0\u00bbPamina Magazin\u00a0\u00bb _builder_version=\u00a0\u00bb3.2&Prime; background_size=\u00a0\u00bbinitial\u00a0\u00bb background_position=\u00a0\u00bbtop_left\u00a0\u00bb background_repeat=\u00a0\u00bbrepeat\u00a0\u00bb]Der Organist\u2026hat die gewichtige Aufgabe, eine gro\u00dfe Sinfonie am Spieltisch v\u00f6llig alleine zu formen, und dies ist eines der eindrucksvollsten Erlebnisse an diesem Abend: Denn Thilo Muster wechselt nicht nur meisterhaft zwischen wuchtigen Klangs\u00e4ulen und einem leichth\u00e4ndigen, lichten Figurenwerk \u2013 nein, hinzu kommt, dass ihm etwas gelingt, was eigentlich an der Orgel kaum m\u00f6glich ist: Er formt einen beweglichen, &lsquo;atmenden&rsquo; Ton, alles wirkt ausgesprochen organisch; fast s\u00e4ngerisch phrasiert er, nimmt alles unter eine flexible Atems\u00e4ule.<\/p>\n<p>Thilo Muster stuft die Einzelstimmen teilweise nochmals in sich ab, und so h\u00f6rt man beispielsweise glitzernde Metallf\u00e4den, die sich zwischendurch vom klanglichen Gesamtbild l\u00f6sen und das Werk somit sehr transparent halten.\u00a0\u00dcberhaupt klingen gerade diese feinen Ver\u00e4stelungen wie ein System aus hauchd\u00fcnnen Kapillaren \u2013 das ist schlicht meisterhaft.<\/p>\n<p>Thilo Musters &lsquo;s\u00e4ngerische&rsquo; Qualit\u00e4ten, seine F\u00e4higkeit, lange B\u00f6gen und Spannungslinien zu entwickeln \u2013 all das zeigt vor allem nochmals der dritte Satz.<\/p>\n<p>Langanhaltender Beifall am Ende; ein w\u00fcrdiger Schluss des diesj\u00e4hrigen Orgelsommers.<\/p>\n<p>(Lisez le texte int\u00e9gral\u00a0<a href=\"http:\/\/web.archive.org\/web\/20150902054631\/http:\/\/www.pamina-magazin.de:80\/categories\/05kritik\/150811_Orgelsommer_Thilo_Muster.html\">ici<\/a>)<br \/>\n[\/et_pb_testimonial][et_pb_testimonial author=\u00a0\u00bbBadische Neueste Nachrichten\u00a0\u00bb url=\u00a0\u00bbhttp:\/\/www.bnn.de\u00a0\u00bb admin_label=\u00a0\u00bbBNN\u00a0\u00bb _builder_version=\u00a0\u00bb3.2&Prime; background_size=\u00a0\u00bbinitial\u00a0\u00bb background_position=\u00a0\u00bbtop_left\u00a0\u00bb background_repeat=\u00a0\u00bbrepeat\u00a0\u00bb]Als Klangdome, als riesenhafte Kathedrale in T\u00f6nen oder gar als in die Ewigkeit hinaust\u00f6nende Musik werden sie h\u00e4ufig bezeichnet, die \u00e4u\u00dferst umf\u00e4nglichen Sinfonien Anton Bruckners. Eine gro\u00dfe romantische Orchesterbesetzung ist also eigentlich genau das Richtige f\u00fcr diese Musik, alles andere mag einem unangemessen erscheinen \u2013 bis auf eine Alternative: die Wiedergabe auf der Orgel.<\/p>\n<p>So geschehen nun beim letzten Konzert des internationalen Orgelsommers in der evangelischen Stadtkirche, bei dem der aus Deutschland stammende, aber in der Schweiz ausgebildete und dort lebende Organist Thilo Muster Bruckners 9. Sinfonie in d-moll in einer Orgelfassung von Eberhard Klotz in kongenialer Weise interpretierte und daf\u00fcr am Ende begeisterten Applaus erntete.<\/p>\n<p>Der klangliche Reichtum der romantisch ausgelegten, gro\u00dfen Steinmeyer-Orgel, deren elektronische Registrieranlage zudem Rasche, der Musik gerecht werdende Klangfarbenwechsel erm\u00f6glicht, war daf\u00fcr die ideale Voraussetzung. Interessant war gleichfalls die Bild\u00fcbertragung des Orgelspieltischs mit Thilo Muster auf eine Art vor dem Altar postierte Leinwand. Einerseits wurde so eine direkterer Kontakt zwischen Auditorium und Solist hergestellt, anderseits lenkte die permanente Bild\u00fcbertragung phasenweise aber auch von der Musik selbst ab. Hinzu kam eine geringe Latenz: der guten Zehntelsekunde, die der Klang von der zweiten Empore oben bis zum Zuh\u00f6rer unten brauchte, eilten Musters auf der Leinwand in Echtzeit zu sehende Fingerbewegungen auf der Tastatur voraus.<\/p>\n<p>Solcherlei Details stand jedoch Thilo Musters meisterhaftes Spiel mehr als gegen\u00fcber: Schon im feierlichen\u00a0<em>Misterioso<\/em>\u00a0des ersten Satzes ist un\u00fcberh\u00f6rbar, dass die Orgel das Instrument ist, aus dem heraus Bruckners Sinfonien, erst recht seine Neunte, gedacht sind. Die sakrale Wirkung dieses Klangdomes ging mit dem Orgelklang somit eine gl\u00fcckliche Synthese ein.<\/p>\n<p>Trotz der Schwierigkeit mit dem statischen Orgelklang organisch zu phrasieren, gelang Thilo Muster hier eine abwechslungsreiche Gestaltung hinsichtlich Dynamik und Klangfarben. Im Scherzo spielte er sauber artikulierend und gut durchh\u00f6rbar; durch die Vermeidung gro\u00dfer Klanggebung an extrovertierten Stellen bewahrte Muster die geisterhaft-fahle Wirkung des Satzes. Das wahrhaft himmlisch lange Schlussadagio durchma\u00df er regelrecht z\u00fcgig und machte den Satz somit f\u00fcr den Zuh\u00f6rer leichter verst\u00e4ndlich; mit der passenden Ausgestaltung der H\u00f6hepunkte sorgte er f\u00fcr zus\u00e4tzliche Struktur. Ein meisterlicher Abschluss des Orgelsommers!<br \/>\n[\/et_pb_testimonial][\/et_pb_column][et_pb_column type=\u00a0\u00bb1_3&Prime; _builder_version=\u00a0\u00bb3.25&Prime; custom_padding=\u00a0\u00bb|||\u00a0\u00bb custom_padding__hover=\u00a0\u00bb|||\u00a0\u00bb][et_pb_text _builder_version=\u00a0\u00bb4.9.1&Prime; link_option_url=\u00a0\u00bbhttps:\/\/thilomuster.info\/fr\/bruckner-sinfonie-ix\/\u00a0\u00bb hover_enabled=\u00a0\u00bb0&Prime; sticky_enabled=\u00a0\u00bb0&Prime;]<\/p>\n<h1>Vient de para\u00eetre :<\/h1>\n<p>[\/et_pb_text][et_pb_image src=\u00a0\u00bbhttps:\/\/thilomuster.info\/wp-content\/uploads\/2021\/03\/16-cover.jpg\u00a0\u00bb title_text=\u00a0\u00bb16 Cover\u00a0\u00bb url=\u00a0\u00bbhttps:\/\/thilomuster.info\/fr\/bruckner-sinfonie-ix\/\u00a0\u00bb admin_label=\u00a0\u00bbCD Bruckner IX\u00a0\u00bb _builder_version=\u00a0\u00bb4.9.1&Prime; _module_preset=\u00a0\u00bbdefault\u00a0\u00bb][\/et_pb_image][et_pb_sidebar orientation=\u00a0\u00bbright\u00a0\u00bb area=\u00a0\u00bbet_pb_widget_area_1&Prime; admin_label=\u00a0\u00bbSidebar\u00a0\u00bb _builder_version=\u00a0\u00bb4.4.8&Prime;][\/et_pb_sidebar][\/et_pb_column][\/et_pb_row][\/et_pb_section]<\/p>\n","protected":false},"excerpt":{"rendered":"<p>\u00ab\u00a0d\u00e9di\u00e9e au bon Dieu\u00a0\u00bb Anton Bruckner \u2013\u00a0Symphonie No. 9\u00a0en r\u00e9 mineur Dans la transcription\u00a0g\u00e9niale \u00a0pour orgue seul de\u00a0Eberhard Klotz. Edit\u00e9e chez\u00a0Merseburger Wozu dienen Orgeltranskriptionen grosser sinfonischer Werke in der Gegenwart? \u2013 Gedanken zu meiner Orgelbearbeitung zu Anton Bruckners 9. Sinfonie (Wien 1896). Im 19. Jahrhundert und noch weit in das 20. Jahrhundert hinein dienten Orgelbearbeitungen [&hellip;]<\/p>\n","protected":false},"author":1,"featured_media":0,"parent":1224,"menu_order":0,"comment_status":"open","ping_status":"open","template":"","meta":{"_et_pb_use_builder":"on","_et_pb_old_content":"","_et_gb_content_width":"","_exactmetrics_skip_tracking":false,"_exactmetrics_sitenote_active":false,"_exactmetrics_sitenote_note":"","_exactmetrics_sitenote_category":0,"footnotes":""},"class_list":["post-2040","page","type-page","status-publish","hentry"],"yoast_head":"<!-- This site is optimized with the Yoast SEO plugin v27.5 - https:\/\/yoast.com\/product\/yoast-seo-wordpress\/ -->\n<title>Bruckner \u2013 la neuvi\u00e8me - Thilo Muster<\/title>\n<meta name=\"robots\" content=\"index, follow, max-snippet:-1, max-image-preview:large, max-video-preview:-1\" \/>\n<link rel=\"canonical\" href=\"https:\/\/thilomuster.info\/fr\/programmes-projects\/bruckner-la-neuvieme\/\" \/>\n<meta property=\"og:locale\" content=\"fr_FR\" \/>\n<meta property=\"og:type\" content=\"article\" \/>\n<meta property=\"og:title\" content=\"Bruckner \u2013 la neuvi\u00e8me - Thilo Muster\" \/>\n<meta property=\"og:description\" content=\"\u00ab\u00a0d\u00e9di\u00e9e au bon Dieu\u00a0\u00bb Anton Bruckner \u2013\u00a0Symphonie No. 9\u00a0en r\u00e9 mineur Dans la transcription\u00a0g\u00e9niale \u00a0pour orgue seul de\u00a0Eberhard Klotz. Edit\u00e9e chez\u00a0Merseburger Wozu dienen Orgeltranskriptionen grosser sinfonischer Werke in der Gegenwart? \u2013 Gedanken zu meiner Orgelbearbeitung zu Anton Bruckners 9. Sinfonie (Wien 1896). Im 19. Jahrhundert und noch weit in das 20. Jahrhundert hinein dienten Orgelbearbeitungen [&hellip;]\" \/>\n<meta property=\"og:url\" content=\"https:\/\/thilomuster.info\/fr\/programmes-projects\/bruckner-la-neuvieme\/\" \/>\n<meta property=\"og:site_name\" content=\"Thilo Muster\" \/>\n<meta property=\"article:modified_time\" content=\"2021-03-09T21:09:31+00:00\" \/>\n<meta name=\"twitter:card\" content=\"summary_large_image\" \/>\n<meta name=\"twitter:label1\" content=\"Dur\u00e9e de lecture estim\u00e9e\" \/>\n\t<meta name=\"twitter:data1\" content=\"9 minutes\" \/>\n<script type=\"application\/ld+json\" class=\"yoast-schema-graph\">{\"@context\":\"https:\\\/\\\/schema.org\",\"@graph\":[{\"@type\":\"WebPage\",\"@id\":\"https:\\\/\\\/thilomuster.info\\\/fr\\\/programmes-projects\\\/bruckner-la-neuvieme\\\/\",\"url\":\"https:\\\/\\\/thilomuster.info\\\/fr\\\/programmes-projects\\\/bruckner-la-neuvieme\\\/\",\"name\":\"Bruckner \u2013 la neuvi\u00e8me - Thilo Muster\",\"isPartOf\":{\"@id\":\"https:\\\/\\\/thilomuster.info\\\/#website\"},\"datePublished\":\"2015-01-26T21:25:26+00:00\",\"dateModified\":\"2021-03-09T21:09:31+00:00\",\"breadcrumb\":{\"@id\":\"https:\\\/\\\/thilomuster.info\\\/fr\\\/programmes-projects\\\/bruckner-la-neuvieme\\\/#breadcrumb\"},\"inLanguage\":\"fr-FR\",\"potentialAction\":[{\"@type\":\"ReadAction\",\"target\":[\"https:\\\/\\\/thilomuster.info\\\/fr\\\/programmes-projects\\\/bruckner-la-neuvieme\\\/\"]}]},{\"@type\":\"BreadcrumbList\",\"@id\":\"https:\\\/\\\/thilomuster.info\\\/fr\\\/programmes-projects\\\/bruckner-la-neuvieme\\\/#breadcrumb\",\"itemListElement\":[{\"@type\":\"ListItem\",\"position\":1,\"name\":\"Startseite\",\"item\":\"https:\\\/\\\/thilomuster.info\\\/fr\\\/\"},{\"@type\":\"ListItem\",\"position\":2,\"name\":\"Programmes &#038; Projets\",\"item\":\"https:\\\/\\\/thilomuster.info\\\/fr\\\/programmes-projects\\\/\"},{\"@type\":\"ListItem\",\"position\":3,\"name\":\"Bruckner \u2013 la neuvi\u00e8me\"}]},{\"@type\":\"WebSite\",\"@id\":\"https:\\\/\\\/thilomuster.info\\\/#website\",\"url\":\"https:\\\/\\\/thilomuster.info\\\/\",\"name\":\"Thilo Muster\",\"description\":\"organist\",\"publisher\":{\"@id\":\"https:\\\/\\\/thilomuster.info\\\/#\\\/schema\\\/person\\\/7ea3a1277f49d680734b680f0669947c\"},\"potentialAction\":[{\"@type\":\"SearchAction\",\"target\":{\"@type\":\"EntryPoint\",\"urlTemplate\":\"https:\\\/\\\/thilomuster.info\\\/?s={search_term_string}\"},\"query-input\":{\"@type\":\"PropertyValueSpecification\",\"valueRequired\":true,\"valueName\":\"search_term_string\"}}],\"inLanguage\":\"fr-FR\"},{\"@type\":[\"Person\",\"Organization\"],\"@id\":\"https:\\\/\\\/thilomuster.info\\\/#\\\/schema\\\/person\\\/7ea3a1277f49d680734b680f0669947c\",\"name\":\"thilo\",\"image\":{\"@type\":\"ImageObject\",\"inLanguage\":\"fr-FR\",\"@id\":\"https:\\\/\\\/thilomuster.info\\\/wp-content\\\/uploads\\\/2019\\\/02\\\/Thilo-Muster-Organist-Logo.jpg\",\"url\":\"https:\\\/\\\/thilomuster.info\\\/wp-content\\\/uploads\\\/2019\\\/02\\\/Thilo-Muster-Organist-Logo.jpg\",\"contentUrl\":\"https:\\\/\\\/thilomuster.info\\\/wp-content\\\/uploads\\\/2019\\\/02\\\/Thilo-Muster-Organist-Logo.jpg\",\"width\":300,\"height\":113,\"caption\":\"thilo\"},\"logo\":{\"@id\":\"https:\\\/\\\/thilomuster.info\\\/wp-content\\\/uploads\\\/2019\\\/02\\\/Thilo-Muster-Organist-Logo.jpg\"},\"sameAs\":[\"https:\\\/\\\/thilomuster.info\"]}]}<\/script>\n<!-- \/ Yoast SEO plugin. -->","yoast_head_json":{"title":"Bruckner \u2013 la neuvi\u00e8me - Thilo Muster","robots":{"index":"index","follow":"follow","max-snippet":"max-snippet:-1","max-image-preview":"max-image-preview:large","max-video-preview":"max-video-preview:-1"},"canonical":"https:\/\/thilomuster.info\/fr\/programmes-projects\/bruckner-la-neuvieme\/","og_locale":"fr_FR","og_type":"article","og_title":"Bruckner \u2013 la neuvi\u00e8me - Thilo Muster","og_description":"\u00ab\u00a0d\u00e9di\u00e9e au bon Dieu\u00a0\u00bb Anton Bruckner \u2013\u00a0Symphonie No. 9\u00a0en r\u00e9 mineur Dans la transcription\u00a0g\u00e9niale \u00a0pour orgue seul de\u00a0Eberhard Klotz. Edit\u00e9e chez\u00a0Merseburger Wozu dienen Orgeltranskriptionen grosser sinfonischer Werke in der Gegenwart? \u2013 Gedanken zu meiner Orgelbearbeitung zu Anton Bruckners 9. Sinfonie (Wien 1896). Im 19. Jahrhundert und noch weit in das 20. Jahrhundert hinein dienten Orgelbearbeitungen [&hellip;]","og_url":"https:\/\/thilomuster.info\/fr\/programmes-projects\/bruckner-la-neuvieme\/","og_site_name":"Thilo Muster","article_modified_time":"2021-03-09T21:09:31+00:00","twitter_card":"summary_large_image","twitter_misc":{"Dur\u00e9e de lecture estim\u00e9e":"9 minutes"},"schema":{"@context":"https:\/\/schema.org","@graph":[{"@type":"WebPage","@id":"https:\/\/thilomuster.info\/fr\/programmes-projects\/bruckner-la-neuvieme\/","url":"https:\/\/thilomuster.info\/fr\/programmes-projects\/bruckner-la-neuvieme\/","name":"Bruckner \u2013 la neuvi\u00e8me - Thilo Muster","isPartOf":{"@id":"https:\/\/thilomuster.info\/#website"},"datePublished":"2015-01-26T21:25:26+00:00","dateModified":"2021-03-09T21:09:31+00:00","breadcrumb":{"@id":"https:\/\/thilomuster.info\/fr\/programmes-projects\/bruckner-la-neuvieme\/#breadcrumb"},"inLanguage":"fr-FR","potentialAction":[{"@type":"ReadAction","target":["https:\/\/thilomuster.info\/fr\/programmes-projects\/bruckner-la-neuvieme\/"]}]},{"@type":"BreadcrumbList","@id":"https:\/\/thilomuster.info\/fr\/programmes-projects\/bruckner-la-neuvieme\/#breadcrumb","itemListElement":[{"@type":"ListItem","position":1,"name":"Startseite","item":"https:\/\/thilomuster.info\/fr\/"},{"@type":"ListItem","position":2,"name":"Programmes &#038; Projets","item":"https:\/\/thilomuster.info\/fr\/programmes-projects\/"},{"@type":"ListItem","position":3,"name":"Bruckner \u2013 la neuvi\u00e8me"}]},{"@type":"WebSite","@id":"https:\/\/thilomuster.info\/#website","url":"https:\/\/thilomuster.info\/","name":"Thilo Muster","description":"organist","publisher":{"@id":"https:\/\/thilomuster.info\/#\/schema\/person\/7ea3a1277f49d680734b680f0669947c"},"potentialAction":[{"@type":"SearchAction","target":{"@type":"EntryPoint","urlTemplate":"https:\/\/thilomuster.info\/?s={search_term_string}"},"query-input":{"@type":"PropertyValueSpecification","valueRequired":true,"valueName":"search_term_string"}}],"inLanguage":"fr-FR"},{"@type":["Person","Organization"],"@id":"https:\/\/thilomuster.info\/#\/schema\/person\/7ea3a1277f49d680734b680f0669947c","name":"thilo","image":{"@type":"ImageObject","inLanguage":"fr-FR","@id":"https:\/\/thilomuster.info\/wp-content\/uploads\/2019\/02\/Thilo-Muster-Organist-Logo.jpg","url":"https:\/\/thilomuster.info\/wp-content\/uploads\/2019\/02\/Thilo-Muster-Organist-Logo.jpg","contentUrl":"https:\/\/thilomuster.info\/wp-content\/uploads\/2019\/02\/Thilo-Muster-Organist-Logo.jpg","width":300,"height":113,"caption":"thilo"},"logo":{"@id":"https:\/\/thilomuster.info\/wp-content\/uploads\/2019\/02\/Thilo-Muster-Organist-Logo.jpg"},"sameAs":["https:\/\/thilomuster.info"]}]}},"_links":{"self":[{"href":"https:\/\/thilomuster.info\/fr\/wp-json\/wp\/v2\/pages\/2040","targetHints":{"allow":["GET"]}}],"collection":[{"href":"https:\/\/thilomuster.info\/fr\/wp-json\/wp\/v2\/pages"}],"about":[{"href":"https:\/\/thilomuster.info\/fr\/wp-json\/wp\/v2\/types\/page"}],"author":[{"embeddable":true,"href":"https:\/\/thilomuster.info\/fr\/wp-json\/wp\/v2\/users\/1"}],"replies":[{"embeddable":true,"href":"https:\/\/thilomuster.info\/fr\/wp-json\/wp\/v2\/comments?post=2040"}],"version-history":[{"count":5,"href":"https:\/\/thilomuster.info\/fr\/wp-json\/wp\/v2\/pages\/2040\/revisions"}],"predecessor-version":[{"id":5550,"href":"https:\/\/thilomuster.info\/fr\/wp-json\/wp\/v2\/pages\/2040\/revisions\/5550"}],"up":[{"embeddable":true,"href":"https:\/\/thilomuster.info\/fr\/wp-json\/wp\/v2\/pages\/1224"}],"wp:attachment":[{"href":"https:\/\/thilomuster.info\/fr\/wp-json\/wp\/v2\/media?parent=2040"}],"curies":[{"name":"wp","href":"https:\/\/api.w.org\/{rel}","templated":true}]}}