{"id":2588,"date":"2015-08-23T16:56:26","date_gmt":"2015-08-23T14:56:26","guid":{"rendered":"http:\/\/thilomuster.info\/fr\/the-fitzwilliam-project\/"},"modified":"2020-10-21T14:34:59","modified_gmt":"2020-10-21T12:34:59","slug":"the-fitzwilliam-project","status":"publish","type":"page","link":"https:\/\/thilomuster.info\/fr\/the-fitzwilliam-project\/","title":{"rendered":"Projet \u00ab Fitzwilliam \u00bb"},"content":{"rendered":"<p>[et_pb_section fb_built=\u00a0\u00bb1&Prime; fullwidth=\u00a0\u00bbon\u00a0\u00bb admin_label=\u00a0\u00bbsection\u00a0\u00bb _builder_version=\u00a0\u00bb3.22&Prime;][et_pb_fullwidth_slider admin_label=\u00a0\u00bbFullwidth Slider\u00a0\u00bb _builder_version=\u00a0\u00bb3.16&Prime; custom_padding=\u00a0\u00bb|||\u00a0\u00bb custom_padding_tablet=\u00a0\u00bb|||\u00a0\u00bb custom_padding_phone=\u00a0\u00bb|||\u00a0\u00bb box_shadow_style=\u00a0\u00bbpreset6&Prime; box_shadow_blur=\u00a0\u00bb10px\u00a0\u00bb box_shadow_color=\u00a0\u00bbrgba(0,0,0,0.1)\u00a0\u00bb show_inner_shadow=\u00a0\u00bbon\u00a0\u00bb button_text_size__hover_enabled=\u00a0\u00bboff\u00a0\u00bb button_one_text_size__hover_enabled=\u00a0\u00bboff\u00a0\u00bb button_two_text_size__hover_enabled=\u00a0\u00bboff\u00a0\u00bb button_text_color__hover_enabled=\u00a0\u00bboff\u00a0\u00bb button_one_text_color__hover_enabled=\u00a0\u00bboff\u00a0\u00bb button_two_text_color__hover_enabled=\u00a0\u00bboff\u00a0\u00bb button_border_width__hover_enabled=\u00a0\u00bboff\u00a0\u00bb button_one_border_width__hover_enabled=\u00a0\u00bboff\u00a0\u00bb button_two_border_width__hover_enabled=\u00a0\u00bboff\u00a0\u00bb button_border_color__hover_enabled=\u00a0\u00bboff\u00a0\u00bb button_one_border_color__hover_enabled=\u00a0\u00bboff\u00a0\u00bb button_two_border_color__hover_enabled=\u00a0\u00bboff\u00a0\u00bb button_border_radius__hover_enabled=\u00a0\u00bboff\u00a0\u00bb button_one_border_radius__hover_enabled=\u00a0\u00bboff\u00a0\u00bb button_two_border_radius__hover_enabled=\u00a0\u00bboff\u00a0\u00bb button_letter_spacing__hover_enabled=\u00a0\u00bboff\u00a0\u00bb button_one_letter_spacing__hover_enabled=\u00a0\u00bboff\u00a0\u00bb button_two_letter_spacing__hover_enabled=\u00a0\u00bboff\u00a0\u00bb button_bg_color__hover_enabled=\u00a0\u00bboff\u00a0\u00bb button_one_bg_color__hover_enabled=\u00a0\u00bboff\u00a0\u00bb button_two_bg_color__hover_enabled=\u00a0\u00bboff\u00a0\u00bb][et_pb_slide heading=\u00a0\u00bbLe projet \u00ab Fitzwilliam \u00bb\u00a0\u00bb _builder_version=\u00a0\u00bb3.16&Prime; background_color=\u00a0\u00bb#ffffff\u00a0\u00bb background_image=\u00a0\u00bbhttps:\/\/thilomuster.info\/wp-content\/uploads\/2015\/07\/IMG_2194.jpg\u00a0\u00bb sticky_transition=\u00a0\u00bbon\u00a0\u00bb button_text_size__hover_enabled=\u00a0\u00bboff\u00a0\u00bb button_one_text_size__hover_enabled=\u00a0\u00bboff\u00a0\u00bb button_two_text_size__hover_enabled=\u00a0\u00bboff\u00a0\u00bb button_text_color__hover_enabled=\u00a0\u00bboff\u00a0\u00bb button_one_text_color__hover_enabled=\u00a0\u00bboff\u00a0\u00bb button_two_text_color__hover_enabled=\u00a0\u00bboff\u00a0\u00bb button_border_width__hover_enabled=\u00a0\u00bboff\u00a0\u00bb button_one_border_width__hover_enabled=\u00a0\u00bboff\u00a0\u00bb button_two_border_width__hover_enabled=\u00a0\u00bboff\u00a0\u00bb button_border_color__hover_enabled=\u00a0\u00bboff\u00a0\u00bb button_one_border_color__hover_enabled=\u00a0\u00bboff\u00a0\u00bb button_two_border_color__hover_enabled=\u00a0\u00bboff\u00a0\u00bb button_border_radius__hover_enabled=\u00a0\u00bboff\u00a0\u00bb button_one_border_radius__hover_enabled=\u00a0\u00bboff\u00a0\u00bb button_two_border_radius__hover_enabled=\u00a0\u00bboff\u00a0\u00bb button_letter_spacing__hover_enabled=\u00a0\u00bboff\u00a0\u00bb button_one_letter_spacing__hover_enabled=\u00a0\u00bboff\u00a0\u00bb button_two_letter_spacing__hover_enabled=\u00a0\u00bboff\u00a0\u00bb button_bg_color__hover_enabled=\u00a0\u00bboff\u00a0\u00bb button_one_bg_color__hover_enabled=\u00a0\u00bboff\u00a0\u00bb button_two_bg_color__hover_enabled=\u00a0\u00bboff\u00a0\u00bb][\/et_pb_slide][\/et_pb_fullwidth_slider][\/et_pb_section][et_pb_section fb_built=\u00a0\u00bb1&Prime; admin_label=\u00a0\u00bbsection\u00a0\u00bb _builder_version=\u00a0\u00bb3.22&Prime; background_color=\u00a0\u00bb#ffffff\u00a0\u00bb background_image=\u00a0\u00bbhttps:\/\/thilomuster.info\/wp-content\/uploads\/2015\/08\/Facsimile-FVB-noch-heller.jpg\u00a0\u00bb transparent_background=\u00a0\u00bboff\u00a0\u00bb][et_pb_row admin_label=\u00a0\u00bbrow\u00a0\u00bb _builder_version=\u00a0\u00bb3.25&Prime; background_size=\u00a0\u00bbinitial\u00a0\u00bb background_position=\u00a0\u00bbtop_left\u00a0\u00bb background_repeat=\u00a0\u00bbrepeat\u00a0\u00bb column_structure=\u00a0\u00bb3_4,1_4&Prime;][et_pb_column type=\u00a0\u00bb3_4&Prime; _builder_version=\u00a0\u00bb3.25&Prime; custom_padding=\u00a0\u00bb|||\u00a0\u00bb custom_padding__hover=\u00a0\u00bb|||\u00a0\u00bb][et_pb_text admin_label=\u00a0\u00bbText\u00a0\u00bb _builder_version=\u00a0\u00bb3.27.4&Prime; background_size=\u00a0\u00bbinitial\u00a0\u00bb background_position=\u00a0\u00bbtop_left\u00a0\u00bb background_repeat=\u00a0\u00bbrepeat\u00a0\u00bb use_border_color=\u00a0\u00bboff\u00a0\u00bb border_color=\u00a0\u00bb#ffffff\u00a0\u00bb border_style=\u00a0\u00bbsolid\u00a0\u00bb]<b>Le projet Fitzwilliam <\/b>se r\u00e9f\u00e8re au c\u00e9l\u00e8bre <b><i>Fitzwilliam Virginal Book<\/i><\/b>, somptueux manuscrit conserv\u00e9 au <i>Fitzwilliam Museum <\/i>\u00e0 Cambridge, et contenant proche de 300 pi\u00e8ces de musique pour clavier de compositeurs principalement anglais, tels que <b>William Byrd, Thomas Tallis, John Bull, Orlando Gibbons <\/b>et beaucoup d\u2019autres. Le <b><i>Fitzwilliam Virginal Book<\/i><\/b> est la source la plus importante \u2013 en quantit\u00e9 ainsi qu\u2019en qualit\u00e9 \u2013\u00a0de musique de clavier des XVIIe et XVIIIe si\u00e8cles en Angleterre. Quant on parcourt le recueil, on reste en effet bouche b\u00e9e devant un telle quantit\u00e9 de merveilles musicales de l\u2019\u00e2ge d\u2019or de la musique anglaise \u2013 pr\u00e8s de 18 heures de musique !<\/p>\n<p>Le <b>projet Fitzwilliam <\/b>a pour but de rendre ces merveilles pleinement accessibles au public ; en effet aucun enregistrement int\u00e9gral du manuscrit a \u00e9t\u00e9 r\u00e9alis\u00e9 jusqu\u2019\u00e0 ce jour.<\/p>\n<p>A part la r\u00e9alisation d\u2019un enregistrement int\u00e9gral de toutes les 297 pi\u00e8ces en 16 CDs, le projet veut donner aux m\u00e9lomanes l\u2019occasion d\u2019exp\u00e9rimenter cette collection inou\u00efe dans sa totalit\u00e9, en organisant des repr\u00e9sentations int\u00e9grales en 16 r\u00e9citals dans toute l\u2019Europe \u00e9galement en premi\u00e8re mondiale.<\/p>\n<p>A cette fin, huit clavecinistes-organistes de quatre pays, de renom international se sont mis ensemble pour \u00e9laborer ce projet extraordinaire. Pour que l\u2019enregistrement pr\u00e9sente autant de vari\u00e9t\u00e9 et de pertinence historique que possible \u2013 outre le fait qui\u2019l sera enregistr\u00e9 par huit personnes diff\u00e9rentes \u2013 tous les instruments \u00e0 clavier connus de l\u2019Angleterre des XVIe et XVIIe si\u00e8cles seront repr\u00e9sent\u00e9s, \u00e0 savoir le <b>clavecin<\/b>, le <b>virginal<\/b>, la <b>r\u00e9gale<\/b>, <b>l\u2019orgue<\/b>, le <b>clavicorde<\/b> et le <b>claviorganum<\/b>. Nous utiliserons des instruments historiques ainsi que des copies d\u2019ancien des plus \u00e9minents facteurs europ\u00e9ens.<\/p>\n<p>Les concerts pourront \u00eatre organis\u00e9s en \u00ab marathon \u00bb, c\u2019est \u00e0 dire en deux \u00e0\u00a0quatre\u00a0jours, ou \u00e9tendus sur une p\u00e9riode plus longue, par exemple une saison enti\u00e8re. Des expos\u00e9s autour du <i>Fitzwilliam Virginal Book<\/i>, de la musique anglaise en g\u00e9n\u00e9ral ou des instruments pourront compl\u00e9ter les concerts.<\/p>\n<p>Pour la r\u00e9alisation du projet, les artistes sont \u00e0 la recherche d\u2019autant de collaborations europ\u00e9ennes que possible, parmi lesquelles sont des Institutions comme la <strong><i>Cardiff University<\/i><\/strong> et le <i><strong>Fitzwilliam Museum Cambridge<\/strong>, <strong>LesConcerts.ch <\/strong><\/i>de Gen\u00e8ve, la <strong><i>Fondation Royaumont <\/i><\/strong>\u00e0 Paris et le <i><strong>Royal College of Music<\/strong>, <\/i>Londres.<\/p>\n<p>L\u2019horizon temporel de la r\u00e9alisation du projet se situe entre 2017 et 2019.<\/p>\n<h2>Les interpr\u00e8tes:<\/h2>\n<p><strong><a href=\"http:\/\/leonberben.org\">L\u00e9on Berben<\/a><\/strong>,\u00a0<em>N\u00e9erlande\/Allemagne<br \/>\n<\/em><a href=\"http:\/\/www.carolecerasi.com\"><strong>Carole Cerasi<\/strong><\/a>,\u00a0<em>Angleterre<br \/>\n<\/em><b><a href=\"http:\/\/www.charlston.co.uk\/\">Terence Charlston<\/a><\/b>, <em>Angleterre<\/em><br \/>\n<b><a href=\"http:\/\/www.ensemblecaravanserail.com\">Bertrand Cuiller<\/a><\/b>, <i>France<br \/>\n<\/i><b><a href=\"http:\/\/jeanluc-ho.com\">Jean-Luc Ho<\/a><\/b>, <i>France<br \/>\n<\/i><b><a href=\"http:\/\/hadrienjourdan.org\">Hadrien Jourdan<\/a><\/b><em>, Switzerland<br \/>\n<\/em><strong><a href=\"https:\/\/thilomuster.info\/bio-2\/\">Thilo Muster<\/a><\/strong>,<em> Suisse<\/em><em>\/Allemagne<\/em><br \/>\n<strong><a href=\"http:\/\/davidponsford.org\">David Ponsford<\/a><\/strong>, <em>Angleterre<\/em><br \/>\n[\/et_pb_text][\/et_pb_column][et_pb_column type=\u00a0\u00bb1_4&Prime; _builder_version=\u00a0\u00bb3.25&Prime; custom_padding=\u00a0\u00bb|||\u00a0\u00bb custom_padding__hover=\u00a0\u00bb|||\u00a0\u00bb][et_pb_sidebar orientation=\u00a0\u00bbright\u00a0\u00bb admin_label=\u00a0\u00bbFVB-Events\u00a0\u00bb _builder_version=\u00a0\u00bb4.6.6&Prime; area=\u00a0\u00bbet_pb_widget_area_5&Prime; hover_enabled=\u00a0\u00bb0&Prime; sticky_enabled=\u00a0\u00bb0&Prime;] [\/et_pb_sidebar][\/et_pb_column][\/et_pb_row][\/et_pb_section]<\/p>\n","protected":false},"excerpt":{"rendered":"<p>Le projet Fitzwilliam se r\u00e9f\u00e8re au c\u00e9l\u00e8bre Fitzwilliam Virginal Book, somptueux manuscrit conserv\u00e9 au Fitzwilliam Museum \u00e0 Cambridge, et contenant proche de 300 pi\u00e8ces de musique pour clavier de compositeurs principalement anglais, tels que William Byrd, Thomas Tallis, John Bull, Orlando Gibbons et beaucoup d\u2019autres. Le Fitzwilliam Virginal Book est la source la plus importante [&hellip;]<\/p>\n","protected":false},"author":1,"featured_media":0,"parent":0,"menu_order":0,"comment_status":"open","ping_status":"open","template":"","meta":{"_et_pb_use_builder":"on","_et_pb_old_content":"<p>The <b>Fitzwilliam project<\/b> refers to the famous <b><i>Fitzwilliam Virginal Book<\/i><\/b>, a sumptuous manuscript in the <b><i>Fitzwilliam Museum<\/i><\/b> in Cambridge, and containing close to 300 music pieces for keyboard primarily by English composers such as <b>William Byrd<\/b>, <b>Thomas Tallis<\/b>, <b>John Bull<\/b>, <b>Orlando Gibbons<\/b> and many others. The <b><i>Fitzwilliam Virginal Book<\/i><\/b> is the most important source \u2013 in quantity and in quality \u2013 for keyboard music of the seventeenth and eighteenth centuries in England. Surveying the collection, one is astonished by the sheer volume \u2013\u00a0and quality! \u2013 of these musical wonders of the golden age of English music \u2013 almost 18 hours of music!<\/p><p>The <b>Fitzwilliam project<\/b> aims to make these wonders fully accessible to the public; indeed no complete recording of the manuscript has been achieved to date.<\/p><p>Apart from realising a full record of all 297 pieces in 16 CDs, the project wants to give music lovers the opportunity to experience this extraordinary collection in its entirety, by organizing integral representations in 16 recitals throughout Europe also world premieres.<\/p><p>To this end, eight internationally renowned harpsichord-organ players from four countries, came together to develop this extraordinary project. This variety of approaches will maximise the historical relevance and impact of the recording \u2013 not only will it be recorded by eight different players \u2013 all types of keyboard instruments known of England in the sixteenth and seventeenth centuries will be represented, namely <b>harpsichord<\/b>, <b>virginal<\/b>, the <b>regale<\/b>, <b>organ<\/b>, <b>clavichord<\/b> and <b>claviorganum<\/b>. We use historical instruments as well as copies by the most eminent European makers.<\/p><p>The concerts will be organized as \u00bbmarathon\u00ab events, i.e. lasting two or three days, or extended over a longer period, for example an entire season. Presentations around the <b><i>Fitzwilliam Virginal Book,<\/i><\/b> of English music in general or instruments will complement the concerts.<\/p><p>For the project, the artists are looking for as many as possible European collaborations, among which are the institutions such as <i>Cardiff University<\/i> and the <i>Fitzwilliam Museum<\/i> in Cambridge, the <i>Schola Cantorum Basiliensis<\/i>, <i>LesConcerts.ch<\/i> Geneva, <i>Royal College of Music<\/i>, London or the <i>Royaumont Foundation<\/i>, Paris.<\/p><p>The project will run between 2017 and 2019.<\/p><h2>The Players:<\/h2><p><strong><a href=\"http:\/\/jaboetticher.com\">J\u00f6rg-Andreas B\u00f6tticher<\/a><\/strong>, <em>Switzerland\/Germany<br \/> <\/em><a href=\"http:\/\/www.carolecerasi.com\"><strong>Carole Cerasi<\/strong><\/a>,\u00a0<em>Great Britain<br \/> <\/em><b><a href=\"http:\/\/homepage.ntlworld.com\/terence.charlston\">Terence Charlston<\/a><\/b>,<em>\u00a0Great Britain<br \/> <\/em><b><a href=\"http:\/\/betrandcuiller.com\">Bertrand Cuiller<\/a><\/b>, <i>France<br \/> <\/i><b><a href=\"http:\/\/jeanluc-ho.com\">Jean-Luc Ho<\/a><\/b>, <i>France<br \/> <\/i><b><a href=\"http:\/\/hadrienjourdan.org\">Hadrien Jourdan<\/a><\/b><em>, Switzerland<br \/> <\/em><strong><a href=\"http:\/\/phpstack-195400-761372.cloudwaysapps.com\">Thilo Muster<\/a><\/strong>,<em> Switzerland\/Germany<br \/> <\/em><strong><a href=\"http:\/\/davidponsford.org\">David Ponsford<\/a><\/strong>, <em>Great Britain<\/em><\/p>","_et_gb_content_width":"","_exactmetrics_skip_tracking":false,"_exactmetrics_sitenote_active":false,"_exactmetrics_sitenote_note":"","_exactmetrics_sitenote_category":0,"footnotes":""},"class_list":["post-2588","page","type-page","status-publish","hentry"],"yoast_head":"<!-- This site is optimized with the Yoast SEO plugin v27.4 - https:\/\/yoast.com\/product\/yoast-seo-wordpress\/ -->\n<title>Projet \u00ab Fitzwilliam \u00bb - Thilo Muster<\/title>\n<meta name=\"robots\" content=\"index, follow, max-snippet:-1, max-image-preview:large, max-video-preview:-1\" \/>\n<link rel=\"canonical\" href=\"https:\/\/thilomuster.info\/fr\/the-fitzwilliam-project\/\" \/>\n<meta property=\"og:locale\" content=\"fr_FR\" \/>\n<meta property=\"og:type\" content=\"article\" \/>\n<meta property=\"og:title\" content=\"Projet \u00ab Fitzwilliam \u00bb - Thilo Muster\" \/>\n<meta property=\"og:description\" content=\"Le projet Fitzwilliam se r\u00e9f\u00e8re au c\u00e9l\u00e8bre Fitzwilliam Virginal Book, somptueux manuscrit conserv\u00e9 au Fitzwilliam Museum \u00e0 Cambridge, et contenant proche de 300 pi\u00e8ces de musique pour clavier de compositeurs principalement anglais, tels que William Byrd, Thomas Tallis, John Bull, Orlando Gibbons et beaucoup d\u2019autres. Le Fitzwilliam Virginal Book est la source la plus importante [&hellip;]\" \/>\n<meta property=\"og:url\" content=\"https:\/\/thilomuster.info\/fr\/the-fitzwilliam-project\/\" \/>\n<meta property=\"og:site_name\" content=\"Thilo Muster\" \/>\n<meta property=\"article:modified_time\" content=\"2020-10-21T12:34:59+00:00\" \/>\n<meta name=\"twitter:card\" content=\"summary_large_image\" \/>\n<meta name=\"twitter:label1\" content=\"Dur\u00e9e de lecture estim\u00e9e\" \/>\n\t<meta name=\"twitter:data1\" content=\"5 minutes\" \/>\n<script type=\"application\/ld+json\" class=\"yoast-schema-graph\">{\"@context\":\"https:\\\/\\\/schema.org\",\"@graph\":[{\"@type\":\"WebPage\",\"@id\":\"https:\\\/\\\/thilomuster.info\\\/fr\\\/the-fitzwilliam-project\\\/\",\"url\":\"https:\\\/\\\/thilomuster.info\\\/fr\\\/the-fitzwilliam-project\\\/\",\"name\":\"Projet \u00ab Fitzwilliam \u00bb - Thilo Muster\",\"isPartOf\":{\"@id\":\"https:\\\/\\\/thilomuster.info\\\/#website\"},\"datePublished\":\"2015-08-23T14:56:26+00:00\",\"dateModified\":\"2020-10-21T12:34:59+00:00\",\"breadcrumb\":{\"@id\":\"https:\\\/\\\/thilomuster.info\\\/fr\\\/the-fitzwilliam-project\\\/#breadcrumb\"},\"inLanguage\":\"fr-FR\",\"potentialAction\":[{\"@type\":\"ReadAction\",\"target\":[\"https:\\\/\\\/thilomuster.info\\\/fr\\\/the-fitzwilliam-project\\\/\"]}]},{\"@type\":\"BreadcrumbList\",\"@id\":\"https:\\\/\\\/thilomuster.info\\\/fr\\\/the-fitzwilliam-project\\\/#breadcrumb\",\"itemListElement\":[{\"@type\":\"ListItem\",\"position\":1,\"name\":\"Startseite\",\"item\":\"https:\\\/\\\/thilomuster.info\\\/fr\\\/\"},{\"@type\":\"ListItem\",\"position\":2,\"name\":\"Projet \u00ab Fitzwilliam \u00bb\"}]},{\"@type\":\"WebSite\",\"@id\":\"https:\\\/\\\/thilomuster.info\\\/#website\",\"url\":\"https:\\\/\\\/thilomuster.info\\\/\",\"name\":\"Thilo Muster\",\"description\":\"organist\",\"publisher\":{\"@id\":\"https:\\\/\\\/thilomuster.info\\\/#\\\/schema\\\/person\\\/7ea3a1277f49d680734b680f0669947c\"},\"potentialAction\":[{\"@type\":\"SearchAction\",\"target\":{\"@type\":\"EntryPoint\",\"urlTemplate\":\"https:\\\/\\\/thilomuster.info\\\/?s={search_term_string}\"},\"query-input\":{\"@type\":\"PropertyValueSpecification\",\"valueRequired\":true,\"valueName\":\"search_term_string\"}}],\"inLanguage\":\"fr-FR\"},{\"@type\":[\"Person\",\"Organization\"],\"@id\":\"https:\\\/\\\/thilomuster.info\\\/#\\\/schema\\\/person\\\/7ea3a1277f49d680734b680f0669947c\",\"name\":\"thilo\",\"image\":{\"@type\":\"ImageObject\",\"inLanguage\":\"fr-FR\",\"@id\":\"https:\\\/\\\/thilomuster.info\\\/wp-content\\\/uploads\\\/2019\\\/02\\\/Thilo-Muster-Organist-Logo.jpg\",\"url\":\"https:\\\/\\\/thilomuster.info\\\/wp-content\\\/uploads\\\/2019\\\/02\\\/Thilo-Muster-Organist-Logo.jpg\",\"contentUrl\":\"https:\\\/\\\/thilomuster.info\\\/wp-content\\\/uploads\\\/2019\\\/02\\\/Thilo-Muster-Organist-Logo.jpg\",\"width\":300,\"height\":113,\"caption\":\"thilo\"},\"logo\":{\"@id\":\"https:\\\/\\\/thilomuster.info\\\/wp-content\\\/uploads\\\/2019\\\/02\\\/Thilo-Muster-Organist-Logo.jpg\"},\"sameAs\":[\"https:\\\/\\\/thilomuster.info\"]}]}<\/script>\n<!-- \/ Yoast SEO plugin. -->","yoast_head_json":{"title":"Projet \u00ab Fitzwilliam \u00bb - Thilo Muster","robots":{"index":"index","follow":"follow","max-snippet":"max-snippet:-1","max-image-preview":"max-image-preview:large","max-video-preview":"max-video-preview:-1"},"canonical":"https:\/\/thilomuster.info\/fr\/the-fitzwilliam-project\/","og_locale":"fr_FR","og_type":"article","og_title":"Projet \u00ab Fitzwilliam \u00bb - Thilo Muster","og_description":"Le projet Fitzwilliam se r\u00e9f\u00e8re au c\u00e9l\u00e8bre Fitzwilliam Virginal Book, somptueux manuscrit conserv\u00e9 au Fitzwilliam Museum \u00e0 Cambridge, et contenant proche de 300 pi\u00e8ces de musique pour clavier de compositeurs principalement anglais, tels que William Byrd, Thomas Tallis, John Bull, Orlando Gibbons et beaucoup d\u2019autres. Le Fitzwilliam Virginal Book est la source la plus importante [&hellip;]","og_url":"https:\/\/thilomuster.info\/fr\/the-fitzwilliam-project\/","og_site_name":"Thilo Muster","article_modified_time":"2020-10-21T12:34:59+00:00","twitter_card":"summary_large_image","twitter_misc":{"Dur\u00e9e de lecture estim\u00e9e":"5 minutes"},"schema":{"@context":"https:\/\/schema.org","@graph":[{"@type":"WebPage","@id":"https:\/\/thilomuster.info\/fr\/the-fitzwilliam-project\/","url":"https:\/\/thilomuster.info\/fr\/the-fitzwilliam-project\/","name":"Projet \u00ab Fitzwilliam \u00bb - Thilo Muster","isPartOf":{"@id":"https:\/\/thilomuster.info\/#website"},"datePublished":"2015-08-23T14:56:26+00:00","dateModified":"2020-10-21T12:34:59+00:00","breadcrumb":{"@id":"https:\/\/thilomuster.info\/fr\/the-fitzwilliam-project\/#breadcrumb"},"inLanguage":"fr-FR","potentialAction":[{"@type":"ReadAction","target":["https:\/\/thilomuster.info\/fr\/the-fitzwilliam-project\/"]}]},{"@type":"BreadcrumbList","@id":"https:\/\/thilomuster.info\/fr\/the-fitzwilliam-project\/#breadcrumb","itemListElement":[{"@type":"ListItem","position":1,"name":"Startseite","item":"https:\/\/thilomuster.info\/fr\/"},{"@type":"ListItem","position":2,"name":"Projet \u00ab Fitzwilliam \u00bb"}]},{"@type":"WebSite","@id":"https:\/\/thilomuster.info\/#website","url":"https:\/\/thilomuster.info\/","name":"Thilo Muster","description":"organist","publisher":{"@id":"https:\/\/thilomuster.info\/#\/schema\/person\/7ea3a1277f49d680734b680f0669947c"},"potentialAction":[{"@type":"SearchAction","target":{"@type":"EntryPoint","urlTemplate":"https:\/\/thilomuster.info\/?s={search_term_string}"},"query-input":{"@type":"PropertyValueSpecification","valueRequired":true,"valueName":"search_term_string"}}],"inLanguage":"fr-FR"},{"@type":["Person","Organization"],"@id":"https:\/\/thilomuster.info\/#\/schema\/person\/7ea3a1277f49d680734b680f0669947c","name":"thilo","image":{"@type":"ImageObject","inLanguage":"fr-FR","@id":"https:\/\/thilomuster.info\/wp-content\/uploads\/2019\/02\/Thilo-Muster-Organist-Logo.jpg","url":"https:\/\/thilomuster.info\/wp-content\/uploads\/2019\/02\/Thilo-Muster-Organist-Logo.jpg","contentUrl":"https:\/\/thilomuster.info\/wp-content\/uploads\/2019\/02\/Thilo-Muster-Organist-Logo.jpg","width":300,"height":113,"caption":"thilo"},"logo":{"@id":"https:\/\/thilomuster.info\/wp-content\/uploads\/2019\/02\/Thilo-Muster-Organist-Logo.jpg"},"sameAs":["https:\/\/thilomuster.info"]}]}},"_links":{"self":[{"href":"https:\/\/thilomuster.info\/fr\/wp-json\/wp\/v2\/pages\/2588","targetHints":{"allow":["GET"]}}],"collection":[{"href":"https:\/\/thilomuster.info\/fr\/wp-json\/wp\/v2\/pages"}],"about":[{"href":"https:\/\/thilomuster.info\/fr\/wp-json\/wp\/v2\/types\/page"}],"author":[{"embeddable":true,"href":"https:\/\/thilomuster.info\/fr\/wp-json\/wp\/v2\/users\/1"}],"replies":[{"embeddable":true,"href":"https:\/\/thilomuster.info\/fr\/wp-json\/wp\/v2\/comments?post=2588"}],"version-history":[{"count":2,"href":"https:\/\/thilomuster.info\/fr\/wp-json\/wp\/v2\/pages\/2588\/revisions"}],"predecessor-version":[{"id":5403,"href":"https:\/\/thilomuster.info\/fr\/wp-json\/wp\/v2\/pages\/2588\/revisions\/5403"}],"wp:attachment":[{"href":"https:\/\/thilomuster.info\/fr\/wp-json\/wp\/v2\/media?parent=2588"}],"curies":[{"name":"wp","href":"https:\/\/api.w.org\/{rel}","templated":true}]}}