{"id":5863,"date":"2023-05-22T00:41:54","date_gmt":"2023-05-21T22:41:54","guid":{"rendered":"https:\/\/thilomuster.info\/?page_id=5863"},"modified":"2025-03-01T13:14:00","modified_gmt":"2025-03-01T12:14:00","slug":"compositions","status":"publish","type":"page","link":"https:\/\/thilomuster.info\/fr\/compositions\/","title":{"rendered":"Compositions"},"content":{"rendered":"<p><strong><span style=\"text-decoration: underline;\">Principales compositions<\/span><\/strong><\/p>\n<ul>\n<li><strong>Big Ben<\/strong> pour piano \u00e0 6 mains (2002), 3&rsquo;00\u00a0\u00bb <br \/>Cr\u00e9ation pour le 40e anniversaire de l&rsquo;\u00e9cole de musique d&rsquo;Arlesheim, 2002<\/li>\n<li><strong>Adagietto et fugue sur un th\u00e8me populaire finlandais<\/strong> pour orgue (2007), 6&rsquo;30\u00a0\u00bb <br \/>Pour Guy Bovet \u00e0 l&rsquo;occasion de son 65e anniversaire<\/li>\n<li><strong>Tango Lounatole<\/strong> pour fl\u00fbte et accord\u00e9on (2008), 1&rsquo;40\u00a0\u00bb<\/li>\n<li><strong>Preludio<\/strong> pour guitare (2012), 2&rsquo;20\u00a0\u00bb<\/li>\n<li><strong>Saudade<\/strong> pour deux instruments m\u00e9lodiques\/accord\u00e9on et guitare (2012), 2&rsquo;40\u00a0\u00bb <br \/>Cr\u00e9ation Acad\u00e9mie de musique B\u00e2le, 2012<\/li>\n<li><strong>Christmas Carols<\/strong> pour formations variables (2010-2017) :<br \/><em><strong>Entre le b\u0153uf et l&rsquo;\u00e2ne gris<\/strong><\/em> pour fl\u00fbte, violon, instrument m\u00e9lodique et piano \u00e0 quatre mains (2010) <br \/><em><strong>Stille Nacht &#8211; Vom Himmel hoch<\/strong><\/em>, Quodlibet pour violon, accord\u00e9on et piano (2012) <br \/><em><strong>Les anges dans nos campagnes<\/strong><\/em> pour glockenspiel, violon, accord\u00e9on, soprano solo, ch\u0153ur d&rsquo;enfants et orgue (2013)<br \/>Cr\u00e9ation Stadtkirche Lenzburg, 2013 <br \/><em><strong>Voici trois boh\u00e9miens<\/strong><\/em> pour violon, guitare et quatre voix (2014) <br \/><em><strong>God rest you merry, Gentlemen<\/strong><\/em> pour voix et orgue (2016) <br \/><strong><em>O come Immanuel<\/em><\/strong> pour voix et orgue (2017) <br \/>Cr\u00e9ation ref. \u00c9glise d&rsquo;Arlesheim 2017<\/li>\n<li><strong><em>Tango vocalise d&rsquo;apr\u00e8s un pr\u00e9lude de Bach<\/em><\/strong> pour violon, accord\u00e9on piano et contrebasse (2017), 3&rsquo;40\u00a0\u00bb <br \/>Cr\u00e9ation \u00e9glise r\u00e9f. Arlesheim, Vendredi saint 2021<\/li>\n<li><strong>Wanderings<\/strong>, trois pi\u00e8ces pour orgue (2012, r\u00e9vis\u00e9 2021), 2&rsquo;45\u00a0\u00bb &#8211; 3&rsquo;45\u00a0\u00bb &#8211; 6&rsquo;00\u00a0\u00bb <br \/><em>Prologue : Daybreak \u2013 Meditation at Prime \u2013 Wanderings<\/em> <br \/>Pour le 300e anniversaire de la cath\u00e9drale de Fulda <br \/>Cr\u00e9ation Dom zu Fulda, Fraum\u00fcnster Z\u00fcrich, M\u00fcnster Bern, 2012<br \/>Audio: <a href=\"https:\/\/thilomuster.info\/wp-content\/uploads\/2023\/06\/09-Wanderings_-I-Daybreak.m4a\">Daybreak<\/a> \u2013 <a href=\"https:\/\/thilomuster.info\/wp-content\/uploads\/2023\/06\/10-Wanderings_-II-Meditation-at-Prime.m4a\">Meditation at Prime<\/a> \u2013 <a href=\"https:\/\/thilomuster.info\/wp-content\/uploads\/2023\/06\/11-Wanderings_-III-Trials.m4a\">Wanderings<\/a> (versions non r\u00e9vis\u00e9es)<\/li>\n<li><strong>Cadence pour le concerto pour orgue de Horatio Parker<\/strong> (2021), 1&rsquo;40\u00a0\u00bb <br \/>Cr\u00e9ation Stadtcasino Basel, 22 janvier 2021<br \/>Vid\u00e9o YouTube <a href=\"https:\/\/youtu.be\/pUwY0lctemc\">ici<\/a><\/li>\n<li><strong>Bachiana balcanica<\/strong> pour orgue et orchestre symphonique (2023), 13&rsquo;00\u00a0\u00bb <br \/>Commande du Neues Orchester Basel, Cr\u00e9ation 14 mai 2023, Stadtcasino Basel<br \/>Vid\u00e9o YouTube <a href=\"https:\/\/youtu.be\/6Anwg4WFgi8\">ici<\/a><\/li>\n<li><strong>Berzona \u2013 <\/strong>piccolo capriccio sentimentale pour orgue et dessus instrumental ad. lib. (2023) 2&rsquo;30\u00a0\u00bb<\/li>\n<li><strong>Carillon sur le Psaume LXVI \/ XCVIII\u00a0<\/strong>pour orgue (2001\/2023) 2&rsquo;30\u00a0\u00bb<\/li>\n<li><strong>Treize<\/strong> pour harmonium \u00e0 percussion (2025) 6&rsquo;00\u00a0\u00bb (aussi versions pour piano seul et piano et violoncelle)<br \/>Vid\u00e9o YouTube <a href=\"https:\/\/www.youtube.com\/watch?v=IJNoMUD-cQo\">ici<\/a><\/li>\n<\/ul>\n<p>N&rsquo;h\u00e9sitez pas \u00e0 me <a href=\"https:\/\/thilomuster.info\/fr\/contact-3\/\">contacter<\/a> si vous souhaitez interpr\u00e9ter une \u0153uvre !<\/p>\n","protected":false},"excerpt":{"rendered":"<p>Principales compositions Big Ben pour piano \u00e0 6 mains (2002), 3&rsquo;00\u00a0\u00bb Cr\u00e9ation pour le 40e anniversaire de l&rsquo;\u00e9cole de musique d&rsquo;Arlesheim, 2002 Adagietto et fugue sur un th\u00e8me populaire finlandais pour orgue (2007), 6&rsquo;30\u00a0\u00bb Pour Guy Bovet \u00e0 l&rsquo;occasion de son 65e anniversaire Tango Lounatole pour fl\u00fbte et accord\u00e9on (2008), 1&rsquo;40\u00a0\u00bb Preludio pour guitare (2012), [&hellip;]<\/p>\n","protected":false},"author":1,"featured_media":0,"parent":0,"menu_order":0,"comment_status":"closed","ping_status":"closed","template":"","meta":{"_et_pb_use_builder":"","_et_pb_old_content":"","_et_gb_content_width":"","_exactmetrics_skip_tracking":false,"_exactmetrics_sitenote_active":false,"_exactmetrics_sitenote_note":"","_exactmetrics_sitenote_category":0,"footnotes":""},"class_list":["post-5863","page","type-page","status-publish","hentry"],"yoast_head":"<!-- This site is optimized with the Yoast SEO plugin v27.4 - https:\/\/yoast.com\/product\/yoast-seo-wordpress\/ -->\n<title>Compositions - Thilo Muster<\/title>\n<meta name=\"robots\" content=\"index, follow, max-snippet:-1, max-image-preview:large, max-video-preview:-1\" \/>\n<link rel=\"canonical\" href=\"https:\/\/thilomuster.info\/fr\/compositions\/\" \/>\n<meta property=\"og:locale\" content=\"fr_FR\" \/>\n<meta property=\"og:type\" content=\"article\" \/>\n<meta property=\"og:title\" content=\"Compositions - Thilo Muster\" \/>\n<meta property=\"og:description\" content=\"Principales compositions Big Ben pour piano \u00e0 6 mains (2002), 3&rsquo;00\u00a0\u00bb Cr\u00e9ation pour le 40e anniversaire de l&rsquo;\u00e9cole de musique d&rsquo;Arlesheim, 2002 Adagietto et fugue sur un th\u00e8me populaire finlandais pour orgue (2007), 6&rsquo;30\u00a0\u00bb Pour Guy Bovet \u00e0 l&rsquo;occasion de son 65e anniversaire Tango Lounatole pour fl\u00fbte et accord\u00e9on (2008), 1&rsquo;40\u00a0\u00bb Preludio pour guitare (2012), [&hellip;]\" \/>\n<meta property=\"og:url\" content=\"https:\/\/thilomuster.info\/fr\/compositions\/\" \/>\n<meta property=\"og:site_name\" content=\"Thilo Muster\" \/>\n<meta property=\"article:modified_time\" content=\"2025-03-01T12:14:00+00:00\" \/>\n<meta name=\"twitter:card\" content=\"summary_large_image\" \/>\n<meta name=\"twitter:label1\" content=\"Dur\u00e9e de lecture estim\u00e9e\" \/>\n\t<meta name=\"twitter:data1\" content=\"2 minutes\" \/>\n<script type=\"application\/ld+json\" class=\"yoast-schema-graph\">{\"@context\":\"https:\\\/\\\/schema.org\",\"@graph\":[{\"@type\":\"WebPage\",\"@id\":\"https:\\\/\\\/thilomuster.info\\\/fr\\\/compositions\\\/\",\"url\":\"https:\\\/\\\/thilomuster.info\\\/fr\\\/compositions\\\/\",\"name\":\"Compositions - Thilo Muster\",\"isPartOf\":{\"@id\":\"https:\\\/\\\/thilomuster.info\\\/#website\"},\"datePublished\":\"2023-05-21T22:41:54+00:00\",\"dateModified\":\"2025-03-01T12:14:00+00:00\",\"breadcrumb\":{\"@id\":\"https:\\\/\\\/thilomuster.info\\\/fr\\\/compositions\\\/#breadcrumb\"},\"inLanguage\":\"fr-FR\",\"potentialAction\":[{\"@type\":\"ReadAction\",\"target\":[\"https:\\\/\\\/thilomuster.info\\\/fr\\\/compositions\\\/\"]}]},{\"@type\":\"BreadcrumbList\",\"@id\":\"https:\\\/\\\/thilomuster.info\\\/fr\\\/compositions\\\/#breadcrumb\",\"itemListElement\":[{\"@type\":\"ListItem\",\"position\":1,\"name\":\"Startseite\",\"item\":\"https:\\\/\\\/thilomuster.info\\\/fr\\\/\"},{\"@type\":\"ListItem\",\"position\":2,\"name\":\"Compositions\"}]},{\"@type\":\"WebSite\",\"@id\":\"https:\\\/\\\/thilomuster.info\\\/#website\",\"url\":\"https:\\\/\\\/thilomuster.info\\\/\",\"name\":\"Thilo Muster\",\"description\":\"organist\",\"publisher\":{\"@id\":\"https:\\\/\\\/thilomuster.info\\\/#\\\/schema\\\/person\\\/7ea3a1277f49d680734b680f0669947c\"},\"potentialAction\":[{\"@type\":\"SearchAction\",\"target\":{\"@type\":\"EntryPoint\",\"urlTemplate\":\"https:\\\/\\\/thilomuster.info\\\/?s={search_term_string}\"},\"query-input\":{\"@type\":\"PropertyValueSpecification\",\"valueRequired\":true,\"valueName\":\"search_term_string\"}}],\"inLanguage\":\"fr-FR\"},{\"@type\":[\"Person\",\"Organization\"],\"@id\":\"https:\\\/\\\/thilomuster.info\\\/#\\\/schema\\\/person\\\/7ea3a1277f49d680734b680f0669947c\",\"name\":\"thilo\",\"image\":{\"@type\":\"ImageObject\",\"inLanguage\":\"fr-FR\",\"@id\":\"https:\\\/\\\/thilomuster.info\\\/wp-content\\\/uploads\\\/2019\\\/02\\\/Thilo-Muster-Organist-Logo.jpg\",\"url\":\"https:\\\/\\\/thilomuster.info\\\/wp-content\\\/uploads\\\/2019\\\/02\\\/Thilo-Muster-Organist-Logo.jpg\",\"contentUrl\":\"https:\\\/\\\/thilomuster.info\\\/wp-content\\\/uploads\\\/2019\\\/02\\\/Thilo-Muster-Organist-Logo.jpg\",\"width\":300,\"height\":113,\"caption\":\"thilo\"},\"logo\":{\"@id\":\"https:\\\/\\\/thilomuster.info\\\/wp-content\\\/uploads\\\/2019\\\/02\\\/Thilo-Muster-Organist-Logo.jpg\"},\"sameAs\":[\"https:\\\/\\\/thilomuster.info\"]}]}<\/script>\n<!-- \/ Yoast SEO plugin. -->","yoast_head_json":{"title":"Compositions - Thilo Muster","robots":{"index":"index","follow":"follow","max-snippet":"max-snippet:-1","max-image-preview":"max-image-preview:large","max-video-preview":"max-video-preview:-1"},"canonical":"https:\/\/thilomuster.info\/fr\/compositions\/","og_locale":"fr_FR","og_type":"article","og_title":"Compositions - Thilo Muster","og_description":"Principales compositions Big Ben pour piano \u00e0 6 mains (2002), 3&rsquo;00\u00a0\u00bb Cr\u00e9ation pour le 40e anniversaire de l&rsquo;\u00e9cole de musique d&rsquo;Arlesheim, 2002 Adagietto et fugue sur un th\u00e8me populaire finlandais pour orgue (2007), 6&rsquo;30\u00a0\u00bb Pour Guy Bovet \u00e0 l&rsquo;occasion de son 65e anniversaire Tango Lounatole pour fl\u00fbte et accord\u00e9on (2008), 1&rsquo;40\u00a0\u00bb Preludio pour guitare (2012), [&hellip;]","og_url":"https:\/\/thilomuster.info\/fr\/compositions\/","og_site_name":"Thilo Muster","article_modified_time":"2025-03-01T12:14:00+00:00","twitter_card":"summary_large_image","twitter_misc":{"Dur\u00e9e de lecture estim\u00e9e":"2 minutes"},"schema":{"@context":"https:\/\/schema.org","@graph":[{"@type":"WebPage","@id":"https:\/\/thilomuster.info\/fr\/compositions\/","url":"https:\/\/thilomuster.info\/fr\/compositions\/","name":"Compositions - Thilo Muster","isPartOf":{"@id":"https:\/\/thilomuster.info\/#website"},"datePublished":"2023-05-21T22:41:54+00:00","dateModified":"2025-03-01T12:14:00+00:00","breadcrumb":{"@id":"https:\/\/thilomuster.info\/fr\/compositions\/#breadcrumb"},"inLanguage":"fr-FR","potentialAction":[{"@type":"ReadAction","target":["https:\/\/thilomuster.info\/fr\/compositions\/"]}]},{"@type":"BreadcrumbList","@id":"https:\/\/thilomuster.info\/fr\/compositions\/#breadcrumb","itemListElement":[{"@type":"ListItem","position":1,"name":"Startseite","item":"https:\/\/thilomuster.info\/fr\/"},{"@type":"ListItem","position":2,"name":"Compositions"}]},{"@type":"WebSite","@id":"https:\/\/thilomuster.info\/#website","url":"https:\/\/thilomuster.info\/","name":"Thilo Muster","description":"organist","publisher":{"@id":"https:\/\/thilomuster.info\/#\/schema\/person\/7ea3a1277f49d680734b680f0669947c"},"potentialAction":[{"@type":"SearchAction","target":{"@type":"EntryPoint","urlTemplate":"https:\/\/thilomuster.info\/?s={search_term_string}"},"query-input":{"@type":"PropertyValueSpecification","valueRequired":true,"valueName":"search_term_string"}}],"inLanguage":"fr-FR"},{"@type":["Person","Organization"],"@id":"https:\/\/thilomuster.info\/#\/schema\/person\/7ea3a1277f49d680734b680f0669947c","name":"thilo","image":{"@type":"ImageObject","inLanguage":"fr-FR","@id":"https:\/\/thilomuster.info\/wp-content\/uploads\/2019\/02\/Thilo-Muster-Organist-Logo.jpg","url":"https:\/\/thilomuster.info\/wp-content\/uploads\/2019\/02\/Thilo-Muster-Organist-Logo.jpg","contentUrl":"https:\/\/thilomuster.info\/wp-content\/uploads\/2019\/02\/Thilo-Muster-Organist-Logo.jpg","width":300,"height":113,"caption":"thilo"},"logo":{"@id":"https:\/\/thilomuster.info\/wp-content\/uploads\/2019\/02\/Thilo-Muster-Organist-Logo.jpg"},"sameAs":["https:\/\/thilomuster.info"]}]}},"_links":{"self":[{"href":"https:\/\/thilomuster.info\/fr\/wp-json\/wp\/v2\/pages\/5863","targetHints":{"allow":["GET"]}}],"collection":[{"href":"https:\/\/thilomuster.info\/fr\/wp-json\/wp\/v2\/pages"}],"about":[{"href":"https:\/\/thilomuster.info\/fr\/wp-json\/wp\/v2\/types\/page"}],"author":[{"embeddable":true,"href":"https:\/\/thilomuster.info\/fr\/wp-json\/wp\/v2\/users\/1"}],"replies":[{"embeddable":true,"href":"https:\/\/thilomuster.info\/fr\/wp-json\/wp\/v2\/comments?post=5863"}],"version-history":[{"count":11,"href":"https:\/\/thilomuster.info\/fr\/wp-json\/wp\/v2\/pages\/5863\/revisions"}],"predecessor-version":[{"id":6153,"href":"https:\/\/thilomuster.info\/fr\/wp-json\/wp\/v2\/pages\/5863\/revisions\/6153"}],"wp:attachment":[{"href":"https:\/\/thilomuster.info\/fr\/wp-json\/wp\/v2\/media?parent=5863"}],"curies":[{"name":"wp","href":"https:\/\/api.w.org\/{rel}","templated":true}]}}