{"id":88,"date":"2013-06-28T10:12:53","date_gmt":"2013-06-28T08:12:53","guid":{"rendered":"http:\/\/new.thilomuster.info\/?page_id=88"},"modified":"2016-10-30T00:10:14","modified_gmt":"2016-10-29T22:10:14","slug":"ce-que-dautres-disent","status":"publish","type":"page","link":"https:\/\/thilomuster.info\/fr\/ce-que-dautres-disent\/","title":{"rendered":"Ce que d\u2019autres disent\u2026"},"content":{"rendered":"<p>[et_pb_section transparent_background=\u00a0\u00bboff\u00a0\u00bb allow_player_pause=\u00a0\u00bboff\u00a0\u00bb inner_shadow=\u00a0\u00bboff\u00a0\u00bb parallax=\u00a0\u00bboff\u00a0\u00bb parallax_method=\u00a0\u00bbon\u00a0\u00bb custom_padding=\u00a0\u00bb54px|0px|0px|0px\u00a0\u00bb padding_mobile=\u00a0\u00bboff\u00a0\u00bb make_fullwidth=\u00a0\u00bboff\u00a0\u00bb use_custom_width=\u00a0\u00bboff\u00a0\u00bb width_unit=\u00a0\u00bboff\u00a0\u00bb custom_width_px=\u00a0\u00bb1080px\u00a0\u00bb custom_width_percent=\u00a0\u00bb80%\u00a0\u00bb make_equal=\u00a0\u00bboff\u00a0\u00bb use_custom_gutter=\u00a0\u00bboff\u00a0\u00bb fullwidth=\u00a0\u00bboff\u00a0\u00bb specialty=\u00a0\u00bboff\u00a0\u00bb admin_label=\u00a0\u00bbsection\u00a0\u00bb disabled=\u00a0\u00bboff\u00a0\u00bb][et_pb_row make_fullwidth=\u00a0\u00bboff\u00a0\u00bb use_custom_width=\u00a0\u00bboff\u00a0\u00bb width_unit=\u00a0\u00bboff\u00a0\u00bb custom_width_px=\u00a0\u00bb1080px\u00a0\u00bb custom_width_percent=\u00a0\u00bb80%\u00a0\u00bb use_custom_gutter=\u00a0\u00bboff\u00a0\u00bb gutter_width=\u00a0\u00bb3&Prime; padding_mobile=\u00a0\u00bboff\u00a0\u00bb allow_player_pause=\u00a0\u00bboff\u00a0\u00bb parallax=\u00a0\u00bboff\u00a0\u00bb parallax_method=\u00a0\u00bbon\u00a0\u00bb make_equal=\u00a0\u00bboff\u00a0\u00bb column_padding_mobile=\u00a0\u00bbon\u00a0\u00bb parallax_1=\u00a0\u00bboff\u00a0\u00bb parallax_method_1=\u00a0\u00bbon\u00a0\u00bb parallax_2=\u00a0\u00bboff\u00a0\u00bb parallax_method_2=\u00a0\u00bbon\u00a0\u00bb parallax_3=\u00a0\u00bboff\u00a0\u00bb parallax_method_3=\u00a0\u00bbon\u00a0\u00bb parallax_4=\u00a0\u00bboff\u00a0\u00bb parallax_method_4=\u00a0\u00bbon\u00a0\u00bb admin_label=\u00a0\u00bbrow\u00a0\u00bb disabled=\u00a0\u00bboff\u00a0\u00bb][et_pb_column type=\u00a0\u00bb4_4&Prime; disabled=\u00a0\u00bboff\u00a0\u00bb parallax=\u00a0\u00bboff\u00a0\u00bb parallax_method=\u00a0\u00bbon\u00a0\u00bb column_padding_mobile=\u00a0\u00bbon\u00a0\u00bb][et_pb_text background_layout=\u00a0\u00bblight\u00a0\u00bb text_orientation=\u00a0\u00bbcenter\u00a0\u00bb admin_label=\u00a0\u00bbText\u00a0\u00bb use_border_color=\u00a0\u00bboff\u00a0\u00bb border_style=\u00a0\u00bbsolid\u00a0\u00bb disabled=\u00a0\u00bboff\u00a0\u00bb]<\/p>\n<h1>Ce que d\u2019autres disent\u2026<\/h1>\n<p>[\/et_pb_text][et_pb_text background_layout=\u00a0\u00bblight\u00a0\u00bb text_orientation=\u00a0\u00bbcenter\u00a0\u00bb admin_label=\u00a0\u00bbText\u00a0\u00bb use_border_color=\u00a0\u00bboff\u00a0\u00bb border_style=\u00a0\u00bbsolid\u00a0\u00bb disabled=\u00a0\u00bboff\u00a0\u00bb]<\/p>\n<h2><em>\u00ab Quelle vie dans ce jeu ! \u00bb<\/em><\/h2>\n<h4>\u2014L\u2019Orgue francophone<\/h4>\n<p>[\/et_pb_text][et_pb_text background_layout=\u00a0\u00bblight\u00a0\u00bb text_orientation=\u00a0\u00bbcenter\u00a0\u00bb admin_label=\u00a0\u00bbText\u00a0\u00bb use_border_color=\u00a0\u00bboff\u00a0\u00bb border_style=\u00a0\u00bbsolid\u00a0\u00bb disabled=\u00a0\u00bboff\u00a0\u00bb]<\/p>\n<h2><em>\u00abThilo Muster\u2019s playing is exemplary and full of expression.\u00bb<\/em><\/h2>\n<h4>\u2014Matthew Power, CHOIR &amp; ORGAN<\/h4>\n<p>[\/et_pb_text][et_pb_text background_layout=\u00a0\u00bblight\u00a0\u00bb text_orientation=\u00a0\u00bbcenter\u00a0\u00bb admin_label=\u00a0\u00bbText\u00a0\u00bb use_border_color=\u00a0\u00bboff\u00a0\u00bb border_style=\u00a0\u00bbsolid\u00a0\u00bb disabled=\u00a0\u00bboff\u00a0\u00bb]<\/p>\n<h2><em>\u00a0\u00abThe playing is careful, but passionate\u00bb<\/em><\/h2>\n<h4>\u2014Daniel Trocm\u00e9-Latter,\u00a0EARLY MUSIC<\/h4>\n<p>[\/et_pb_text][\/et_pb_column][\/et_pb_row][\/et_pb_section][et_pb_section transparent_background=\u00a0\u00bboff\u00a0\u00bb allow_player_pause=\u00a0\u00bboff\u00a0\u00bb inner_shadow=\u00a0\u00bboff\u00a0\u00bb parallax=\u00a0\u00bboff\u00a0\u00bb parallax_method=\u00a0\u00bbon\u00a0\u00bb padding_mobile=\u00a0\u00bboff\u00a0\u00bb make_fullwidth=\u00a0\u00bboff\u00a0\u00bb use_custom_width=\u00a0\u00bboff\u00a0\u00bb width_unit=\u00a0\u00bboff\u00a0\u00bb custom_width_px=\u00a0\u00bb1080px\u00a0\u00bb custom_width_percent=\u00a0\u00bb80%\u00a0\u00bb make_equal=\u00a0\u00bboff\u00a0\u00bb use_custom_gutter=\u00a0\u00bboff\u00a0\u00bb fullwidth=\u00a0\u00bboff\u00a0\u00bb specialty=\u00a0\u00bboff\u00a0\u00bb admin_label=\u00a0\u00bbsection\u00a0\u00bb disabled=\u00a0\u00bboff\u00a0\u00bb][et_pb_row make_fullwidth=\u00a0\u00bboff\u00a0\u00bb use_custom_width=\u00a0\u00bboff\u00a0\u00bb width_unit=\u00a0\u00bboff\u00a0\u00bb custom_width_px=\u00a0\u00bb1080px\u00a0\u00bb custom_width_percent=\u00a0\u00bb80%\u00a0\u00bb use_custom_gutter=\u00a0\u00bboff\u00a0\u00bb gutter_width=\u00a0\u00bb3&Prime; padding_mobile=\u00a0\u00bboff\u00a0\u00bb allow_player_pause=\u00a0\u00bboff\u00a0\u00bb parallax=\u00a0\u00bboff\u00a0\u00bb parallax_method=\u00a0\u00bbon\u00a0\u00bb make_equal=\u00a0\u00bboff\u00a0\u00bb column_padding_mobile=\u00a0\u00bbon\u00a0\u00bb parallax_1=\u00a0\u00bboff\u00a0\u00bb parallax_method_1=\u00a0\u00bbon\u00a0\u00bb parallax_2=\u00a0\u00bboff\u00a0\u00bb parallax_method_2=\u00a0\u00bbon\u00a0\u00bb parallax_3=\u00a0\u00bboff\u00a0\u00bb parallax_method_3=\u00a0\u00bbon\u00a0\u00bb parallax_4=\u00a0\u00bboff\u00a0\u00bb parallax_method_4=\u00a0\u00bbon\u00a0\u00bb admin_label=\u00a0\u00bbrow\u00a0\u00bb disabled=\u00a0\u00bboff\u00a0\u00bb][et_pb_column type=\u00a0\u00bb1_2&Prime; disabled=\u00a0\u00bboff\u00a0\u00bb parallax=\u00a0\u00bboff\u00a0\u00bb parallax_method=\u00a0\u00bbon\u00a0\u00bb column_padding_mobile=\u00a0\u00bbon\u00a0\u00bb][et_pb_testimonial author=\u00a0\u00bbMichel Roubinet\u00a0\u00bb job_title=\u00a0\u00bbcritique du concert du 7 octobre 2016 \u00a0au festival \u00ab Toulouse les Orgues \u00bb\u00a0\u00bb company_name=\u00a0\u00bbconcertclassic.com\u00a0\u00bb url=\u00a0\u00bbhttp:\/\/www.concertclassic.com\/article\/festival-toulouse-les-orgues-le-pari-gagne-de-la-diversite\u00a0\u00bb url_new_window=\u00a0\u00bboff\u00a0\u00bb quote_icon=\u00a0\u00bbon\u00a0\u00bb use_background_color=\u00a0\u00bbon\u00a0\u00bb background_color=\u00a0\u00bb#f5f5f5&Prime; background_layout=\u00a0\u00bblight\u00a0\u00bb text_orientation=\u00a0\u00bbleft\u00a0\u00bb admin_label=\u00a0\u00bbTLO Bull\u00a0\u00bb use_border_color=\u00a0\u00bboff\u00a0\u00bb border_style=\u00a0\u00bbsolid\u00a0\u00bb disabled=\u00a0\u00bboff\u00a0\u00bb]<\/p>\n<p>&hellip;Virtuose en diable, &hellip;intense de rythme, &hellip;po&eacute;tique et allant de surprise en surprise, &hellip;impressionnante de souffle et de largeur de vue,&nbsp;<span style=\"font-size: 14px;\">cette musique de la fin de la Renaissance et du premier Baroque est un constant enchantement. Tout particuli&egrave;rement sous les doigts agiles et spirituels de Thilo Muster, qui ne cessa d&rsquo;insuffler une vie exub&eacute;rante mais styl&eacute;e &agrave; ce programme exigeant.<\/span><\/p>\n<p>[\/et_pb_testimonial][et_pb_testimonial author=\u00a0\u00bbNeue Z\u00fcrcher Zeitung\u00a0\u00bb url_new_window=\u00a0\u00bboff\u00a0\u00bb quote_icon=\u00a0\u00bbon\u00a0\u00bb use_background_color=\u00a0\u00bbon\u00a0\u00bb background_color=\u00a0\u00bb#f5f5f5&Prime; background_layout=\u00a0\u00bblight\u00a0\u00bb text_orientation=\u00a0\u00bbleft\u00a0\u00bb admin_label=\u00a0\u00bbTestimonial\u00a0\u00bb use_border_color=\u00a0\u00bboff\u00a0\u00bb border_style=\u00a0\u00bbsolid\u00a0\u00bb disabled=\u00a0\u00bboff\u00a0\u00bb]<\/p>\n<p><span style=\"line-height: 1.5em;\">Le jeu de Muster s\u00e9duit par une technique sans faille et une grande s\u00fbret\u00e9 dans l\u2019interpr\u00e9tation, particuli\u00e8rement en ce qui concerne le choix des tempi et le dosage des libert\u00e9s agogiques. Ainsi il a su maintenir l\u2019attention du public \u00e0 travers les quelques \u00e9cueils de longueur et de banalit\u00e9 dans la pi\u00e8ce de Liszt. L\u2019\u00e9l\u00e9ment sensuel et imag\u00e9 des ouvres romantiques tardives in\ufb02uenc\u00e9es par l\u2019impressionisme a \u00e9t\u00e9 mis en \u00e9vidence gr\u00e2ce \u00e0 des registrations subtilement harmonis\u00e9es. D\u00e8s la premi\u00e8re \u00e9coute on sentait que l\u2019interpr\u00e8te avait assimil\u00e9 les particularit\u00e9s de l\u2019instrument et des conditions acoustiques, ce qui a contribu\u00e9 d\u2019une fa\u00e7on essentielle \u00e0 l\u2019allure convaincante de ses interpr\u00e9tations. \u00bb<\/span><\/p>\n<p>[\/et_pb_testimonial][et_pb_testimonial author=\u00a0\u00bbEnrico Colombo, La Regione\u00a0\u00bb url_new_window=\u00a0\u00bboff\u00a0\u00bb quote_icon=\u00a0\u00bbon\u00a0\u00bb use_background_color=\u00a0\u00bbon\u00a0\u00bb background_color=\u00a0\u00bb#f5f5f5&Prime; background_layout=\u00a0\u00bblight\u00a0\u00bb text_orientation=\u00a0\u00bbleft\u00a0\u00bb admin_label=\u00a0\u00bbTestimonial\u00a0\u00bb use_border_color=\u00a0\u00bboff\u00a0\u00bb border_style=\u00a0\u00bbsolid\u00a0\u00bb disabled=\u00a0\u00bboff\u00a0\u00bb]<\/p>\n<p><span style=\"line-height: 1.5em;\">Heureuse ouverture pour le festival d\u2019orgue de Magadino\u2026pour Muster le critique ne peut que donner libre cours aux \u00e9loges les plus chaleureux. Un phras\u00e9 pr\u00e9cis, un grand raf\ufb01nement dans les registrations et la capacit\u00e9 de s\u2019adapter \u00e0 l\u2019acoustique de l\u2019\u00e9glise ont permis aux auditeurs de jouir d\u2019un contrepoint toujours clair, et cela m\u00eame quand la registration \u00e9tait abondante.<\/span><\/p>\n<p>Le programme s\u2019est ouvert par la pi\u00e8ce impos\u00e9e qui est cette ann\u00e9e un des grands diptyques de Jean-S\u00e9bastien Bach, le pr\u00e9lude et fugue en do majeur BWV 547. Nous avons entendu une interpr\u00e9tation exemplaire qui restera une r\u00e9f\u00e9rence pour le festival entier, avant tout pour la vivacit\u00e9 de la fugue et la pr\u00e9cision avec laquelle Muster savait d\u00e9nouer ses n\u0153uds harmoniques tr\u00e8s complexes.<\/p>\n<p>[\/et_pb_testimonial][\/et_pb_column][et_pb_column type=\u00a0\u00bb1_2&Prime; disabled=\u00a0\u00bboff\u00a0\u00bb parallax=\u00a0\u00bboff\u00a0\u00bb parallax_method=\u00a0\u00bbon\u00a0\u00bb column_padding_mobile=\u00a0\u00bbon\u00a0\u00bb][et_pb_testimonial author=\u00a0\u00bbGuy Bovet\u00a0\u00bb url_new_window=\u00a0\u00bboff\u00a0\u00bb quote_icon=\u00a0\u00bbon\u00a0\u00bb use_background_color=\u00a0\u00bbon\u00a0\u00bb background_color=\u00a0\u00bb#f5f5f5&Prime; background_layout=\u00a0\u00bblight\u00a0\u00bb text_orientation=\u00a0\u00bbleft\u00a0\u00bb admin_label=\u00a0\u00bbTestimonial\u00a0\u00bb use_border_color=\u00a0\u00bboff\u00a0\u00bb border_style=\u00a0\u00bbsolid\u00a0\u00bb disabled=\u00a0\u00bboff\u00a0\u00bb]<\/p>\n<p><span style=\"line-height: 1.5em;\">Thilo Muster est un homme exigeant, curieux, aux int\u00e9r\u00eats multiples. Son art est le reflet de cette personnalit\u00e9: toujours int\u00e9ressant, toujours nouveau. Il s\u2019attache aux domaines les plus vari\u00e9s: de Bull \u00e0 Otto Barblan en passant par Rameau, sans oublier la musique de son temps. Il traduit la musique qu&rsquo;il joue avec passion et un vrai sens de la communication. C\u2019est un artiste complet et les concerts que je l\u2019ai entendu donner comptent parmi mes plus beaux souvenirs d&rsquo;auditeur.<\/span><\/p>\n<p>[\/et_pb_testimonial][et_pb_testimonial author=\u00a0\u00bbLouis Thiry\u00a0\u00bb url_new_window=\u00a0\u00bboff\u00a0\u00bb quote_icon=\u00a0\u00bbon\u00a0\u00bb use_background_color=\u00a0\u00bbon\u00a0\u00bb background_color=\u00a0\u00bb#f5f5f5&Prime; background_layout=\u00a0\u00bblight\u00a0\u00bb text_orientation=\u00a0\u00bbleft\u00a0\u00bb admin_label=\u00a0\u00bbTestimonial\u00a0\u00bb use_border_color=\u00a0\u00bboff\u00a0\u00bb border_style=\u00a0\u00bbsolid\u00a0\u00bb disabled=\u00a0\u00bboff\u00a0\u00bb]<\/p>\n<p><span style=\"line-height: 1.5em;\">J\u2019ai eu derni\u00e8rement la chance d&rsquo;assister \u00e0 un r\u00e9cital d&rsquo;orgue donn\u00e9 par Thilo Muster. Ce r\u00e9cital \u00e9tait enti\u00e8rement consacr\u00e9 \u00e0\u00a0John Bull.\u00a0En me rendant \u00e0 ce concert, j\u2019avoue avoir eu quelques craintes : \u00e9tait-il possible de construire un programme int\u00e9gralement consacr\u00e9 \u00e0 un compositeur aussi \u00e9loign\u00e9 de nous? D\u00e8s les premi\u00e8res notes, ces craintes se sont \u00e9vanouies. La clart\u00e9 du jeu de Thilo Muster servie par un instrument d\u2019une qualit\u00e9 exceptionelle, nous a rendu cette musique imm\u00e9diatement accessible. La suite du concert, par la vari\u00e9t\u00e9 du choix des \u0153uvres, par les recherches de registration, par la perfection d\u2019une interpr\u00e9tation toujours au service de la vie nous a confirm\u00e9 notre premi\u00e8re impression.<\/span><\/p>\n<p>Ce concert \u00e0 donc \u00e9t\u00e9 une v\u00e9ritable d\u00e9couverte : d\u2019abord la d\u00e9couverte d&rsquo;un compositeur de premier plan, alliant la science \u00e0 une imagination d\u00e9bordante, puis celle, en la personne de Thilo Muster d\u2019un interpr\u00e8te hors pair, d\u2019un musicien qui n&rsquo;h\u00e9site pas \u00e0 s\u2019aventurier hors des sentiers battus.<\/p>\n<p>[\/et_pb_testimonial][\/et_pb_column][\/et_pb_row][\/et_pb_section]<\/p>\n","protected":false},"excerpt":{"rendered":"<p>Ce que d\u2019autres disent\u2026 \u00ab Quelle vie dans ce jeu ! \u00bb \u2014L\u2019Orgue francophone \u00abThilo Muster\u2019s playing is exemplary and full of expression.\u00bb \u2014Matthew Power, CHOIR &amp; ORGAN \u00a0\u00abThe playing is careful, but passionate\u00bb \u2014Daniel Trocm\u00e9-Latter,\u00a0EARLY MUSIC &hellip;Virtuose en diable, &hellip;intense de rythme, &hellip;po&eacute;tique et allant de surprise en surprise, &hellip;impressionnante de souffle et de [&hellip;]<\/p>\n","protected":false},"author":1,"featured_media":0,"parent":0,"menu_order":0,"comment_status":"closed","ping_status":"closed","template":"","meta":{"_et_pb_use_builder":"on","_et_pb_old_content":"","_et_gb_content_width":"","_exactmetrics_skip_tracking":false,"_exactmetrics_sitenote_active":false,"_exactmetrics_sitenote_note":"","_exactmetrics_sitenote_category":0,"footnotes":""},"class_list":["post-88","page","type-page","status-publish","hentry"],"yoast_head":"<!-- This site is optimized with the Yoast SEO plugin v27.4 - https:\/\/yoast.com\/product\/yoast-seo-wordpress\/ -->\n<title>Ce que d\u2019autres disent\u2026 - Thilo Muster<\/title>\n<meta name=\"robots\" content=\"index, follow, max-snippet:-1, max-image-preview:large, max-video-preview:-1\" \/>\n<link rel=\"canonical\" href=\"https:\/\/thilomuster.info\/fr\/ce-que-dautres-disent\/\" \/>\n<meta property=\"og:locale\" content=\"fr_FR\" \/>\n<meta property=\"og:type\" content=\"article\" \/>\n<meta property=\"og:title\" content=\"Ce que d\u2019autres disent\u2026 - Thilo Muster\" \/>\n<meta property=\"og:description\" content=\"Ce que d\u2019autres disent\u2026 \u00ab Quelle vie dans ce jeu ! \u00bb \u2014L\u2019Orgue francophone \u00abThilo Muster\u2019s playing is exemplary and full of expression.\u00bb \u2014Matthew Power, CHOIR &amp; ORGAN \u00a0\u00abThe playing is careful, but passionate\u00bb \u2014Daniel Trocm\u00e9-Latter,\u00a0EARLY MUSIC &hellip;Virtuose en diable, &hellip;intense de rythme, &hellip;po&eacute;tique et allant de surprise en surprise, &hellip;impressionnante de souffle et de [&hellip;]\" \/>\n<meta property=\"og:url\" content=\"https:\/\/thilomuster.info\/fr\/ce-que-dautres-disent\/\" \/>\n<meta property=\"og:site_name\" content=\"Thilo Muster\" \/>\n<meta property=\"article:modified_time\" content=\"2016-10-29T22:10:14+00:00\" \/>\n<meta name=\"twitter:card\" content=\"summary_large_image\" \/>\n<meta name=\"twitter:label1\" content=\"Dur\u00e9e de lecture estim\u00e9e\" \/>\n\t<meta name=\"twitter:data1\" content=\"7 minutes\" \/>\n<script type=\"application\/ld+json\" class=\"yoast-schema-graph\">{\"@context\":\"https:\\\/\\\/schema.org\",\"@graph\":[{\"@type\":\"WebPage\",\"@id\":\"https:\\\/\\\/thilomuster.info\\\/fr\\\/ce-que-dautres-disent\\\/\",\"url\":\"https:\\\/\\\/thilomuster.info\\\/fr\\\/ce-que-dautres-disent\\\/\",\"name\":\"Ce que d\u2019autres disent\u2026 - Thilo Muster\",\"isPartOf\":{\"@id\":\"https:\\\/\\\/thilomuster.info\\\/#website\"},\"datePublished\":\"2013-06-28T08:12:53+00:00\",\"dateModified\":\"2016-10-29T22:10:14+00:00\",\"breadcrumb\":{\"@id\":\"https:\\\/\\\/thilomuster.info\\\/fr\\\/ce-que-dautres-disent\\\/#breadcrumb\"},\"inLanguage\":\"fr-FR\",\"potentialAction\":[{\"@type\":\"ReadAction\",\"target\":[\"https:\\\/\\\/thilomuster.info\\\/fr\\\/ce-que-dautres-disent\\\/\"]}]},{\"@type\":\"BreadcrumbList\",\"@id\":\"https:\\\/\\\/thilomuster.info\\\/fr\\\/ce-que-dautres-disent\\\/#breadcrumb\",\"itemListElement\":[{\"@type\":\"ListItem\",\"position\":1,\"name\":\"Startseite\",\"item\":\"https:\\\/\\\/thilomuster.info\\\/fr\\\/\"},{\"@type\":\"ListItem\",\"position\":2,\"name\":\"Ce que d\u2019autres disent\u2026\"}]},{\"@type\":\"WebSite\",\"@id\":\"https:\\\/\\\/thilomuster.info\\\/#website\",\"url\":\"https:\\\/\\\/thilomuster.info\\\/\",\"name\":\"Thilo Muster\",\"description\":\"organist\",\"publisher\":{\"@id\":\"https:\\\/\\\/thilomuster.info\\\/#\\\/schema\\\/person\\\/7ea3a1277f49d680734b680f0669947c\"},\"potentialAction\":[{\"@type\":\"SearchAction\",\"target\":{\"@type\":\"EntryPoint\",\"urlTemplate\":\"https:\\\/\\\/thilomuster.info\\\/?s={search_term_string}\"},\"query-input\":{\"@type\":\"PropertyValueSpecification\",\"valueRequired\":true,\"valueName\":\"search_term_string\"}}],\"inLanguage\":\"fr-FR\"},{\"@type\":[\"Person\",\"Organization\"],\"@id\":\"https:\\\/\\\/thilomuster.info\\\/#\\\/schema\\\/person\\\/7ea3a1277f49d680734b680f0669947c\",\"name\":\"thilo\",\"image\":{\"@type\":\"ImageObject\",\"inLanguage\":\"fr-FR\",\"@id\":\"https:\\\/\\\/thilomuster.info\\\/wp-content\\\/uploads\\\/2019\\\/02\\\/Thilo-Muster-Organist-Logo.jpg\",\"url\":\"https:\\\/\\\/thilomuster.info\\\/wp-content\\\/uploads\\\/2019\\\/02\\\/Thilo-Muster-Organist-Logo.jpg\",\"contentUrl\":\"https:\\\/\\\/thilomuster.info\\\/wp-content\\\/uploads\\\/2019\\\/02\\\/Thilo-Muster-Organist-Logo.jpg\",\"width\":300,\"height\":113,\"caption\":\"thilo\"},\"logo\":{\"@id\":\"https:\\\/\\\/thilomuster.info\\\/wp-content\\\/uploads\\\/2019\\\/02\\\/Thilo-Muster-Organist-Logo.jpg\"},\"sameAs\":[\"https:\\\/\\\/thilomuster.info\"]}]}<\/script>\n<!-- \/ Yoast SEO plugin. -->","yoast_head_json":{"title":"Ce que d\u2019autres disent\u2026 - Thilo Muster","robots":{"index":"index","follow":"follow","max-snippet":"max-snippet:-1","max-image-preview":"max-image-preview:large","max-video-preview":"max-video-preview:-1"},"canonical":"https:\/\/thilomuster.info\/fr\/ce-que-dautres-disent\/","og_locale":"fr_FR","og_type":"article","og_title":"Ce que d\u2019autres disent\u2026 - Thilo Muster","og_description":"Ce que d\u2019autres disent\u2026 \u00ab Quelle vie dans ce jeu ! \u00bb \u2014L\u2019Orgue francophone \u00abThilo Muster\u2019s playing is exemplary and full of expression.\u00bb \u2014Matthew Power, CHOIR &amp; ORGAN \u00a0\u00abThe playing is careful, but passionate\u00bb \u2014Daniel Trocm\u00e9-Latter,\u00a0EARLY MUSIC &hellip;Virtuose en diable, &hellip;intense de rythme, &hellip;po&eacute;tique et allant de surprise en surprise, &hellip;impressionnante de souffle et de [&hellip;]","og_url":"https:\/\/thilomuster.info\/fr\/ce-que-dautres-disent\/","og_site_name":"Thilo Muster","article_modified_time":"2016-10-29T22:10:14+00:00","twitter_card":"summary_large_image","twitter_misc":{"Dur\u00e9e de lecture estim\u00e9e":"7 minutes"},"schema":{"@context":"https:\/\/schema.org","@graph":[{"@type":"WebPage","@id":"https:\/\/thilomuster.info\/fr\/ce-que-dautres-disent\/","url":"https:\/\/thilomuster.info\/fr\/ce-que-dautres-disent\/","name":"Ce que d\u2019autres disent\u2026 - Thilo Muster","isPartOf":{"@id":"https:\/\/thilomuster.info\/#website"},"datePublished":"2013-06-28T08:12:53+00:00","dateModified":"2016-10-29T22:10:14+00:00","breadcrumb":{"@id":"https:\/\/thilomuster.info\/fr\/ce-que-dautres-disent\/#breadcrumb"},"inLanguage":"fr-FR","potentialAction":[{"@type":"ReadAction","target":["https:\/\/thilomuster.info\/fr\/ce-que-dautres-disent\/"]}]},{"@type":"BreadcrumbList","@id":"https:\/\/thilomuster.info\/fr\/ce-que-dautres-disent\/#breadcrumb","itemListElement":[{"@type":"ListItem","position":1,"name":"Startseite","item":"https:\/\/thilomuster.info\/fr\/"},{"@type":"ListItem","position":2,"name":"Ce que d\u2019autres disent\u2026"}]},{"@type":"WebSite","@id":"https:\/\/thilomuster.info\/#website","url":"https:\/\/thilomuster.info\/","name":"Thilo Muster","description":"organist","publisher":{"@id":"https:\/\/thilomuster.info\/#\/schema\/person\/7ea3a1277f49d680734b680f0669947c"},"potentialAction":[{"@type":"SearchAction","target":{"@type":"EntryPoint","urlTemplate":"https:\/\/thilomuster.info\/?s={search_term_string}"},"query-input":{"@type":"PropertyValueSpecification","valueRequired":true,"valueName":"search_term_string"}}],"inLanguage":"fr-FR"},{"@type":["Person","Organization"],"@id":"https:\/\/thilomuster.info\/#\/schema\/person\/7ea3a1277f49d680734b680f0669947c","name":"thilo","image":{"@type":"ImageObject","inLanguage":"fr-FR","@id":"https:\/\/thilomuster.info\/wp-content\/uploads\/2019\/02\/Thilo-Muster-Organist-Logo.jpg","url":"https:\/\/thilomuster.info\/wp-content\/uploads\/2019\/02\/Thilo-Muster-Organist-Logo.jpg","contentUrl":"https:\/\/thilomuster.info\/wp-content\/uploads\/2019\/02\/Thilo-Muster-Organist-Logo.jpg","width":300,"height":113,"caption":"thilo"},"logo":{"@id":"https:\/\/thilomuster.info\/wp-content\/uploads\/2019\/02\/Thilo-Muster-Organist-Logo.jpg"},"sameAs":["https:\/\/thilomuster.info"]}]}},"_links":{"self":[{"href":"https:\/\/thilomuster.info\/fr\/wp-json\/wp\/v2\/pages\/88","targetHints":{"allow":["GET"]}}],"collection":[{"href":"https:\/\/thilomuster.info\/fr\/wp-json\/wp\/v2\/pages"}],"about":[{"href":"https:\/\/thilomuster.info\/fr\/wp-json\/wp\/v2\/types\/page"}],"author":[{"embeddable":true,"href":"https:\/\/thilomuster.info\/fr\/wp-json\/wp\/v2\/users\/1"}],"replies":[{"embeddable":true,"href":"https:\/\/thilomuster.info\/fr\/wp-json\/wp\/v2\/comments?post=88"}],"version-history":[{"count":0,"href":"https:\/\/thilomuster.info\/fr\/wp-json\/wp\/v2\/pages\/88\/revisions"}],"wp:attachment":[{"href":"https:\/\/thilomuster.info\/fr\/wp-json\/wp\/v2\/media?parent=88"}],"curies":[{"name":"wp","href":"https:\/\/api.w.org\/{rel}","templated":true}]}}